{"id":5656,"date":"2024-07-14T22:35:50","date_gmt":"2024-07-14T19:35:50","guid":{"rendered":"https:\/\/ecoshop.ee\/?post_type=product&#038;p=5656"},"modified":"2025-12-25T19:35:22","modified_gmt":"2025-12-25T16:35:22","slug":"siisti-leopardikuvioinen-korkkilompakko","status":"publish","type":"product","link":"https:\/\/ecoshop.ee\/fi\/rahakotid\/laheda-leopardi-mustriga-korgist-rahakott\/","title":{"rendered":"Hieno leopardikuvioinen korkkilompakko"},"content":{"rendered":"<p>T\u00e4m\u00e4 siisti leopardikuvioinen korkkilompakko voi olla uusi suosikkisi! Kuljeta kolikoitasi, k\u00e4teist\u00e4si ja korttejasi mukavasti. Pid\u00e4 tavarasi j\u00e4rjestyksess\u00e4 ja tyylikk\u00e4\u00e4sti t\u00e4m\u00e4n lompakon avulla. Valmistettu korkkimateriaalista, joka on ymp\u00e4rist\u00f6yst\u00e4v\u00e4llist\u00e4, vegaanista, eritt\u00e4in pehme\u00e4\u00e4, joustavaa ja kest\u00e4v\u00e4\u00e4!<\/p>\n<p>&nbsp;<\/p>\n<p><strong>Vahvistus:<\/strong><\/p>\n<ul>\n<li>Kuorma-auto<\/li>\n<\/ul>\n<p><strong>Koot:<\/strong><\/p>\n<ul>\n<li>Pituus: 16 cm<\/li>\n<li>Leveys: 9,5 cm<\/li>\n<li>Paksuus: 2,5 cm<\/li>\n<\/ul>","protected":false},"excerpt":{"rendered":"<p>Laheda leopardi mustriga korgist rahakott v\u00f5ib olla teie uus lemmik! Kanna mugavalt kaasas m\u00fcnte, sularaha ja kaarte. Selle rahakotiga hoiad oma asjad&hellip;<\/p>","protected":false},"featured_media":5657,"comment_status":"open","ping_status":"closed","template":"","meta":{"wprm-recipe-roundup-name":"","wprm-recipe-roundup-description":""},"product_brand":[],"product_cat":[241],"product_tag":[219],"class_list":{"0":"post-5656","1":"product","2":"type-product","3":"status-publish","4":"has-post-thumbnail","6":"product_cat-rahakotid","7":"product_tag-rahakott","9":"first","10":"instock","11":"taxable","12":"shipping-taxable","13":"purchasable","14":"product-type-simple"},"supplier_id":9159,"supplier_sku":"","barcode":null,"atum_controlled":true,"out_stock_date":null,"out_stock_threshold":null,"inheritable":false,"inbound_stock":0,"stock_on_hold":0,"sold_today":0,"sales_last_days":0,"reserved_stock":0,"customer_returns":0,"warehouse_damage":0,"lost_in_post":0,"other_logs":0,"out_stock_days":0,"lost_sales":0,"has_location":false,"update_date":"2026-03-07T01:16:04","atum_locations":[],"atum_stock_status":"instock","restock_status":false,"low_stock_amount":"","sales_update_date":"2026-03-07T01:16:04","calc_backorders":null,"aioseo_notices":[],"_links":{"self":[{"href":"https:\/\/ecoshop.ee\/fi\/wp-json\/wp\/v2\/product\/5656","targetHints":{"allow":["GET"]}}],"collection":[{"href":"https:\/\/ecoshop.ee\/fi\/wp-json\/wp\/v2\/product"}],"about":[{"href":"https:\/\/ecoshop.ee\/fi\/wp-json\/wp\/v2\/types\/product"}],"replies":[{"embeddable":true,"href":"https:\/\/ecoshop.ee\/fi\/wp-json\/wp\/v2\/comments?post=5656"}],"version-history":[{"count":0,"href":"https:\/\/ecoshop.ee\/fi\/wp-json\/wp\/v2\/product\/5656\/revisions"}],"wp:featuredmedia":[{"embeddable":true,"href":"https:\/\/ecoshop.ee\/fi\/wp-json\/wp\/v2\/media\/5657"}],"wp:attachment":[{"href":"https:\/\/ecoshop.ee\/fi\/wp-json\/wp\/v2\/media?parent=5656"}],"wp:term":[{"taxonomy":"product_brand","embeddable":true,"href":"https:\/\/ecoshop.ee\/fi\/wp-json\/wp\/v2\/product_brand?post=5656"},{"taxonomy":"product_cat","embeddable":true,"href":"https:\/\/ecoshop.ee\/fi\/wp-json\/wp\/v2\/product_cat?post=5656"},{"taxonomy":"product_tag","embeddable":true,"href":"https:\/\/ecoshop.ee\/fi\/wp-json\/wp\/v2\/product_tag?post=5656"}],"curies":[{"name":"wp","href":"https:\/\/api.w.org\/{rel}","templated":true}]}}