{"id":5681,"date":"2024-07-15T23:33:12","date_gmt":"2024-07-15T20:33:12","guid":{"rendered":"https:\/\/ecoshop.ee\/?post_type=product&#038;p=5681"},"modified":"2024-11-09T01:29:16","modified_gmt":"2024-11-08T22:29:16","slug":"bambujoogablokki","status":"publish","type":"product","link":"https:\/\/ecoshop.ee\/fi\/tarvikud\/bambusest-jooga-blokk\/","title":{"rendered":"Bambujoogablokki"},"content":{"rendered":"<p>Tee zen-hetkist\u00e4si ymp\u00e4rist\u00f6yst\u00e4v\u00e4llisi\u00e4 ja orgaanisia. T\u00e4m\u00e4 bambuinen joogapala on suunniteltu kest\u00e4m\u00e4\u00e4n elini\u00e4n, ja se tarjoaa mukavuutta ja minimalistista estetiikkaa t\u00e4ydellisen rentoutumisen saavuttamiseksi. Suorita treenisi haastavimmatkin asennot samalla kun tunnet t\u00e4m\u00e4n luonnonpalan puun tekstuurin. Valmistettu korkealaatuisesta bambusta, joka on orgaanista ja kest\u00e4v\u00e4\u00e4!<\/p>\n<p>&nbsp;<\/p>\n<p><strong>Koot:<\/strong><\/p>\n<ul>\n<li>Korkeus: 7,5 cm<\/li>\n<li>Pituus: 23 cm<\/li>\n<li>Leveys: 15 cm<\/li>\n<li>Paino: 700 g<\/li>\n<\/ul>","protected":false},"excerpt":{"rendered":"<p>Muuda oma zen-hetked keskkonnas\u00f5bralikuks ja orgaaniliseks. See bambusest joogaplokk on loodud kestma terve elu, pakkudes mugavust ja minimalistlikku esteetikat, et aidata sul&hellip;<\/p>","protected":false},"featured_media":5683,"comment_status":"open","ping_status":"closed","template":"","meta":{"wprm-recipe-roundup-name":"","wprm-recipe-roundup-description":""},"product_brand":[],"product_cat":[245],"product_tag":[],"class_list":{"0":"post-5681","1":"product","2":"type-product","3":"status-publish","4":"has-post-thumbnail","6":"product_cat-tarvikud","8":"first","9":"instock","10":"taxable","11":"shipping-taxable","12":"purchasable","13":"product-type-simple"},"supplier_id":9159,"supplier_sku":"","barcode":null,"atum_controlled":true,"out_stock_date":null,"out_stock_threshold":null,"inheritable":false,"inbound_stock":0,"stock_on_hold":0,"sold_today":0,"sales_last_days":0,"reserved_stock":0,"customer_returns":0,"warehouse_damage":0,"lost_in_post":0,"other_logs":0,"out_stock_days":0,"lost_sales":0,"has_location":false,"update_date":"2026-03-07T01:16:04","atum_locations":[],"atum_stock_status":"instock","restock_status":false,"low_stock_amount":"","sales_update_date":"2026-03-07T01:16:04","calc_backorders":null,"aioseo_notices":[],"_links":{"self":[{"href":"https:\/\/ecoshop.ee\/fi\/wp-json\/wp\/v2\/product\/5681","targetHints":{"allow":["GET"]}}],"collection":[{"href":"https:\/\/ecoshop.ee\/fi\/wp-json\/wp\/v2\/product"}],"about":[{"href":"https:\/\/ecoshop.ee\/fi\/wp-json\/wp\/v2\/types\/product"}],"replies":[{"embeddable":true,"href":"https:\/\/ecoshop.ee\/fi\/wp-json\/wp\/v2\/comments?post=5681"}],"version-history":[{"count":0,"href":"https:\/\/ecoshop.ee\/fi\/wp-json\/wp\/v2\/product\/5681\/revisions"}],"wp:featuredmedia":[{"embeddable":true,"href":"https:\/\/ecoshop.ee\/fi\/wp-json\/wp\/v2\/media\/5683"}],"wp:attachment":[{"href":"https:\/\/ecoshop.ee\/fi\/wp-json\/wp\/v2\/media?parent=5681"}],"wp:term":[{"taxonomy":"product_brand","embeddable":true,"href":"https:\/\/ecoshop.ee\/fi\/wp-json\/wp\/v2\/product_brand?post=5681"},{"taxonomy":"product_cat","embeddable":true,"href":"https:\/\/ecoshop.ee\/fi\/wp-json\/wp\/v2\/product_cat?post=5681"},{"taxonomy":"product_tag","embeddable":true,"href":"https:\/\/ecoshop.ee\/fi\/wp-json\/wp\/v2\/product_tag?post=5681"}],"curies":[{"name":"wp","href":"https:\/\/api.w.org\/{rel}","templated":true}]}}