{"id":5713,"date":"2024-07-16T14:01:55","date_gmt":"2024-07-16T11:01:55","guid":{"rendered":"https:\/\/ecoshop.ee\/?post_type=product&#038;p=5713"},"modified":"2025-12-25T19:43:04","modified_gmt":"2025-12-25T16:43:04","slug":"3-osainen-korkkilevysetti","status":"publish","type":"product","link":"https:\/\/ecoshop.ee\/fi\/tarvikud\/3-osaline-korgist-kuumaaluste-komplekt\/","title":{"rendered":"3-osainen korkkilevysetti"},"content":{"rendered":"<p>Esittelyss\u00e4 innovatiivinen kolmiosainen modulaarinen korkkialustasetti, t\u00e4ydellinen lis\u00e4 mihin tahansa moderniin keitti\u00f6\u00f6n. T\u00e4m\u00e4 monipuolinen setti sis\u00e4lt\u00e4\u00e4 kolme korkkialustaa, joilla on ainutlaatuinen, toisiinsa kytkeytyv\u00e4 muotoilu, jonka ansiosta niit\u00e4 voidaan k\u00e4ytt\u00e4\u00e4 erikseen tai yhdess\u00e4 erikokoisten ja -muotoisten kattiloiden kanssa.<\/p>\n<p>Valmistettu korkealaatuisesta ja kest\u00e4v\u00e4st\u00e4 korkista. N\u00e4m\u00e4 lasinaluset tarjoavat luonnollista eristyst\u00e4 ja suojaavat pintojasi l\u00e4mp\u00f6vaurioilta. Irrotettavat osat on helppo s\u00e4ilytt\u00e4\u00e4 ja niiden geometrinen muotoilu antaa modernin ilmeen, joka sopii mihin tahansa sisustukseen. Tarjoiletpa sitten yksitt\u00e4ist\u00e4 ruokalajia tai j\u00e4rjest\u00e4t juhla-aterian, t\u00e4m\u00e4 korkkinen p\u00f6yt\u00e4liinasetti lis\u00e4\u00e4 k\u00e4yt\u00e4nn\u00f6llisyytt\u00e4 ja kekseli\u00e4isyytt\u00e4 p\u00f6yt\u00e4\u00e4si.<\/p>\n<p>&nbsp;<\/p>\n<p><strong>Koot:<\/strong> (ulompi neli\u00f6)<\/p>\n<ul>\n<li>Pituus: 20 cm<\/li>\n<li>Leveys: 20 cm<\/li>\n<li>Korkeus: 2 cm<\/li>\n<\/ul>","protected":false},"excerpt":{"rendered":"<p>Tutvustame meie innovaatilist 3-osalist ja modulaarset korgist kuumaaluste komplekti, mis on ideaalne t\u00e4iendus igasse kaasaegsesse k\u00f6\u00f6ki. See mitmek\u00fclgne komplekt sisaldab kolme korgist&hellip;<\/p>","protected":false},"featured_media":5714,"comment_status":"open","ping_status":"closed","template":"","meta":{"wprm-recipe-roundup-name":"","wprm-recipe-roundup-description":""},"product_brand":[],"product_cat":[245],"product_tag":[],"class_list":{"0":"post-5713","1":"product","2":"type-product","3":"status-publish","4":"has-post-thumbnail","6":"product_cat-tarvikud","8":"first","9":"instock","10":"taxable","11":"shipping-taxable","12":"purchasable","13":"product-type-simple"},"supplier_id":9159,"supplier_sku":"","barcode":null,"atum_controlled":true,"out_stock_date":null,"out_stock_threshold":null,"inheritable":false,"inbound_stock":0,"stock_on_hold":0,"sold_today":0,"sales_last_days":0,"reserved_stock":0,"customer_returns":0,"warehouse_damage":0,"lost_in_post":0,"other_logs":0,"out_stock_days":0,"lost_sales":0,"has_location":false,"update_date":"2026-03-07T01:16:09","atum_locations":[],"atum_stock_status":"instock","restock_status":false,"low_stock_amount":"","sales_update_date":"2026-03-07T01:16:09","calc_backorders":null,"aioseo_notices":[],"_links":{"self":[{"href":"https:\/\/ecoshop.ee\/fi\/wp-json\/wp\/v2\/product\/5713","targetHints":{"allow":["GET"]}}],"collection":[{"href":"https:\/\/ecoshop.ee\/fi\/wp-json\/wp\/v2\/product"}],"about":[{"href":"https:\/\/ecoshop.ee\/fi\/wp-json\/wp\/v2\/types\/product"}],"replies":[{"embeddable":true,"href":"https:\/\/ecoshop.ee\/fi\/wp-json\/wp\/v2\/comments?post=5713"}],"version-history":[{"count":0,"href":"https:\/\/ecoshop.ee\/fi\/wp-json\/wp\/v2\/product\/5713\/revisions"}],"wp:featuredmedia":[{"embeddable":true,"href":"https:\/\/ecoshop.ee\/fi\/wp-json\/wp\/v2\/media\/5714"}],"wp:attachment":[{"href":"https:\/\/ecoshop.ee\/fi\/wp-json\/wp\/v2\/media?parent=5713"}],"wp:term":[{"taxonomy":"product_brand","embeddable":true,"href":"https:\/\/ecoshop.ee\/fi\/wp-json\/wp\/v2\/product_brand?post=5713"},{"taxonomy":"product_cat","embeddable":true,"href":"https:\/\/ecoshop.ee\/fi\/wp-json\/wp\/v2\/product_cat?post=5713"},{"taxonomy":"product_tag","embeddable":true,"href":"https:\/\/ecoshop.ee\/fi\/wp-json\/wp\/v2\/product_tag?post=5713"}],"curies":[{"name":"wp","href":"https:\/\/api.w.org\/{rel}","templated":true}]}}