{"id":5732,"date":"2024-07-16T15:03:44","date_gmt":"2024-07-16T12:03:44","guid":{"rendered":"https:\/\/ecoshop.ee\/?post_type=product&#038;p=5732"},"modified":"2025-12-25T19:36:48","modified_gmt":"2025-12-25T16:36:48","slug":"klassinen-miesten-reiiton-korkkivyo","status":"publish","type":"product","link":"https:\/\/ecoshop.ee\/fi\/rihmad\/klassikaline-meeste-auguvaba-korgist-puksirihm\/","title":{"rendered":"Klassinen miesten rei&#039;it\u00f6n korkkivy\u00f6"},"content":{"rendered":"<p>Klassinen rei&#039;it\u00f6n korkkivy\u00f6 \u2013 ajattoman eleganssin ja innovatiivisen toiminnallisuuden yhdistelm\u00e4. Vy\u00f6ss\u00e4 ei ole reiki\u00e4 ja siin\u00e4 on takana \u00e4lyk\u00e4s s\u00e4\u00e4t\u00f6mekanismi, joka mahdollistaa tarkan pituuden s\u00e4\u00e4d\u00f6n 23 cm:n s\u00e4teell\u00e4.<\/p>\n<p>Pituuden s\u00e4\u00e4t\u00f6 on helppoa: avaa tyylik\u00e4s musta solki, s\u00e4\u00e4d\u00e4 hihnaa ja kirist\u00e4 se uudelleen napsautuksella. T\u00e4m\u00e4 muotoilu takaa mukavuuden ja mukautuu vy\u00f6t\u00e4r\u00f6n ymp\u00e4rysmitan muutoksiin. Kaksipuolinen ylellinen musta korkki s\u00e4ilytt\u00e4\u00e4 kauneutensa ajan my\u00f6t\u00e4. Valitse korkkiset housuvy\u00f6mme, jos arvostat kest\u00e4v\u00e4\u00e4 ja tyylik\u00e4st\u00e4 k\u00e4sity\u00f6taitoa!<\/p>\n<p>&nbsp;<\/p>\n<p><strong>Koot:<\/strong><\/p>\n<ul>\n<li>Pituus: 120 cm<\/li>\n<li>Leveys: 3,5 cm<\/li>\n<\/ul>","protected":false},"excerpt":{"rendered":"<p>Klassikaline auguvaba korgist p\u00fcksirihm \u2013 ajatu elegantsi ja uuendusliku funktsionaalsuse kooslus. V\u00f6\u00f6l puuduvad augud ja selle tagak\u00fcljel on nutikas reguleerimismehhanism, mis v\u00f5imaldab&hellip;<\/p>","protected":false},"featured_media":5733,"comment_status":"open","ping_status":"closed","template":"","meta":{"wprm-recipe-roundup-name":"","wprm-recipe-roundup-description":""},"product_brand":[],"product_cat":[244],"product_tag":[],"class_list":{"0":"post-5732","1":"product","2":"type-product","3":"status-publish","4":"has-post-thumbnail","6":"product_cat-rihmad","8":"first","9":"instock","10":"taxable","11":"shipping-taxable","12":"purchasable","13":"product-type-simple"},"supplier_id":9159,"supplier_sku":"","barcode":null,"atum_controlled":true,"out_stock_date":null,"out_stock_threshold":null,"inheritable":false,"inbound_stock":0,"stock_on_hold":0,"sold_today":0,"sales_last_days":0,"reserved_stock":0,"customer_returns":0,"warehouse_damage":0,"lost_in_post":0,"other_logs":0,"out_stock_days":0,"lost_sales":0,"has_location":false,"update_date":"2026-03-07T01:16:09","atum_locations":[],"atum_stock_status":"instock","restock_status":false,"low_stock_amount":"","sales_update_date":"2026-03-07T01:16:09","calc_backorders":null,"aioseo_notices":[],"_links":{"self":[{"href":"https:\/\/ecoshop.ee\/fi\/wp-json\/wp\/v2\/product\/5732","targetHints":{"allow":["GET"]}}],"collection":[{"href":"https:\/\/ecoshop.ee\/fi\/wp-json\/wp\/v2\/product"}],"about":[{"href":"https:\/\/ecoshop.ee\/fi\/wp-json\/wp\/v2\/types\/product"}],"replies":[{"embeddable":true,"href":"https:\/\/ecoshop.ee\/fi\/wp-json\/wp\/v2\/comments?post=5732"}],"version-history":[{"count":0,"href":"https:\/\/ecoshop.ee\/fi\/wp-json\/wp\/v2\/product\/5732\/revisions"}],"wp:featuredmedia":[{"embeddable":true,"href":"https:\/\/ecoshop.ee\/fi\/wp-json\/wp\/v2\/media\/5733"}],"wp:attachment":[{"href":"https:\/\/ecoshop.ee\/fi\/wp-json\/wp\/v2\/media?parent=5732"}],"wp:term":[{"taxonomy":"product_brand","embeddable":true,"href":"https:\/\/ecoshop.ee\/fi\/wp-json\/wp\/v2\/product_brand?post=5732"},{"taxonomy":"product_cat","embeddable":true,"href":"https:\/\/ecoshop.ee\/fi\/wp-json\/wp\/v2\/product_cat?post=5732"},{"taxonomy":"product_tag","embeddable":true,"href":"https:\/\/ecoshop.ee\/fi\/wp-json\/wp\/v2\/product_tag?post=5732"}],"curies":[{"name":"wp","href":"https:\/\/api.w.org\/{rel}","templated":true}]}}