{"id":5754,"date":"2024-07-16T19:01:03","date_gmt":"2024-07-16T16:01:03","guid":{"rendered":"https:\/\/ecoshop.ee\/?post_type=product&#038;p=5754"},"modified":"2025-12-25T19:35:24","modified_gmt":"2025-12-25T16:35:24","slug":"ohut-korkkikorttitasku","status":"publish","type":"product","link":"https:\/\/ecoshop.ee\/fi\/rahakotid\/ohuke-korgist-kaarditasku\/","title":{"rendered":"Ohut korkkikorttikotelo"},"content":{"rendered":"<p>Ohut korkkikorttiteline, valmistettu luonnollisesta, kest\u00e4v\u00e4st\u00e4 ja kest\u00e4v\u00e4st\u00e4 korkkimateriaalista. Saatavilla mustana, ruskeana ja luonnonv\u00e4risen\u00e4. Tilaa jopa viidelle kortille ja siin\u00e4 on l\u00e4pin\u00e4kyv\u00e4 henkil\u00f6korttipaikka ja pieni rahatasku. Korttiteline on kompakti ja ohut, joten sit\u00e4 on helppo kantaa mukana.<\/p>\n<p>Korttitaskuissa on RFID-suojaus henkil\u00f6tietojesi suojaamiseksi. Ihanteellinen valinta tyyli\u00e4 ja toimivuutta arvostaville.<\/p>\n<p>&nbsp;<\/p>\n<p><strong>Koot:<\/strong><\/p>\n<ul>\n<li>Pituus: 11 cm<\/li>\n<li>Leveys: 7 cm<\/li>\n<li>Paksuus: 0,5 cm<\/li>\n<\/ul>","protected":false},"excerpt":{"rendered":"<p>\u00d5huke korgist kaarditasku, valmistatud looduslikust, j\u00e4tkusuutlikust ja vastupidavast korgimaterjalist. Saadaval musta, pruuni ja naturaalse v\u00e4rvitooniga. Mahutab kuni 5 kaarti ja sisaldab l\u00e4bipaistvat&hellip;<\/p>","protected":false},"featured_media":5765,"comment_status":"open","ping_status":"closed","template":"","meta":{"wprm-recipe-roundup-name":"","wprm-recipe-roundup-description":""},"product_brand":[],"product_cat":[241],"product_tag":[258],"class_list":{"0":"post-5754","1":"product","2":"type-product","3":"status-publish","4":"has-post-thumbnail","6":"product_cat-rahakotid","7":"product_tag-kaarditasku","9":"first","10":"instock","11":"taxable","12":"shipping-taxable","13":"purchasable","14":"product-type-variable"},"supplier_id":null,"supplier_sku":"","barcode":null,"atum_controlled":true,"out_stock_date":null,"out_stock_threshold":null,"inheritable":false,"inbound_stock":0,"stock_on_hold":0,"sold_today":0,"sales_last_days":0,"reserved_stock":0,"customer_returns":0,"warehouse_damage":0,"lost_in_post":0,"other_logs":0,"out_stock_days":0,"lost_sales":0,"has_location":false,"update_date":"2026-03-07T01:16:09","atum_locations":[],"atum_stock_status":"instock","restock_status":false,"low_stock_amount":"","sales_update_date":"2026-03-07T01:16:09","calc_backorders":null,"aioseo_notices":[],"_links":{"self":[{"href":"https:\/\/ecoshop.ee\/fi\/wp-json\/wp\/v2\/product\/5754","targetHints":{"allow":["GET"]}}],"collection":[{"href":"https:\/\/ecoshop.ee\/fi\/wp-json\/wp\/v2\/product"}],"about":[{"href":"https:\/\/ecoshop.ee\/fi\/wp-json\/wp\/v2\/types\/product"}],"replies":[{"embeddable":true,"href":"https:\/\/ecoshop.ee\/fi\/wp-json\/wp\/v2\/comments?post=5754"}],"version-history":[{"count":0,"href":"https:\/\/ecoshop.ee\/fi\/wp-json\/wp\/v2\/product\/5754\/revisions"}],"wp:featuredmedia":[{"embeddable":true,"href":"https:\/\/ecoshop.ee\/fi\/wp-json\/wp\/v2\/media\/5765"}],"wp:attachment":[{"href":"https:\/\/ecoshop.ee\/fi\/wp-json\/wp\/v2\/media?parent=5754"}],"wp:term":[{"taxonomy":"product_brand","embeddable":true,"href":"https:\/\/ecoshop.ee\/fi\/wp-json\/wp\/v2\/product_brand?post=5754"},{"taxonomy":"product_cat","embeddable":true,"href":"https:\/\/ecoshop.ee\/fi\/wp-json\/wp\/v2\/product_cat?post=5754"},{"taxonomy":"product_tag","embeddable":true,"href":"https:\/\/ecoshop.ee\/fi\/wp-json\/wp\/v2\/product_tag?post=5754"}],"curies":[{"name":"wp","href":"https:\/\/api.w.org\/{rel}","templated":true}]}}