{"id":5984,"date":"2024-07-18T13:43:55","date_gmt":"2024-07-18T10:43:55","guid":{"rendered":"https:\/\/ecoshop.ee\/?post_type=product&#038;p=5984"},"modified":"2024-11-09T01:31:31","modified_gmt":"2024-11-08T22:31:31","slug":"tyylikas-luonnonkorkkikello-lahjapakkauksessa","status":"publish","type":"product","link":"https:\/\/ecoshop.ee\/fi\/kaekellad-ja-ehted\/naturaalsest-korgist-stiilne-kaekell-kinkekarbis\/","title":{"rendered":"Tyylik\u00e4s luonnonkorkista valmistettu kello lahjapakkauksessa"},"content":{"rendered":"<p>T\u00e4m\u00e4 tyylik\u00e4s kello on t\u00e4ydellinen lahja itsellesi tai l\u00e4heisillesi. Kellossa on kaksi vaihdettavaa ranneketta \u2013 toinen luonnonkorkista ja toinen viininpunainen. Luonnonkorkki tarjoaa keveytt\u00e4 ja mukavuutta, ja korkin ainutlaatuinen kuvio ja v\u00e4ri lis\u00e4\u00e4v\u00e4t tyyli\u00e4. Kellon ajaton ja universaali muotoilu sopii t\u00e4ydellisesti niin arkeen kuin juhlavampiinkin tilaisuuksiin. T\u00e4m\u00e4 monipuolinen ja ymp\u00e4rist\u00f6yst\u00e4v\u00e4llinen asuste on loistava valinta sek\u00e4 miehille ett\u00e4 naisille.<\/p>\n<p>&nbsp;<\/p>\n<p><strong>Koot:<\/strong><\/p>\n<ul>\n<li>Pituus: 23 cm<\/li>\n<li>Kellotaulun leveys: 4 cm<\/li>\n<li>Rannekkeen leveys: 1,8 cm<\/li>\n<\/ul>","protected":false},"excerpt":{"rendered":"<p>See stiilne k\u00e4ekell on t\u00e4iuslik kingitus nii iseendale kui l\u00e4hedastele. Kellaga on kaasas kaks vahetatavat rihma \u2013 \u00fcks naturaalse v\u00e4rvusega korgist ja&hellip;<\/p>","protected":false},"featured_media":5985,"comment_status":"open","ping_status":"closed","template":"","meta":{"wprm-recipe-roundup-name":"","wprm-recipe-roundup-description":""},"product_brand":[],"product_cat":[243],"product_tag":[222],"class_list":{"0":"post-5984","1":"product","2":"type-product","3":"status-publish","4":"has-post-thumbnail","6":"product_cat-kaekellad-ja-ehted","7":"product_tag-kell","9":"first","10":"instock","11":"taxable","12":"shipping-taxable","13":"purchasable","14":"product-type-simple"},"supplier_id":9159,"supplier_sku":"","barcode":null,"atum_controlled":true,"out_stock_date":null,"out_stock_threshold":null,"inheritable":false,"inbound_stock":0,"stock_on_hold":0,"sold_today":0,"sales_last_days":0,"reserved_stock":0,"customer_returns":0,"warehouse_damage":0,"lost_in_post":0,"other_logs":0,"out_stock_days":0,"lost_sales":0,"has_location":false,"update_date":"2026-03-07T01:16:01","atum_locations":[],"atum_stock_status":"instock","restock_status":false,"low_stock_amount":"","sales_update_date":"2026-03-07T01:16:01","calc_backorders":null,"aioseo_notices":[],"_links":{"self":[{"href":"https:\/\/ecoshop.ee\/fi\/wp-json\/wp\/v2\/product\/5984","targetHints":{"allow":["GET"]}}],"collection":[{"href":"https:\/\/ecoshop.ee\/fi\/wp-json\/wp\/v2\/product"}],"about":[{"href":"https:\/\/ecoshop.ee\/fi\/wp-json\/wp\/v2\/types\/product"}],"replies":[{"embeddable":true,"href":"https:\/\/ecoshop.ee\/fi\/wp-json\/wp\/v2\/comments?post=5984"}],"version-history":[{"count":0,"href":"https:\/\/ecoshop.ee\/fi\/wp-json\/wp\/v2\/product\/5984\/revisions"}],"wp:featuredmedia":[{"embeddable":true,"href":"https:\/\/ecoshop.ee\/fi\/wp-json\/wp\/v2\/media\/5985"}],"wp:attachment":[{"href":"https:\/\/ecoshop.ee\/fi\/wp-json\/wp\/v2\/media?parent=5984"}],"wp:term":[{"taxonomy":"product_brand","embeddable":true,"href":"https:\/\/ecoshop.ee\/fi\/wp-json\/wp\/v2\/product_brand?post=5984"},{"taxonomy":"product_cat","embeddable":true,"href":"https:\/\/ecoshop.ee\/fi\/wp-json\/wp\/v2\/product_cat?post=5984"},{"taxonomy":"product_tag","embeddable":true,"href":"https:\/\/ecoshop.ee\/fi\/wp-json\/wp\/v2\/product_tag?post=5984"}],"curies":[{"name":"wp","href":"https:\/\/api.w.org\/{rel}","templated":true}]}}