{"id":6001,"date":"2024-07-18T14:28:02","date_gmt":"2024-07-18T11:28:02","guid":{"rendered":"https:\/\/ecoshop.ee\/?post_type=product&#038;p=6001"},"modified":"2024-11-09T01:31:31","modified_gmt":"2024-11-08T22:31:31","slug":"tyylikas-luonnonkorkkikello","status":"publish","type":"product","link":"https:\/\/ecoshop.ee\/fi\/kaekellad-ja-ehted\/naturaalsest-korgist-stiilne-kaekell\/","title":{"rendered":"Tyylik\u00e4s luonnonkorkista valmistettu kello"},"content":{"rendered":"<p>T\u00e4m\u00e4 tyylik\u00e4s kello on valmistettu luonnonkorkista ja koristeltu kultaisella kellotaululla. Kello on kevyt ja mukava, joten se sopii erinomaisesti jokap\u00e4iv\u00e4iseen k\u00e4ytt\u00f6\u00f6n. Kultakehyksinen kellotaulu lis\u00e4\u00e4 ripauksen ylellisyytt\u00e4 ja tyyli\u00e4, kun taas herkk\u00e4 kultainen korkkiranneke tarjoaa kest\u00e4vyytt\u00e4 ja korostaa kellon luonnollista ja ymp\u00e4rist\u00f6yst\u00e4v\u00e4llist\u00e4 puolta. Sopii sek\u00e4 miehille ett\u00e4 naisille.<\/p>\n<p>&nbsp;<\/p>\n<p><strong>Koot:<\/strong><\/p>\n<p>Pituus: 24 cm<br \/>\nKellotaulun leveys: 4,1 cm<br \/>\nRannekkeen leveys: 1,8 cm<\/p>","protected":false},"excerpt":{"rendered":"<p>See stiilne k\u00e4ekell on valmistatud naturaalsest korgist mida kaunistab kuldne sihverplaat. Kell on kerge ja mugav, sobides ideaalselt igap\u00e4evaseks kandmiseks. Kuldse \u00e4\u00e4risega&hellip;<\/p>","protected":false},"featured_media":6002,"comment_status":"open","ping_status":"closed","template":"","meta":{"wprm-recipe-roundup-name":"","wprm-recipe-roundup-description":""},"product_brand":[],"product_cat":[243],"product_tag":[222],"class_list":{"0":"post-6001","1":"product","2":"type-product","3":"status-publish","4":"has-post-thumbnail","6":"product_cat-kaekellad-ja-ehted","7":"product_tag-kell","9":"first","10":"instock","11":"taxable","12":"shipping-taxable","13":"purchasable","14":"product-type-simple"},"supplier_id":9159,"supplier_sku":"","barcode":null,"atum_controlled":true,"out_stock_date":null,"out_stock_threshold":null,"inheritable":false,"inbound_stock":0,"stock_on_hold":0,"sold_today":0,"sales_last_days":0,"reserved_stock":0,"customer_returns":0,"warehouse_damage":0,"lost_in_post":0,"other_logs":0,"out_stock_days":0,"lost_sales":0,"has_location":false,"update_date":"2026-03-07T01:16:01","atum_locations":[],"atum_stock_status":"instock","restock_status":false,"low_stock_amount":"","sales_update_date":"2026-03-07T01:16:01","calc_backorders":null,"aioseo_notices":[],"_links":{"self":[{"href":"https:\/\/ecoshop.ee\/fi\/wp-json\/wp\/v2\/product\/6001","targetHints":{"allow":["GET"]}}],"collection":[{"href":"https:\/\/ecoshop.ee\/fi\/wp-json\/wp\/v2\/product"}],"about":[{"href":"https:\/\/ecoshop.ee\/fi\/wp-json\/wp\/v2\/types\/product"}],"replies":[{"embeddable":true,"href":"https:\/\/ecoshop.ee\/fi\/wp-json\/wp\/v2\/comments?post=6001"}],"version-history":[{"count":0,"href":"https:\/\/ecoshop.ee\/fi\/wp-json\/wp\/v2\/product\/6001\/revisions"}],"wp:featuredmedia":[{"embeddable":true,"href":"https:\/\/ecoshop.ee\/fi\/wp-json\/wp\/v2\/media\/6002"}],"wp:attachment":[{"href":"https:\/\/ecoshop.ee\/fi\/wp-json\/wp\/v2\/media?parent=6001"}],"wp:term":[{"taxonomy":"product_brand","embeddable":true,"href":"https:\/\/ecoshop.ee\/fi\/wp-json\/wp\/v2\/product_brand?post=6001"},{"taxonomy":"product_cat","embeddable":true,"href":"https:\/\/ecoshop.ee\/fi\/wp-json\/wp\/v2\/product_cat?post=6001"},{"taxonomy":"product_tag","embeddable":true,"href":"https:\/\/ecoshop.ee\/fi\/wp-json\/wp\/v2\/product_tag?post=6001"}],"curies":[{"name":"wp","href":"https:\/\/api.w.org\/{rel}","templated":true}]}}