{"id":6021,"date":"2024-07-18T15:18:10","date_gmt":"2024-07-18T12:18:10","guid":{"rendered":"https:\/\/ecoshop.ee\/?post_type=product&#038;p=6021"},"modified":"2025-12-25T19:43:05","modified_gmt":"2025-12-25T16:43:05","slug":"sydamenmuotoinen-korkkisailytyslaatikko","status":"publish","type":"product","link":"https:\/\/ecoshop.ee\/fi\/tarvikud\/sudamekujuline-korgist-hoiukarp\/","title":{"rendered":"Syd\u00e4menmuotoinen korkkis\u00e4ilytyslaatikko"},"content":{"rendered":"<p>Tutustu kauniin ja elegantin korkkisen s\u00e4ilytysrasiamme vieh\u00e4tykseen ja k\u00e4yt\u00e4nn\u00f6llisyyteen. T\u00e4m\u00e4 tyylik\u00e4s ja ymp\u00e4rist\u00f6yst\u00e4v\u00e4llinen ratkaisu sopii erinomaisesti arvokkaiden korujesi, kuten sormusten ja kaulakorujen, s\u00e4ilytt\u00e4miseen. Pehme\u00e4 sis\u00e4puoli suojaa koruja naarmuilta ja vaurioilta. Lis\u00e4ksi korkkirasia sopii t\u00e4ydellisesti ekologiseen lahja- tai tuotepakkaukseen. Kompakti ja luonnollisen n\u00e4k\u00f6inen korkkirasia sopii kaikille, jotka arvostavat j\u00e4rjestelm\u00e4llisyytt\u00e4 ja ymp\u00e4rist\u00f6yst\u00e4v\u00e4llisyytt\u00e4.<\/p>\n<p>&nbsp;<\/p>\n<p><strong>Koot:<\/strong><\/p>\n<ul>\n<li>Pituus: 10 cm<\/li>\n<li>Leveys: 10 cm<\/li>\n<li>Korkeus: 4 cm<\/li>\n<\/ul>","protected":false},"excerpt":{"rendered":"<p>Avasta meie kauni ja elegantse korgist hoiukarbi v\u00f5lu ja praktilisus. See stiilne ja looduss\u00f5bralik lahendus sobib ideaalselt sinu v\u00e4\u00e4rtuslike ehete, nagu s\u00f5rmuste&hellip;<\/p>","protected":false},"featured_media":6022,"comment_status":"open","ping_status":"closed","template":"","meta":{"wprm-recipe-roundup-name":"","wprm-recipe-roundup-description":""},"product_brand":[],"product_cat":[245],"product_tag":[260],"class_list":{"0":"post-6021","1":"product","2":"type-product","3":"status-publish","4":"has-post-thumbnail","6":"product_cat-tarvikud","7":"product_tag-karp","9":"first","10":"instock","11":"taxable","12":"shipping-taxable","13":"purchasable","14":"product-type-simple"},"supplier_id":9159,"supplier_sku":"","barcode":null,"atum_controlled":true,"out_stock_date":null,"out_stock_threshold":null,"inheritable":false,"inbound_stock":0,"stock_on_hold":0,"sold_today":0,"sales_last_days":0,"reserved_stock":0,"customer_returns":0,"warehouse_damage":0,"lost_in_post":0,"other_logs":0,"out_stock_days":0,"lost_sales":0,"has_location":false,"update_date":"2026-03-07T01:16:09","atum_locations":[],"atum_stock_status":"instock","restock_status":false,"low_stock_amount":"","sales_update_date":"2026-03-07T01:16:09","calc_backorders":null,"aioseo_notices":[],"_links":{"self":[{"href":"https:\/\/ecoshop.ee\/fi\/wp-json\/wp\/v2\/product\/6021","targetHints":{"allow":["GET"]}}],"collection":[{"href":"https:\/\/ecoshop.ee\/fi\/wp-json\/wp\/v2\/product"}],"about":[{"href":"https:\/\/ecoshop.ee\/fi\/wp-json\/wp\/v2\/types\/product"}],"replies":[{"embeddable":true,"href":"https:\/\/ecoshop.ee\/fi\/wp-json\/wp\/v2\/comments?post=6021"}],"version-history":[{"count":0,"href":"https:\/\/ecoshop.ee\/fi\/wp-json\/wp\/v2\/product\/6021\/revisions"}],"wp:featuredmedia":[{"embeddable":true,"href":"https:\/\/ecoshop.ee\/fi\/wp-json\/wp\/v2\/media\/6022"}],"wp:attachment":[{"href":"https:\/\/ecoshop.ee\/fi\/wp-json\/wp\/v2\/media?parent=6021"}],"wp:term":[{"taxonomy":"product_brand","embeddable":true,"href":"https:\/\/ecoshop.ee\/fi\/wp-json\/wp\/v2\/product_brand?post=6021"},{"taxonomy":"product_cat","embeddable":true,"href":"https:\/\/ecoshop.ee\/fi\/wp-json\/wp\/v2\/product_cat?post=6021"},{"taxonomy":"product_tag","embeddable":true,"href":"https:\/\/ecoshop.ee\/fi\/wp-json\/wp\/v2\/product_tag?post=6021"}],"curies":[{"name":"wp","href":"https:\/\/api.w.org\/{rel}","templated":true}]}}