{"id":6069,"date":"2024-07-18T20:58:07","date_gmt":"2024-07-18T17:58:07","guid":{"rendered":"https:\/\/ecoshop.ee\/?post_type=product&#038;p=6069"},"modified":"2025-12-25T19:43:05","modified_gmt":"2025-12-25T16:43:05","slug":"korkkinen-pieni-kellon-sailytysrasia","status":"publish","type":"product","link":"https:\/\/ecoshop.ee\/fi\/tarvikud\/korgist-vaike-kaekella-hoiukarp\/","title":{"rendered":"Pieni korkkikellon s\u00e4ilytysrasia"},"content":{"rendered":"<p>Kaunis pieni korkkis\u00e4ilytysrasia, jossa on rikas pinta. T\u00e4ydellinen rannekorujen, kellojen, sormusten tai muiden pienten esineiden s\u00e4ilytt\u00e4miseen. Valmistettu korkealaatuisesta, ymp\u00e4rist\u00f6yst\u00e4v\u00e4llisest\u00e4, pehme\u00e4st\u00e4 ja kest\u00e4v\u00e4st\u00e4 korkista!<\/p>\n<p>&nbsp;<\/p>\n<p><strong>Mitat:<\/strong><\/p>\n<ul>\n<li>Pituus: 9 cm<\/li>\n<li>Leveys 9 cm<\/li>\n<li>Korkeus: 6 cm<\/li>\n<\/ul>","protected":false},"excerpt":{"rendered":"<p>Kaunis v\u00e4ike korgist hoiukarp, rikkaliku tekstuuriga. Sobib ideaalselt k\u00e4ev\u00f5rude, kellade, s\u00f5rmuste v\u00f5i teiste v\u00e4ikeste esemete hoidmiseks. Valmistatud k\u00f5rgekvaliteedilisest, keskkonnas\u00f5bralikust, pehmest ja vastupidavast&hellip;<\/p>","protected":false},"featured_media":6070,"comment_status":"open","ping_status":"closed","template":"","meta":{"wprm-recipe-roundup-name":"","wprm-recipe-roundup-description":""},"product_brand":[],"product_cat":[245],"product_tag":[],"class_list":{"0":"post-6069","1":"product","2":"type-product","3":"status-publish","4":"has-post-thumbnail","6":"product_cat-tarvikud","8":"first","9":"instock","10":"taxable","11":"shipping-taxable","12":"purchasable","13":"product-type-simple"},"supplier_id":9159,"supplier_sku":"","barcode":null,"atum_controlled":true,"out_stock_date":null,"out_stock_threshold":null,"inheritable":false,"inbound_stock":0,"stock_on_hold":0,"sold_today":0,"sales_last_days":0,"reserved_stock":0,"customer_returns":0,"warehouse_damage":0,"lost_in_post":0,"other_logs":0,"out_stock_days":0,"lost_sales":0,"has_location":false,"update_date":"2026-03-07T01:16:09","atum_locations":[],"atum_stock_status":"instock","restock_status":false,"low_stock_amount":"","sales_update_date":"2026-03-07T01:16:09","calc_backorders":null,"aioseo_notices":[],"_links":{"self":[{"href":"https:\/\/ecoshop.ee\/fi\/wp-json\/wp\/v2\/product\/6069","targetHints":{"allow":["GET"]}}],"collection":[{"href":"https:\/\/ecoshop.ee\/fi\/wp-json\/wp\/v2\/product"}],"about":[{"href":"https:\/\/ecoshop.ee\/fi\/wp-json\/wp\/v2\/types\/product"}],"replies":[{"embeddable":true,"href":"https:\/\/ecoshop.ee\/fi\/wp-json\/wp\/v2\/comments?post=6069"}],"version-history":[{"count":0,"href":"https:\/\/ecoshop.ee\/fi\/wp-json\/wp\/v2\/product\/6069\/revisions"}],"wp:featuredmedia":[{"embeddable":true,"href":"https:\/\/ecoshop.ee\/fi\/wp-json\/wp\/v2\/media\/6070"}],"wp:attachment":[{"href":"https:\/\/ecoshop.ee\/fi\/wp-json\/wp\/v2\/media?parent=6069"}],"wp:term":[{"taxonomy":"product_brand","embeddable":true,"href":"https:\/\/ecoshop.ee\/fi\/wp-json\/wp\/v2\/product_brand?post=6069"},{"taxonomy":"product_cat","embeddable":true,"href":"https:\/\/ecoshop.ee\/fi\/wp-json\/wp\/v2\/product_cat?post=6069"},{"taxonomy":"product_tag","embeddable":true,"href":"https:\/\/ecoshop.ee\/fi\/wp-json\/wp\/v2\/product_tag?post=6069"}],"curies":[{"name":"wp","href":"https:\/\/api.w.org\/{rel}","templated":true}]}}