{"id":6075,"date":"2024-07-18T21:17:37","date_gmt":"2024-07-18T18:17:37","guid":{"rendered":"https:\/\/ecoshop.ee\/?post_type=product&#038;p=6075"},"modified":"2025-12-25T19:43:06","modified_gmt":"2025-12-25T16:43:06","slug":"korkki-ja-ruostumattomasta-teraksesta-valmistetut-lemmikkikupit","status":"publish","type":"product","link":"https:\/\/ecoshop.ee\/fi\/tarvikud\/korgist-ja-roostevabast-terasest-lemmiklooma-soogikausid\/","title":{"rendered":"Korkki- ja ruostumattomasta ter\u00e4ksest\u00e4 valmistetut lemmikkikupit"},"content":{"rendered":"<p>Lemmikkien ruokatarjotin kannella ja ruostumattomasta ter\u00e4ksest\u00e4 valmistetuilla kulhoilla on t\u00e4ysin k\u00e4yt\u00e4nn\u00f6llinen ja tyylik\u00e4s valinta kotiisi ja lemmikillesi.<\/p>\n<p>Pohja on valmistettu 100%-luonnonkorkkirakeista ja tarjoaa vakaan ja ymp\u00e4rist\u00f6yst\u00e4v\u00e4llisen ruoka-alustan lemmikillesi. Korkki ei ole ainoastaan kest\u00e4v\u00e4\u00e4, vaan my\u00f6s luonnostaan kosteutta ja hajuja hylkiv\u00e4\u00e4, tarjoten pitk\u00e4ik\u00e4isen ja hygieenisen ruokailutilan parhaalle yst\u00e4v\u00e4llesi.<\/p>\n<p>&nbsp;<\/p>\n<p><strong>Mitat:<\/strong><\/p>\n<ul>\n<li>Pituus: 30 cm<\/li>\n<li>Leveys: 17 cm<\/li>\n<li>Korkeus: 5 cm<\/li>\n<\/ul>","protected":false},"excerpt":{"rendered":"<p>Korkalusega ja roostevabast terasest kaussidega s\u00f6\u00f6gialus on ideaalselt praktiline ja stiilne valik sinu koju ja lemmikloomale. P\u00f5hi on valmistatud 100% looduslikest korkgraanulitest&hellip;<\/p>","protected":false},"featured_media":6076,"comment_status":"open","ping_status":"closed","template":"","meta":{"wprm-recipe-roundup-name":"","wprm-recipe-roundup-description":""},"product_brand":[],"product_cat":[245],"product_tag":[],"class_list":{"0":"post-6075","1":"product","2":"type-product","3":"status-publish","4":"has-post-thumbnail","6":"product_cat-tarvikud","8":"first","9":"instock","10":"taxable","11":"shipping-taxable","12":"purchasable","13":"product-type-simple"},"supplier_id":9159,"supplier_sku":"","barcode":null,"atum_controlled":true,"out_stock_date":null,"out_stock_threshold":null,"inheritable":false,"inbound_stock":0,"stock_on_hold":0,"sold_today":0,"sales_last_days":0,"reserved_stock":0,"customer_returns":0,"warehouse_damage":0,"lost_in_post":0,"other_logs":0,"out_stock_days":0,"lost_sales":0,"has_location":false,"update_date":"2026-03-07T01:16:09","atum_locations":[],"atum_stock_status":"instock","restock_status":false,"low_stock_amount":"","sales_update_date":"2026-03-07T01:16:09","calc_backorders":null,"aioseo_notices":[],"_links":{"self":[{"href":"https:\/\/ecoshop.ee\/fi\/wp-json\/wp\/v2\/product\/6075","targetHints":{"allow":["GET"]}}],"collection":[{"href":"https:\/\/ecoshop.ee\/fi\/wp-json\/wp\/v2\/product"}],"about":[{"href":"https:\/\/ecoshop.ee\/fi\/wp-json\/wp\/v2\/types\/product"}],"replies":[{"embeddable":true,"href":"https:\/\/ecoshop.ee\/fi\/wp-json\/wp\/v2\/comments?post=6075"}],"version-history":[{"count":0,"href":"https:\/\/ecoshop.ee\/fi\/wp-json\/wp\/v2\/product\/6075\/revisions"}],"wp:featuredmedia":[{"embeddable":true,"href":"https:\/\/ecoshop.ee\/fi\/wp-json\/wp\/v2\/media\/6076"}],"wp:attachment":[{"href":"https:\/\/ecoshop.ee\/fi\/wp-json\/wp\/v2\/media?parent=6075"}],"wp:term":[{"taxonomy":"product_brand","embeddable":true,"href":"https:\/\/ecoshop.ee\/fi\/wp-json\/wp\/v2\/product_brand?post=6075"},{"taxonomy":"product_cat","embeddable":true,"href":"https:\/\/ecoshop.ee\/fi\/wp-json\/wp\/v2\/product_cat?post=6075"},{"taxonomy":"product_tag","embeddable":true,"href":"https:\/\/ecoshop.ee\/fi\/wp-json\/wp\/v2\/product_tag?post=6075"}],"curies":[{"name":"wp","href":"https:\/\/api.w.org\/{rel}","templated":true}]}}