{"id":6081,"date":"2024-07-18T21:56:15","date_gmt":"2024-07-18T18:56:15","guid":{"rendered":"https:\/\/ecoshop.ee\/?post_type=product&#038;p=6081"},"modified":"2025-12-25T19:40:50","modified_gmt":"2025-12-25T16:40:50","slug":"korkkikasilaukku-jokapaivaiseen-kayttoon","status":"publish","type":"product","link":"https:\/\/ecoshop.ee\/fi\/kotid\/korgist-kaekott-igapaevaseks-kasutamiseks\/","title":{"rendered":"Korkkik\u00e4silaukku jokap\u00e4iv\u00e4iseen k\u00e4ytt\u00f6\u00f6n"},"content":{"rendered":"<p>Tyylik\u00e4s ja k\u00e4yt\u00e4nn\u00f6llinen korkkik\u00e4silaukku jokap\u00e4iv\u00e4iseen k\u00e4ytt\u00f6\u00f6n. T\u00e4ss\u00e4 laukussa on yksi pieni vetoketjullinen sivutasku ja yksi vetoketjullinen p\u00e4\u00e4tasku, tilava sis\u00e4puoli ja kolme k\u00e4yt\u00e4nn\u00f6llist\u00e4 taskua. S\u00e4\u00e4dett\u00e4v\u00e4 olkahihna takaa hyv\u00e4n tuen ja mukavuuden my\u00f6s pitkill\u00e4 matkoilla. Lis\u00e4ksi laukku on koristeltu printtikuvioilla, jotka tekev\u00e4t siit\u00e4 katseenvangitsevan. K\u00e4yt\u00e4 sit\u00e4 ristikk\u00e4in tai k\u00e4silaukkuna asusi mukaan ja nauti upeasta p\u00e4iv\u00e4st\u00e4!<\/p>\n<p>&nbsp;<\/p>\n<p><strong>Mitat:<\/strong><\/p>\n<ul>\n<li>Pituus: 31 cm<\/li>\n<li>Leveys 23 cm<\/li>\n<li>Paksuus: 13 cm<\/li>\n<li>Pienen kahvan korkeus: 18 cm<\/li>\n<li>Hihnan pituus: 65\u2013130 cm<\/li>\n<\/ul>","protected":false},"excerpt":{"rendered":"<p>Stiilne ja praktiline korgist k\u00e4ekott igap\u00e4evaseks kasutamiseks. Sellel kotil on \u00fcks v\u00e4ike lukuga k\u00fcljetasku ja \u00fcks peamine lukuga ava, milles avar sisemus&hellip;<\/p>","protected":false},"featured_media":6088,"comment_status":"open","ping_status":"closed","template":"","meta":{"wprm-recipe-roundup-name":"","wprm-recipe-roundup-description":""},"product_brand":[],"product_cat":[242],"product_tag":[202],"class_list":{"0":"post-6081","1":"product","2":"type-product","3":"status-publish","4":"has-post-thumbnail","6":"product_cat-kotid","7":"product_tag-kott","9":"first","10":"instock","11":"taxable","12":"shipping-taxable","13":"purchasable","14":"product-type-variable"},"supplier_id":null,"supplier_sku":"","barcode":null,"atum_controlled":true,"out_stock_date":null,"out_stock_threshold":null,"inheritable":false,"inbound_stock":0,"stock_on_hold":0,"sold_today":0,"sales_last_days":0,"reserved_stock":0,"customer_returns":0,"warehouse_damage":0,"lost_in_post":0,"other_logs":0,"out_stock_days":0,"lost_sales":0,"has_location":false,"update_date":"2026-03-07T01:16:01","atum_locations":[],"atum_stock_status":"instock","restock_status":false,"low_stock_amount":"","sales_update_date":"2026-03-07T01:16:01","calc_backorders":null,"aioseo_notices":[],"_links":{"self":[{"href":"https:\/\/ecoshop.ee\/fi\/wp-json\/wp\/v2\/product\/6081","targetHints":{"allow":["GET"]}}],"collection":[{"href":"https:\/\/ecoshop.ee\/fi\/wp-json\/wp\/v2\/product"}],"about":[{"href":"https:\/\/ecoshop.ee\/fi\/wp-json\/wp\/v2\/types\/product"}],"replies":[{"embeddable":true,"href":"https:\/\/ecoshop.ee\/fi\/wp-json\/wp\/v2\/comments?post=6081"}],"version-history":[{"count":0,"href":"https:\/\/ecoshop.ee\/fi\/wp-json\/wp\/v2\/product\/6081\/revisions"}],"wp:featuredmedia":[{"embeddable":true,"href":"https:\/\/ecoshop.ee\/fi\/wp-json\/wp\/v2\/media\/6088"}],"wp:attachment":[{"href":"https:\/\/ecoshop.ee\/fi\/wp-json\/wp\/v2\/media?parent=6081"}],"wp:term":[{"taxonomy":"product_brand","embeddable":true,"href":"https:\/\/ecoshop.ee\/fi\/wp-json\/wp\/v2\/product_brand?post=6081"},{"taxonomy":"product_cat","embeddable":true,"href":"https:\/\/ecoshop.ee\/fi\/wp-json\/wp\/v2\/product_cat?post=6081"},{"taxonomy":"product_tag","embeddable":true,"href":"https:\/\/ecoshop.ee\/fi\/wp-json\/wp\/v2\/product_tag?post=6081"}],"curies":[{"name":"wp","href":"https:\/\/api.w.org\/{rel}","templated":true}]}}