{"id":6281,"date":"2024-07-23T00:54:43","date_gmt":"2024-07-22T21:54:43","guid":{"rendered":"https:\/\/ecoshop.ee\/?post_type=product&#038;p=6281"},"modified":"2025-12-25T19:40:50","modified_gmt":"2025-12-25T16:40:50","slug":"ymparistoystavallinen-kuviollinen-korkkimatkalaukku","status":"publish","type":"product","link":"https:\/\/ecoshop.ee\/fi\/kotid\/keskkonnasobralik-mustriga-korgist-reisikott\/","title":{"rendered":"Ymp\u00e4rist\u00f6yst\u00e4v\u00e4llinen kuviollinen korkkimatkalaukku"},"content":{"rendered":"<p>Ymp\u00e4rist\u00f6yst\u00e4v\u00e4llinen korkkimatkalaukku, jossa yhdistyv\u00e4t luonnonkorkki ja tyylik\u00e4s muotoilu. T\u00e4ss\u00e4 monipuolisessa matkaseuralaisessa on useita sis\u00e4taskuja tavaroidesi j\u00e4rjestyksess\u00e4 pit\u00e4miseen. Irrotettava ja s\u00e4\u00e4dett\u00e4v\u00e4 olkahihna tarjoaa joustavuutta, joten voit kantaa laukkua k\u00e4dess\u00e4 tai olalla. Korkkimateriaali on kest\u00e4v\u00e4\u00e4, ymp\u00e4rist\u00f6yst\u00e4v\u00e4llist\u00e4, vedenpit\u00e4v\u00e4\u00e4, kest\u00e4v\u00e4\u00e4 ja helppohoitoista. Ihanteellinen valinta jokap\u00e4iv\u00e4iseen k\u00e4ytt\u00f6\u00f6n.<\/p>\n<p>&nbsp;<\/p>\n<p><strong>Mitat<\/strong>:<\/p>\n<ul>\n<li>Pituus: 30 cm<\/li>\n<li>Leveys: 21 cm<\/li>\n<li>Paksuus: 12 cm<\/li>\n<li>Hihnan pituus: 65\u2013130 cm<\/li>\n<\/ul>","protected":false},"excerpt":{"rendered":"<p>Looduss\u00f5bralik korgist reisikott, mis \u00fchendab endas naturaalse korgi ja stiilse disaini. See mitmek\u00fclgne reisikaaslane on mitme sisemise taskuga, et hoida teie asjad&hellip;<\/p>","protected":false},"featured_media":6286,"comment_status":"open","ping_status":"closed","template":"","meta":{"wprm-recipe-roundup-name":"","wprm-recipe-roundup-description":""},"product_brand":[],"product_cat":[242],"product_tag":[202],"class_list":{"0":"post-6281","1":"product","2":"type-product","3":"status-publish","4":"has-post-thumbnail","6":"product_cat-kotid","7":"product_tag-kott","9":"first","10":"instock","11":"taxable","12":"shipping-taxable","13":"purchasable","14":"product-type-variable"},"supplier_id":null,"supplier_sku":"","barcode":null,"atum_controlled":true,"out_stock_date":null,"out_stock_threshold":null,"inheritable":false,"inbound_stock":0,"stock_on_hold":0,"sold_today":0,"sales_last_days":0,"reserved_stock":0,"customer_returns":0,"warehouse_damage":0,"lost_in_post":0,"other_logs":0,"out_stock_days":0,"lost_sales":0,"has_location":false,"update_date":"2026-03-07T01:16:01","atum_locations":[],"atum_stock_status":"instock","restock_status":false,"low_stock_amount":"","sales_update_date":"2026-03-07T01:16:01","calc_backorders":null,"aioseo_notices":[],"_links":{"self":[{"href":"https:\/\/ecoshop.ee\/fi\/wp-json\/wp\/v2\/product\/6281","targetHints":{"allow":["GET"]}}],"collection":[{"href":"https:\/\/ecoshop.ee\/fi\/wp-json\/wp\/v2\/product"}],"about":[{"href":"https:\/\/ecoshop.ee\/fi\/wp-json\/wp\/v2\/types\/product"}],"replies":[{"embeddable":true,"href":"https:\/\/ecoshop.ee\/fi\/wp-json\/wp\/v2\/comments?post=6281"}],"version-history":[{"count":0,"href":"https:\/\/ecoshop.ee\/fi\/wp-json\/wp\/v2\/product\/6281\/revisions"}],"wp:featuredmedia":[{"embeddable":true,"href":"https:\/\/ecoshop.ee\/fi\/wp-json\/wp\/v2\/media\/6286"}],"wp:attachment":[{"href":"https:\/\/ecoshop.ee\/fi\/wp-json\/wp\/v2\/media?parent=6281"}],"wp:term":[{"taxonomy":"product_brand","embeddable":true,"href":"https:\/\/ecoshop.ee\/fi\/wp-json\/wp\/v2\/product_brand?post=6281"},{"taxonomy":"product_cat","embeddable":true,"href":"https:\/\/ecoshop.ee\/fi\/wp-json\/wp\/v2\/product_cat?post=6281"},{"taxonomy":"product_tag","embeddable":true,"href":"https:\/\/ecoshop.ee\/fi\/wp-json\/wp\/v2\/product_tag?post=6281"}],"curies":[{"name":"wp","href":"https:\/\/api.w.org\/{rel}","templated":true}]}}