{"id":6370,"date":"2024-07-24T19:31:04","date_gmt":"2024-07-24T16:31:04","guid":{"rendered":"https:\/\/ecoshop.ee\/?post_type=product&#038;p=6370"},"modified":"2025-12-25T19:40:48","modified_gmt":"2025-12-25T16:40:48","slug":"elegantti-korkkiolkalaukku-levealla-punotulla-hihnalla","status":"publish","type":"product","link":"https:\/\/ecoshop.ee\/fi\/kotid\/elegantne-korgist-olakott-laia-kootud-rihmaga\/","title":{"rendered":"Elegantti korkkilaukku leve\u00e4ll\u00e4 punotulla hihnalla"},"content":{"rendered":"<p>Kest\u00e4v\u00e4 ja elegantti naisten korkkiolkalaukku valkoisella p\u00e4iv\u00e4nkakkarakuviolla. T\u00e4m\u00e4 tyylik\u00e4s asuste yhdist\u00e4\u00e4 toiminnallisuuden ja ajattoman kauneuden, tehden siit\u00e4 korvaamattoman lis\u00e4n kokoelmaasi. Korkkimateriaali on kest\u00e4v\u00e4\u00e4, ymp\u00e4rist\u00f6yst\u00e4v\u00e4llist\u00e4, kest\u00e4v\u00e4\u00e4 ja helppohoitoista. Ihanteellinen jokap\u00e4iv\u00e4iseen k\u00e4ytt\u00f6\u00f6n.<\/p>\n<p>&nbsp;<\/p>\n<p><strong>Ominaisuudet:<\/strong><\/p>\n<ul>\n<li>Tyylik\u00e4s valkoinen p\u00e4iv\u00e4nkakkarakuvio: Laukun ulkopuolella on hienovarainen valkoinen p\u00e4iv\u00e4nkakkarakuvio, joka lis\u00e4\u00e4 asuusi eleganssia.<\/li>\n<li>Mukava leve\u00e4 hihna: Leve\u00e4 kudottu hihna varmistaa mukavan ja tukevan istuvuuden, joten voit kantaa laukkua koko p\u00e4iv\u00e4n ilman ep\u00e4mukavuutta.<\/li>\n<li>Magneettisuljin: Laukussa on k\u00e4tev\u00e4 magneettisuljin, joka pit\u00e4\u00e4 tavarasi turvassa ja mahdollistaa helpon p\u00e4\u00e4syn niihin.<\/li>\n<li>Sis\u00e4lokero: Sis\u00e4ll\u00e4 on hyvin j\u00e4rjestetty sis\u00e4tila, jossa on useita lokeroita t\u00e4rkeiden tavaroiden pit\u00e4miseen j\u00e4rjestyksess\u00e4.<\/li>\n<li>Vetoketjullinen takatasku: Laukun takaosassa on vetoketjullinen tasku lis\u00e4s\u00e4ilytystilaa varten, joka tarjoaa turvallisen paikan arvoesineille.<\/li>\n<li>Metallinen kukkakoriste: Edess\u00e4 oleva vieh\u00e4tt\u00e4v\u00e4 metallinen kukkakoriste lis\u00e4\u00e4 laukkuun ainutlaatuisen ja tyylikk\u00e4\u00e4n aksentin.<\/li>\n<\/ul>\n<p>&nbsp;<\/p>\n<p><strong>Mitat:<\/strong><\/p>\n<ul>\n<li>Pituus: 24 cm<\/li>\n<li>Leveys: 15 cm<\/li>\n<li>Paksuus: 7 cm<\/li>\n<\/ul>","protected":false},"excerpt":{"rendered":"<p>J\u00e4tkusuutlik ja elegantne naiste korgist \u00f5lakott valge karikakra mustriga. See stiilne aksessuaar \u00fchendab funktsionaalsuse ja ajatu ilu, olles teie kollektsiooni asendamatu lisa.&hellip;<\/p>","protected":false},"featured_media":6371,"comment_status":"open","ping_status":"closed","template":"","meta":{"wprm-recipe-roundup-name":"","wprm-recipe-roundup-description":""},"product_brand":[],"product_cat":[242],"product_tag":[202],"class_list":{"0":"post-6370","1":"product","2":"type-product","3":"status-publish","4":"has-post-thumbnail","6":"product_cat-kotid","7":"product_tag-kott","9":"first","10":"instock","11":"taxable","12":"shipping-taxable","13":"purchasable","14":"product-type-simple"},"supplier_id":9159,"supplier_sku":"","barcode":null,"atum_controlled":true,"out_stock_date":null,"out_stock_threshold":null,"inheritable":false,"inbound_stock":0,"stock_on_hold":0,"sold_today":0,"sales_last_days":0,"reserved_stock":0,"customer_returns":0,"warehouse_damage":0,"lost_in_post":0,"other_logs":0,"out_stock_days":0,"lost_sales":0,"has_location":false,"update_date":"2026-03-07T01:16:09","atum_locations":[],"atum_stock_status":"instock","restock_status":false,"low_stock_amount":"","sales_update_date":"2026-03-07T01:16:09","calc_backorders":null,"aioseo_notices":[],"_links":{"self":[{"href":"https:\/\/ecoshop.ee\/fi\/wp-json\/wp\/v2\/product\/6370","targetHints":{"allow":["GET"]}}],"collection":[{"href":"https:\/\/ecoshop.ee\/fi\/wp-json\/wp\/v2\/product"}],"about":[{"href":"https:\/\/ecoshop.ee\/fi\/wp-json\/wp\/v2\/types\/product"}],"replies":[{"embeddable":true,"href":"https:\/\/ecoshop.ee\/fi\/wp-json\/wp\/v2\/comments?post=6370"}],"version-history":[{"count":0,"href":"https:\/\/ecoshop.ee\/fi\/wp-json\/wp\/v2\/product\/6370\/revisions"}],"wp:featuredmedia":[{"embeddable":true,"href":"https:\/\/ecoshop.ee\/fi\/wp-json\/wp\/v2\/media\/6371"}],"wp:attachment":[{"href":"https:\/\/ecoshop.ee\/fi\/wp-json\/wp\/v2\/media?parent=6370"}],"wp:term":[{"taxonomy":"product_brand","embeddable":true,"href":"https:\/\/ecoshop.ee\/fi\/wp-json\/wp\/v2\/product_brand?post=6370"},{"taxonomy":"product_cat","embeddable":true,"href":"https:\/\/ecoshop.ee\/fi\/wp-json\/wp\/v2\/product_cat?post=6370"},{"taxonomy":"product_tag","embeddable":true,"href":"https:\/\/ecoshop.ee\/fi\/wp-json\/wp\/v2\/product_tag?post=6370"}],"curies":[{"name":"wp","href":"https:\/\/api.w.org\/{rel}","templated":true}]}}