{"id":6392,"date":"2024-07-24T20:38:26","date_gmt":"2024-07-24T17:38:26","guid":{"rendered":"https:\/\/ecoshop.ee\/?post_type=product&#038;p=6392"},"modified":"2025-12-25T19:43:06","modified_gmt":"2025-12-25T16:43:06","slug":"pieni-korkkirasia","status":"publish","type":"product","link":"https:\/\/ecoshop.ee\/fi\/tarvikud\/vaike-korgist-ehtelaegas\/","title":{"rendered":"Pieni korkkirasia"},"content":{"rendered":"<p>Monipuolinen ja tyylik\u00e4s korkkikorurasiamme on t\u00e4ydellinen lis\u00e4varuste kaulakorujen, sormusten ja rannekorujen s\u00e4ilytt\u00e4miseen ja j\u00e4rjest\u00e4miseen liikkeell\u00e4 ollessasi. T\u00e4m\u00e4 korurasia erottuu ainutlaatuisella tekstuurillaan ja on hyv\u00e4 valinta ymp\u00e4rist\u00f6tietoiselle matkailijalle, sill\u00e4 kompaktin muotoilunsa ansiosta se mahtuu helposti matkatavaroihin tai k\u00e4silaukkuihin. Pid\u00e4 korusi j\u00e4rjestyksess\u00e4 ja suojassa t\u00e4m\u00e4n v\u00e4ltt\u00e4m\u00e4tt\u00f6m\u00e4n lis\u00e4varusteen avulla.<\/p>\n<p>&nbsp;<\/p>\n<p><strong>Mitat:<\/strong><\/p>\n<ul>\n<li>Pituus: 9,5 cm<\/li>\n<li>Leveys: 9,5 cm<\/li>\n<li>Korkeus: 5 cm<\/li>\n<\/ul>","protected":false},"excerpt":{"rendered":"<p>Meie mitmek\u00fclgne ja stiilne korgist ehtelaegas on ideaalne aksessuaar kaelakeede, s\u00f5rmuste ja k\u00e4ev\u00f5rude hoiustamiseks ja organiseerimiseks liikvel olles. See ehte\u00fcmbris paistab silma&hellip;<\/p>","protected":false},"featured_media":6398,"comment_status":"open","ping_status":"closed","template":"","meta":{"wprm-recipe-roundup-name":"","wprm-recipe-roundup-description":""},"product_brand":[],"product_cat":[245],"product_tag":[217],"class_list":{"0":"post-6392","1":"product","2":"type-product","3":"status-publish","4":"has-post-thumbnail","6":"product_cat-tarvikud","7":"product_tag-ehtelaegas","9":"first","10":"instock","11":"taxable","12":"shipping-taxable","13":"purchasable","14":"product-type-variable"},"supplier_id":null,"supplier_sku":"","barcode":null,"atum_controlled":true,"out_stock_date":null,"out_stock_threshold":null,"inheritable":false,"inbound_stock":0,"stock_on_hold":0,"sold_today":0,"sales_last_days":0,"reserved_stock":0,"customer_returns":0,"warehouse_damage":0,"lost_in_post":0,"other_logs":0,"out_stock_days":0,"lost_sales":0,"has_location":false,"update_date":"2026-03-07T01:16:09","atum_locations":[],"atum_stock_status":"instock","restock_status":false,"low_stock_amount":"","sales_update_date":"2026-03-07T01:16:09","calc_backorders":null,"aioseo_notices":[],"_links":{"self":[{"href":"https:\/\/ecoshop.ee\/fi\/wp-json\/wp\/v2\/product\/6392","targetHints":{"allow":["GET"]}}],"collection":[{"href":"https:\/\/ecoshop.ee\/fi\/wp-json\/wp\/v2\/product"}],"about":[{"href":"https:\/\/ecoshop.ee\/fi\/wp-json\/wp\/v2\/types\/product"}],"replies":[{"embeddable":true,"href":"https:\/\/ecoshop.ee\/fi\/wp-json\/wp\/v2\/comments?post=6392"}],"version-history":[{"count":0,"href":"https:\/\/ecoshop.ee\/fi\/wp-json\/wp\/v2\/product\/6392\/revisions"}],"wp:featuredmedia":[{"embeddable":true,"href":"https:\/\/ecoshop.ee\/fi\/wp-json\/wp\/v2\/media\/6398"}],"wp:attachment":[{"href":"https:\/\/ecoshop.ee\/fi\/wp-json\/wp\/v2\/media?parent=6392"}],"wp:term":[{"taxonomy":"product_brand","embeddable":true,"href":"https:\/\/ecoshop.ee\/fi\/wp-json\/wp\/v2\/product_brand?post=6392"},{"taxonomy":"product_cat","embeddable":true,"href":"https:\/\/ecoshop.ee\/fi\/wp-json\/wp\/v2\/product_cat?post=6392"},{"taxonomy":"product_tag","embeddable":true,"href":"https:\/\/ecoshop.ee\/fi\/wp-json\/wp\/v2\/product_tag?post=6392"}],"curies":[{"name":"wp","href":"https:\/\/api.w.org\/{rel}","templated":true}]}}