{"id":6485,"date":"2024-07-27T14:53:37","date_gmt":"2024-07-27T11:53:37","guid":{"rendered":"https:\/\/ecoshop.ee\/?post_type=product&#038;p=6485"},"modified":"2026-04-14T00:46:11","modified_gmt":"2026-04-13T21:46:11","slug":"luonnollinen-kuoriva-saippua-inkivaarilla-ja-mausteilla","status":"publish","type":"product","link":"https:\/\/ecoshop.ee\/fi\/hugieenitarbed\/ingveri-ja-vurtsidega-looduslik-kooriv-seep\/","title":{"rendered":"Luonnollinen kuoriva saippua inkiv\u00e4\u00e4rill\u00e4 ja mausteilla"},"content":{"rendered":"<p>Valitse ihoyst\u00e4v\u00e4llinen inkiv\u00e4\u00e4ri-maustekuorintasaippuamme! Inkiv\u00e4\u00e4ri\u00e4 on k\u00e4ytetty pitk\u00e4\u00e4n perinteisess\u00e4 l\u00e4\u00e4ketieteess\u00e4 kivun ja ep\u00e4mukavuuden lievitt\u00e4miseen, verenkierron parantamiseen ja j\u00e4nnittyneiden lihasten rentouttamiseen. Inkiv\u00e4\u00e4rin korkea antioksidanttipitoisuus auttaa parantamaan ihon terveytt\u00e4, v\u00e4hent\u00e4m\u00e4\u00e4n ryppyj\u00e4 ja hypopigmentoituneita arpia.<\/p>\n<p>T\u00e4ss\u00e4 l\u00e4mmitt\u00e4v\u00e4ss\u00e4 ja rentouttavassa saippuassa on makea pohjas\u00e4vy, joka stimuloi aisteja ja j\u00e4tt\u00e4\u00e4 sinut rauhalliseksi ja rentoutuneeksi.<\/p>","protected":false},"excerpt":{"rendered":"<p>Vali meie nahas\u00f5bralik ingveri- ja v\u00fcrtsidega\u00a0kooriv\u00a0seep! Ingverit on traditsioonilises meditsiinis juba ammu kasutatud valu ja vaevuste leevendamiseks, vereringe parandamiseks ja pinges lihaste&hellip;<\/p>","protected":false},"featured_media":6486,"comment_status":"open","ping_status":"closed","template":"","meta":{"wprm-recipe-roundup-name":"","wprm-recipe-roundup-description":""},"product_brand":[12064],"product_cat":[246],"product_tag":[193],"class_list":{"0":"post-6485","1":"product","2":"type-product","3":"status-publish","4":"has-post-thumbnail","6":"product_brand-jungle-culture","7":"product_cat-hugieenitarbed","8":"product_tag-seep","10":"first","11":"instock","12":"taxable","13":"shipping-taxable","14":"purchasable","15":"product-type-simple"},"supplier_id":9133,"supplier_sku":"","barcode":null,"atum_controlled":true,"out_stock_date":null,"out_stock_threshold":null,"inheritable":false,"inbound_stock":0,"stock_on_hold":0,"sold_today":0,"sales_last_days":0,"reserved_stock":0,"customer_returns":0,"warehouse_damage":0,"lost_in_post":0,"other_logs":0,"out_stock_days":0,"lost_sales":0,"has_location":false,"update_date":"2026-04-13T21:46:12","atum_locations":[],"atum_stock_status":"instock","restock_status":false,"low_stock_amount":"","sales_update_date":"2026-03-07T01:16:10","calc_backorders":null,"aioseo_notices":[],"_links":{"self":[{"href":"https:\/\/ecoshop.ee\/fi\/wp-json\/wp\/v2\/product\/6485","targetHints":{"allow":["GET"]}}],"collection":[{"href":"https:\/\/ecoshop.ee\/fi\/wp-json\/wp\/v2\/product"}],"about":[{"href":"https:\/\/ecoshop.ee\/fi\/wp-json\/wp\/v2\/types\/product"}],"replies":[{"embeddable":true,"href":"https:\/\/ecoshop.ee\/fi\/wp-json\/wp\/v2\/comments?post=6485"}],"version-history":[{"count":0,"href":"https:\/\/ecoshop.ee\/fi\/wp-json\/wp\/v2\/product\/6485\/revisions"}],"wp:featuredmedia":[{"embeddable":true,"href":"https:\/\/ecoshop.ee\/fi\/wp-json\/wp\/v2\/media\/6486"}],"wp:attachment":[{"href":"https:\/\/ecoshop.ee\/fi\/wp-json\/wp\/v2\/media?parent=6485"}],"wp:term":[{"taxonomy":"product_brand","embeddable":true,"href":"https:\/\/ecoshop.ee\/fi\/wp-json\/wp\/v2\/product_brand?post=6485"},{"taxonomy":"product_cat","embeddable":true,"href":"https:\/\/ecoshop.ee\/fi\/wp-json\/wp\/v2\/product_cat?post=6485"},{"taxonomy":"product_tag","embeddable":true,"href":"https:\/\/ecoshop.ee\/fi\/wp-json\/wp\/v2\/product_tag?post=6485"}],"curies":[{"name":"wp","href":"https:\/\/api.w.org\/{rel}","templated":true}]}}