{"id":6488,"date":"2024-07-27T15:13:15","date_gmt":"2024-07-27T12:13:15","guid":{"rendered":"https:\/\/ecoshop.ee\/?post_type=product&#038;p=6488"},"modified":"2026-04-14T00:40:30","modified_gmt":"2026-04-13T21:40:30","slug":"luonnonsaippua-limella-ja-merisuolalla","status":"publish","type":"product","link":"https:\/\/ecoshop.ee\/fi\/hugieenitarbed\/laimi-ja-meresoolaga-looduslik-seep\/","title":{"rendered":"Luonnollinen saippua limell\u00e4 ja merisuolalla"},"content":{"rendered":"<p>T\u00e4m\u00e4 ainutlaatuinen luonnonsaippua on suunniteltu uudistamaan, virkist\u00e4m\u00e4\u00e4n ja virkist\u00e4m\u00e4\u00e4n ihoasi ja mielialaasi! Limeused:n puhdistavat ominaisuudet her\u00e4tt\u00e4v\u00e4t aistisi ja j\u00e4tt\u00e4v\u00e4t ihosi hehkuvaksi, kun taas merisuolajyv\u00e4t poistavat kuivia ja kuolleita ihosoluja. Saippuamme on kylm\u00e4puristettu, mik\u00e4 auttaa s\u00e4ilytt\u00e4m\u00e4\u00e4n kasviper\u00e4isten ainesosien hy\u00f6dylliset ominaisuudet.<\/p>\n<p>Jungle Culturen nollaj\u00e4tteett\u00f6m\u00e4t luonnonsaippuat kest\u00e4v\u00e4t pidemp\u00e4\u00e4n kuin tavalliset saippuat, koska niiss\u00e4 on alhaisempi vesipitoisuus ja korkeampi \u00f6ljypitoisuus. S\u00e4ilyt\u00e4 viile\u00e4ss\u00e4 ja kuivassa paikassa pident\u00e4\u00e4ksesi saippuan k\u00e4ytt\u00f6ik\u00e4\u00e4 entisest\u00e4\u00e4n.<\/p>","protected":false},"excerpt":{"rendered":"<p>See ainulaadne looduslik seep on loodud sinu naha ja meeleolu uuendamiseks, elavdamiseks ja v\u00e4rskendamiseks! Laimi puhastavad omadused \u00e4ratavad su meeled ja j\u00e4tavad&hellip;<\/p>","protected":false},"featured_media":6490,"comment_status":"open","ping_status":"closed","template":"","meta":{"wprm-recipe-roundup-name":"","wprm-recipe-roundup-description":""},"product_brand":[12064],"product_cat":[246],"product_tag":[193],"class_list":{"0":"post-6488","1":"product","2":"type-product","3":"status-publish","4":"has-post-thumbnail","6":"product_brand-jungle-culture","7":"product_cat-hugieenitarbed","8":"product_tag-seep","10":"first","11":"instock","12":"taxable","13":"shipping-taxable","14":"purchasable","15":"product-type-simple"},"supplier_id":9133,"supplier_sku":"","barcode":null,"atum_controlled":true,"out_stock_date":null,"out_stock_threshold":null,"inheritable":false,"inbound_stock":0,"stock_on_hold":0,"sold_today":0,"sales_last_days":0,"reserved_stock":0,"customer_returns":0,"warehouse_damage":0,"lost_in_post":0,"other_logs":0,"out_stock_days":0,"lost_sales":0,"has_location":false,"update_date":"2026-04-13T21:40:31","atum_locations":[],"atum_stock_status":"instock","restock_status":false,"low_stock_amount":"","sales_update_date":"2026-03-07T01:16:10","calc_backorders":null,"aioseo_notices":[],"_links":{"self":[{"href":"https:\/\/ecoshop.ee\/fi\/wp-json\/wp\/v2\/product\/6488","targetHints":{"allow":["GET"]}}],"collection":[{"href":"https:\/\/ecoshop.ee\/fi\/wp-json\/wp\/v2\/product"}],"about":[{"href":"https:\/\/ecoshop.ee\/fi\/wp-json\/wp\/v2\/types\/product"}],"replies":[{"embeddable":true,"href":"https:\/\/ecoshop.ee\/fi\/wp-json\/wp\/v2\/comments?post=6488"}],"version-history":[{"count":0,"href":"https:\/\/ecoshop.ee\/fi\/wp-json\/wp\/v2\/product\/6488\/revisions"}],"wp:featuredmedia":[{"embeddable":true,"href":"https:\/\/ecoshop.ee\/fi\/wp-json\/wp\/v2\/media\/6490"}],"wp:attachment":[{"href":"https:\/\/ecoshop.ee\/fi\/wp-json\/wp\/v2\/media?parent=6488"}],"wp:term":[{"taxonomy":"product_brand","embeddable":true,"href":"https:\/\/ecoshop.ee\/fi\/wp-json\/wp\/v2\/product_brand?post=6488"},{"taxonomy":"product_cat","embeddable":true,"href":"https:\/\/ecoshop.ee\/fi\/wp-json\/wp\/v2\/product_cat?post=6488"},{"taxonomy":"product_tag","embeddable":true,"href":"https:\/\/ecoshop.ee\/fi\/wp-json\/wp\/v2\/product_tag?post=6488"}],"curies":[{"name":"wp","href":"https:\/\/api.w.org\/{rel}","templated":true}]}}