{"id":6595,"date":"2024-07-27T22:58:29","date_gmt":"2024-07-27T19:58:29","guid":{"rendered":"https:\/\/ecoshop.ee\/?post_type=product&#038;p=6595"},"modified":"2026-04-14T00:43:12","modified_gmt":"2026-04-13T21:43:12","slug":"uudelleenkaytettava-tumma-bambuinen-hoyla","status":"publish","type":"product","link":"https:\/\/ecoshop.ee\/fi\/raseerijad\/korduvkasutatav-tumedast-bambusest-raseerija\/","title":{"rendered":"Uudelleenk\u00e4ytett\u00e4v\u00e4 tumma bambupartah\u00f6yl\u00e4 + 10 ter\u00e4\u00e4"},"content":{"rendered":"<p>Kaksipuolinen bambupartah\u00f6yl\u00e4mme on tarkasti suunniteltu ja t\u00e4ydellisesti painotettu tarjoamaan sujuvan ja hukkaan heitt\u00e4m\u00e4tt\u00f6m\u00e4n parranajokokemuksen.<\/p>\n<p>Jokaisessa uudelleenk\u00e4ytett\u00e4v\u00e4ss\u00e4 partah\u00f6yl\u00e4ss\u00e4 on ainutlaatuinen pitk\u00e4 bambuvarsi mukavuuden takaamiseksi ja krominen turvasuojus viiltojen ja \u00e4rsytyksen est\u00e4miseksi.<\/p>\n<p>&nbsp;<\/p>\n<h3>Mukana:<\/h3>\n<ul>\n<li>1 Bambuinen partah\u00f6yl\u00e4 ohuella kahvalla<\/li>\n<li>10 partakoneen ter\u00e4\u00e4<\/li>\n<li>1 s\u00e4ilytyslaatikko<\/li>\n<\/ul>","protected":false},"excerpt":{"rendered":"<p>Meie kahepoolsete teradega bambusest raseerija on t\u00e4pselt konstrueeritud ja ideaalse kaaluga, et pakkuda sujuvat null-j\u00e4\u00e4tmetega raseerimiskogemust. Iga korduvkasutatav raseerija on varustatud ainulaadse&hellip;<\/p>","protected":false},"featured_media":6596,"comment_status":"open","ping_status":"closed","template":"","meta":{"wprm-recipe-roundup-name":"","wprm-recipe-roundup-description":""},"product_brand":[12064],"product_cat":[280],"product_tag":[190],"class_list":{"0":"post-6595","1":"product","2":"type-product","3":"status-publish","4":"has-post-thumbnail","6":"product_brand-jungle-culture","7":"product_cat-raseerijad","8":"product_tag-raseerija","10":"first","11":"instock","12":"taxable","13":"shipping-taxable","14":"purchasable","15":"product-type-simple"},"supplier_id":9133,"supplier_sku":"","barcode":null,"atum_controlled":true,"out_stock_date":null,"out_stock_threshold":null,"inheritable":false,"inbound_stock":0,"stock_on_hold":0,"sold_today":0,"sales_last_days":0,"reserved_stock":0,"customer_returns":0,"warehouse_damage":0,"lost_in_post":0,"other_logs":0,"out_stock_days":0,"lost_sales":0,"has_location":false,"update_date":"2026-04-13T21:43:13","atum_locations":[],"atum_stock_status":"instock","restock_status":false,"low_stock_amount":"","sales_update_date":"2026-03-07T01:16:13","calc_backorders":null,"aioseo_notices":[],"_links":{"self":[{"href":"https:\/\/ecoshop.ee\/fi\/wp-json\/wp\/v2\/product\/6595","targetHints":{"allow":["GET"]}}],"collection":[{"href":"https:\/\/ecoshop.ee\/fi\/wp-json\/wp\/v2\/product"}],"about":[{"href":"https:\/\/ecoshop.ee\/fi\/wp-json\/wp\/v2\/types\/product"}],"replies":[{"embeddable":true,"href":"https:\/\/ecoshop.ee\/fi\/wp-json\/wp\/v2\/comments?post=6595"}],"version-history":[{"count":0,"href":"https:\/\/ecoshop.ee\/fi\/wp-json\/wp\/v2\/product\/6595\/revisions"}],"wp:featuredmedia":[{"embeddable":true,"href":"https:\/\/ecoshop.ee\/fi\/wp-json\/wp\/v2\/media\/6596"}],"wp:attachment":[{"href":"https:\/\/ecoshop.ee\/fi\/wp-json\/wp\/v2\/media?parent=6595"}],"wp:term":[{"taxonomy":"product_brand","embeddable":true,"href":"https:\/\/ecoshop.ee\/fi\/wp-json\/wp\/v2\/product_brand?post=6595"},{"taxonomy":"product_cat","embeddable":true,"href":"https:\/\/ecoshop.ee\/fi\/wp-json\/wp\/v2\/product_cat?post=6595"},{"taxonomy":"product_tag","embeddable":true,"href":"https:\/\/ecoshop.ee\/fi\/wp-json\/wp\/v2\/product_tag?post=6595"}],"curies":[{"name":"wp","href":"https:\/\/api.w.org\/{rel}","templated":true}]}}