{"id":6892,"date":"2024-08-09T20:49:26","date_gmt":"2024-08-09T17:49:26","guid":{"rendered":"https:\/\/ecoshop.ee\/?post_type=product&#038;p=6892"},"modified":"2026-04-14T00:37:05","modified_gmt":"2026-04-13T21:37:05","slug":"himalajan-vaaleanpunainen-suolajame-500-g","status":"publish","type":"product","link":"https:\/\/ecoshop.ee\/fi\/kupsetussegud-ja-kuivained\/himaalaja-roosa-sool-jame-500g\/","title":{"rendered":"Himalajan vaaleanpunainen suola, karkea, 500 g"},"content":{"rendered":"<p>Dragon Superfoods Himalajan vaaleanpunainen suola on ainutlaatuinen luonnollinen vuorisuola, jota louhitaan k\u00e4sin Himalajan vuoriston juurella. T\u00e4m\u00e4n suolan kiteet muodostuivat miljoonia vuosia sitten, kun muinaisten merien suolaiset sedimentit nousivat pintaan. Himalajan suola sis\u00e4lt\u00e4\u00e4 yli 95% natriumkloridia, ja se tarjoaa my\u00f6s arvokkaita mineraaleja, kuten kaliumia, kalsiumia, magnesiumia, fosforia ja rautaa, jotka imeytyv\u00e4t helposti elimist\u00f6\u00f6n. Kiteiden v\u00e4ri vaihtelee vaaleanpunaisesta syv\u00e4n vaaleanpunaiseen, mik\u00e4 antaa visuaalista kauneutta ja erityisen maun mille tahansa ruoalle.<\/p>\n<p>K\u00e4ytt\u00f6: Sopii kaikille ruoille, joille tavallinen suola sopii.<\/p>\n<p>S\u00e4ilyt\u00e4 kuivassa ja viile\u00e4ss\u00e4 paikassa.<\/p>","protected":false},"excerpt":{"rendered":"<p>Dragon Superfoods Himaalaja roosa sool on ainulaadne looduslik kivisool, mis on kaevandatud k\u00e4sitsi Himaalaja m\u00e4gede jalamil. Selle soola kristallid on kujunenud miljoneid&hellip;<\/p>","protected":false},"featured_media":6893,"comment_status":"open","ping_status":"closed","template":"","meta":{"wprm-recipe-roundup-name":"","wprm-recipe-roundup-description":""},"product_brand":[12065],"product_cat":[323,388,161],"product_tag":[275],"class_list":{"0":"post-6892","1":"product","2":"type-product","3":"status-publish","4":"has-post-thumbnail","6":"product_brand-dragon-superfoods","7":"product_cat-kupsetussegud-ja-kuivained","8":"product_cat-maitseained","9":"product_cat-sahvrikaubad","10":"product_tag-sool","11":"j79_wcxd_expiry_type-expiry-date","13":"first","14":"instock","15":"taxable","16":"shipping-taxable","17":"purchasable","18":"product-type-simple"},"supplier_id":9165,"supplier_sku":"","barcode":null,"atum_controlled":true,"out_stock_date":null,"out_stock_threshold":null,"inheritable":false,"inbound_stock":0,"stock_on_hold":0,"sold_today":0,"sales_last_days":0,"reserved_stock":0,"customer_returns":0,"warehouse_damage":0,"lost_in_post":0,"other_logs":0,"out_stock_days":0,"lost_sales":0,"has_location":false,"update_date":"2026-04-13T21:37:06","atum_locations":[],"atum_stock_status":"instock","restock_status":false,"low_stock_amount":"","sales_update_date":"2026-04-06T20:22:20","calc_backorders":null,"aioseo_notices":[],"_links":{"self":[{"href":"https:\/\/ecoshop.ee\/fi\/wp-json\/wp\/v2\/product\/6892","targetHints":{"allow":["GET"]}}],"collection":[{"href":"https:\/\/ecoshop.ee\/fi\/wp-json\/wp\/v2\/product"}],"about":[{"href":"https:\/\/ecoshop.ee\/fi\/wp-json\/wp\/v2\/types\/product"}],"replies":[{"embeddable":true,"href":"https:\/\/ecoshop.ee\/fi\/wp-json\/wp\/v2\/comments?post=6892"}],"version-history":[{"count":0,"href":"https:\/\/ecoshop.ee\/fi\/wp-json\/wp\/v2\/product\/6892\/revisions"}],"wp:featuredmedia":[{"embeddable":true,"href":"https:\/\/ecoshop.ee\/fi\/wp-json\/wp\/v2\/media\/6893"}],"wp:attachment":[{"href":"https:\/\/ecoshop.ee\/fi\/wp-json\/wp\/v2\/media?parent=6892"}],"wp:term":[{"taxonomy":"product_brand","embeddable":true,"href":"https:\/\/ecoshop.ee\/fi\/wp-json\/wp\/v2\/product_brand?post=6892"},{"taxonomy":"product_cat","embeddable":true,"href":"https:\/\/ecoshop.ee\/fi\/wp-json\/wp\/v2\/product_cat?post=6892"},{"taxonomy":"product_tag","embeddable":true,"href":"https:\/\/ecoshop.ee\/fi\/wp-json\/wp\/v2\/product_tag?post=6892"}],"curies":[{"name":"wp","href":"https:\/\/api.w.org\/{rel}","templated":true}]}}