{"id":6905,"date":"2024-08-09T23:24:05","date_gmt":"2024-08-09T20:24:05","guid":{"rendered":"https:\/\/ecoshop.ee\/?post_type=product&#038;p=6905"},"modified":"2026-05-08T22:54:39","modified_gmt":"2026-05-08T19:54:39","slug":"luomu-kurkumajauhe-150-g","status":"publish","type":"product","link":"https:\/\/ecoshop.ee\/fi\/sahvrikaubad\/orgaaniline-kurkumi-pulber-150g\/","title":{"rendered":"Luomu kurkumajauhe, 150g"},"content":{"rendered":"<p>Dragon Superfoods Organic kurkumajauhe on luonnollinen kurkumiinin l\u00e4hde, joka tukee immuunij\u00e4rjestelm\u00e4\u00e4 ja maksan toimintaa.<\/p>\n<p>\u2013 Immuniteetin tukija<br \/>\n\u2013 Antioksidantti<br \/>\n\u2013 Korkea kurkumiinipitoisuus<br \/>\n\u2013 Sopii k\u00e4ytett\u00e4v\u00e4ksi mausteena<br \/>\n\u2013 Raaka<br \/>\n\u2013 Gluteeniton<br \/>\n\u2013 100% orgaaninen<\/p>","protected":false},"excerpt":{"rendered":"<p>Dragon Superfoods orgaaniline kurkumi pulber on looduslik kurkumiini allikas, mis toetab immuuns\u00fcsteemi ja maksafunktsiooni. \u2013 Immuunsuse toetaja \u2013 Antioks\u00fcdant \u2013 K\u00f5rge kurkumiinisisaldus&hellip;<\/p>","protected":false},"featured_media":6906,"comment_status":"open","ping_status":"closed","template":"","meta":{"wprm-recipe-roundup-name":"","wprm-recipe-roundup-description":""},"product_brand":[12065],"product_cat":[323,240,161,303],"product_tag":[296,277,297],"class_list":{"0":"post-6905","1":"product","2":"type-product","3":"status-publish","4":"has-post-thumbnail","6":"product_brand-dragon-superfoods","7":"product_cat-kupsetussegud-ja-kuivained","8":"product_cat-allahinnatud","9":"product_cat-sahvrikaubad","10":"product_cat-mahetooted","11":"product_tag-gluteenivaba","12":"product_tag-kurkum","13":"product_tag-mahe","14":"j79_wcxd_expiry_type-best-before","16":"first","17":"instock","18":"sale","19":"taxable","20":"shipping-taxable","21":"purchasable","22":"product-type-simple"},"supplier_id":9165,"supplier_sku":"","barcode":"3800232735957","atum_controlled":true,"out_stock_date":null,"out_stock_threshold":null,"inheritable":false,"inbound_stock":0,"stock_on_hold":0,"sold_today":0,"sales_last_days":0,"reserved_stock":0,"customer_returns":0,"warehouse_damage":0,"lost_in_post":0,"other_logs":0,"out_stock_days":28,"lost_sales":26,"has_location":false,"update_date":"2026-05-08T19:54:43","atum_locations":[],"atum_stock_status":"instock","restock_status":false,"low_stock_amount":"","sales_update_date":"2026-04-06T20:01:18","calc_backorders":null,"aioseo_notices":[],"_links":{"self":[{"href":"https:\/\/ecoshop.ee\/fi\/wp-json\/wp\/v2\/product\/6905","targetHints":{"allow":["GET"]}}],"collection":[{"href":"https:\/\/ecoshop.ee\/fi\/wp-json\/wp\/v2\/product"}],"about":[{"href":"https:\/\/ecoshop.ee\/fi\/wp-json\/wp\/v2\/types\/product"}],"replies":[{"embeddable":true,"href":"https:\/\/ecoshop.ee\/fi\/wp-json\/wp\/v2\/comments?post=6905"}],"version-history":[{"count":0,"href":"https:\/\/ecoshop.ee\/fi\/wp-json\/wp\/v2\/product\/6905\/revisions"}],"wp:featuredmedia":[{"embeddable":true,"href":"https:\/\/ecoshop.ee\/fi\/wp-json\/wp\/v2\/media\/6906"}],"wp:attachment":[{"href":"https:\/\/ecoshop.ee\/fi\/wp-json\/wp\/v2\/media?parent=6905"}],"wp:term":[{"taxonomy":"product_brand","embeddable":true,"href":"https:\/\/ecoshop.ee\/fi\/wp-json\/wp\/v2\/product_brand?post=6905"},{"taxonomy":"product_cat","embeddable":true,"href":"https:\/\/ecoshop.ee\/fi\/wp-json\/wp\/v2\/product_cat?post=6905"},{"taxonomy":"product_tag","embeddable":true,"href":"https:\/\/ecoshop.ee\/fi\/wp-json\/wp\/v2\/product_tag?post=6905"}],"curies":[{"name":"wp","href":"https:\/\/api.w.org\/{rel}","templated":true}]}}