{"id":7003,"date":"2024-08-13T00:26:11","date_gmt":"2024-08-12T21:26:11","guid":{"rendered":"https:\/\/ecoshop.ee\/?post_type=product&#038;p=7003"},"modified":"2026-03-14T18:15:45","modified_gmt":"2026-03-14T15:15:45","slug":"naughty-nuts-vadelmataytteiset-saksanpahkinavoikulhot-39g","status":"publish","type":"product","link":"https:\/\/ecoshop.ee\/fi\/kommid\/naughty-nuts-vaarika-taidisega-pahklivoikausid-39g\/","title":{"rendered":"Naughty Nuts vadelmalla t\u00e4ytetyt p\u00e4hkin\u00e4voikulhot, 39g"},"content":{"rendered":"<p>Naughty Nuts -vadelmat\u00e4ytteiset p\u00e4hkin\u00e4voikulhot tarjoavat unohtumattoman makuel\u00e4myksen v\u00e4hemm\u00e4ll\u00e4 sokerilla. T\u00e4ydellinen v\u00e4lipala ja hemmotteluhetki.<\/p>\n<p>Uppoudu syntisten kiusausten maailmaan ja koe vastustamattoman kermainen vadelma-saksanp\u00e4hkin\u00e4t\u00e4yte. T\u00e4m\u00e4 suussa sulava kokemus tarjoaa puhdasta autuutta ja t\u00e4ydellisen yhdistelm\u00e4n hedelm\u00e4isi\u00e4 ja makeita makuja.<\/p>\n<p>Miellytt\u00e4v\u00e4n pehme\u00e4 vadelma-p\u00e4hkin\u00e4t\u00e4yte<br \/>\nKermainen ja suussa sulava<br \/>\n53% v\u00e4hemm\u00e4n sokeria verrattuna perinteisiin p\u00e4hkin\u00e4voikuppeihin<br \/>\nPalmu\u00f6ljyt\u00f6n ja 100% vegaaninen<\/p>","protected":false},"excerpt":{"rendered":"<p>Naughty Nuts vaarika t\u00e4idisega p\u00e4hkliv\u00f5ikausid pakuvad unustamatut maitseelamust, sisaldades v\u00e4hem suhkrut. T\u00e4iuslik suupiste ja nauding. Sukeldu patuse kiusatuse maailma ja koge vastupandamatult&hellip;<\/p>","protected":false},"featured_media":7004,"comment_status":"open","ping_status":"closed","template":"","meta":{"wprm-recipe-roundup-name":"","wprm-recipe-roundup-description":""},"product_brand":[12000],"product_cat":[160,303],"product_tag":[288],"class_list":{"0":"post-7003","1":"product","2":"type-product","3":"status-publish","4":"has-post-thumbnail","6":"product_brand-naughty-nuts","7":"product_cat-kommid","8":"product_cat-mahetooted","9":"product_tag-pahklivoikausid","10":"j79_wcxd_expiry_type-expiry-date","12":"first","13":"instock","14":"taxable","15":"shipping-taxable","16":"purchasable","17":"product-type-simple"},"supplier_id":9165,"supplier_sku":"","barcode":"4260737541634","atum_controlled":true,"out_stock_date":null,"out_stock_threshold":null,"inheritable":false,"inbound_stock":0,"stock_on_hold":0,"sold_today":0,"sales_last_days":0,"reserved_stock":0,"customer_returns":0,"warehouse_damage":0,"lost_in_post":0,"other_logs":0,"out_stock_days":0,"lost_sales":0,"has_location":false,"update_date":"2026-04-06T20:23:10","atum_locations":[],"atum_stock_status":"instock","restock_status":false,"low_stock_amount":"","sales_update_date":"2026-04-06T20:23:10","calc_backorders":null,"aioseo_notices":[],"_links":{"self":[{"href":"https:\/\/ecoshop.ee\/fi\/wp-json\/wp\/v2\/product\/7003","targetHints":{"allow":["GET"]}}],"collection":[{"href":"https:\/\/ecoshop.ee\/fi\/wp-json\/wp\/v2\/product"}],"about":[{"href":"https:\/\/ecoshop.ee\/fi\/wp-json\/wp\/v2\/types\/product"}],"replies":[{"embeddable":true,"href":"https:\/\/ecoshop.ee\/fi\/wp-json\/wp\/v2\/comments?post=7003"}],"version-history":[{"count":0,"href":"https:\/\/ecoshop.ee\/fi\/wp-json\/wp\/v2\/product\/7003\/revisions"}],"wp:featuredmedia":[{"embeddable":true,"href":"https:\/\/ecoshop.ee\/fi\/wp-json\/wp\/v2\/media\/7004"}],"wp:attachment":[{"href":"https:\/\/ecoshop.ee\/fi\/wp-json\/wp\/v2\/media?parent=7003"}],"wp:term":[{"taxonomy":"product_brand","embeddable":true,"href":"https:\/\/ecoshop.ee\/fi\/wp-json\/wp\/v2\/product_brand?post=7003"},{"taxonomy":"product_cat","embeddable":true,"href":"https:\/\/ecoshop.ee\/fi\/wp-json\/wp\/v2\/product_cat?post=7003"},{"taxonomy":"product_tag","embeddable":true,"href":"https:\/\/ecoshop.ee\/fi\/wp-json\/wp\/v2\/product_tag?post=7003"}],"curies":[{"name":"wp","href":"https:\/\/api.w.org\/{rel}","templated":true}]}}