{"id":7034,"date":"2024-08-14T13:50:44","date_gmt":"2024-08-14T10:50:44","guid":{"rendered":"https:\/\/ecoshop.ee\/?post_type=product&#038;p=7034"},"modified":"2025-10-27T23:01:55","modified_gmt":"2025-10-27T20:01:55","slug":"korkealaatuiset-partakoneen-terat-5-kpl","status":"publish","type":"product","link":"https:\/\/ecoshop.ee\/fi\/raseerimistarvikud\/kvaliteetsed-raseerija-terad-5tk\/","title":{"rendered":"Korkealaatuiset partah\u00f6yl\u00e4n ter\u00e4t, 5 kpl"},"content":{"rendered":"<p>Korkealaatuiset ruotsalaisesta ruostumattomasta ter\u00e4ksest\u00e4 valmistetut partah\u00f6yl\u00e4n ter\u00e4t. N\u00e4m\u00e4 kaksipuoliset ter\u00e4t takaavat eritt\u00e4in tasaisen ja tarkan ajon. Yhteensopiva kaikkien partah\u00f6yl\u00e4merkkien kanssa ja tarjoaa pitk\u00e4kestoisen ter\u00e4vyyden ja kest\u00e4vyyden. Ihanteellinen valinta niille, jotka arvostavat laatua ja tarkkuutta p\u00e4ivitt\u00e4isess\u00e4 hoidossa.<\/p>","protected":false},"excerpt":{"rendered":"<p>Kvaliteetsed raseerija terad, valmistatud Rootsi roostevabast terasest. Need kahepoolsed terad tagavad \u00fclimalt sujuva ja t\u00e4pse raseerimistulemuse. Sobivad k\u00f5ikide br\u00e4ndide raseerijatele, pakkudes pikaajalist&hellip;<\/p>","protected":false},"featured_media":7035,"comment_status":"open","ping_status":"closed","template":"","meta":{"wprm-recipe-roundup-name":"","wprm-recipe-roundup-description":""},"product_brand":[],"product_cat":[281],"product_tag":[191],"class_list":{"0":"post-7034","1":"product","2":"type-product","3":"status-publish","4":"has-post-thumbnail","6":"product_cat-raseerimistarvikud","7":"product_tag-terad","9":"first","10":"instock","11":"taxable","12":"shipping-taxable","13":"purchasable","14":"product-type-simple"},"supplier_id":9163,"supplier_sku":"","barcode":null,"atum_controlled":true,"out_stock_date":null,"out_stock_threshold":null,"inheritable":false,"inbound_stock":0,"stock_on_hold":0,"sold_today":0,"sales_last_days":0,"reserved_stock":0,"customer_returns":0,"warehouse_damage":0,"lost_in_post":0,"other_logs":0,"out_stock_days":0,"lost_sales":0,"has_location":false,"update_date":"2026-03-07T01:16:01","atum_locations":[],"atum_stock_status":"instock","restock_status":false,"low_stock_amount":"","sales_update_date":"2026-03-07T01:16:01","calc_backorders":null,"aioseo_notices":[],"_links":{"self":[{"href":"https:\/\/ecoshop.ee\/fi\/wp-json\/wp\/v2\/product\/7034","targetHints":{"allow":["GET"]}}],"collection":[{"href":"https:\/\/ecoshop.ee\/fi\/wp-json\/wp\/v2\/product"}],"about":[{"href":"https:\/\/ecoshop.ee\/fi\/wp-json\/wp\/v2\/types\/product"}],"replies":[{"embeddable":true,"href":"https:\/\/ecoshop.ee\/fi\/wp-json\/wp\/v2\/comments?post=7034"}],"version-history":[{"count":0,"href":"https:\/\/ecoshop.ee\/fi\/wp-json\/wp\/v2\/product\/7034\/revisions"}],"wp:featuredmedia":[{"embeddable":true,"href":"https:\/\/ecoshop.ee\/fi\/wp-json\/wp\/v2\/media\/7035"}],"wp:attachment":[{"href":"https:\/\/ecoshop.ee\/fi\/wp-json\/wp\/v2\/media?parent=7034"}],"wp:term":[{"taxonomy":"product_brand","embeddable":true,"href":"https:\/\/ecoshop.ee\/fi\/wp-json\/wp\/v2\/product_brand?post=7034"},{"taxonomy":"product_cat","embeddable":true,"href":"https:\/\/ecoshop.ee\/fi\/wp-json\/wp\/v2\/product_cat?post=7034"},{"taxonomy":"product_tag","embeddable":true,"href":"https:\/\/ecoshop.ee\/fi\/wp-json\/wp\/v2\/product_tag?post=7034"}],"curies":[{"name":"wp","href":"https:\/\/api.w.org\/{rel}","templated":true}]}}