{"id":7040,"date":"2024-08-14T14:27:12","date_gmt":"2024-08-14T11:27:12","guid":{"rendered":"https:\/\/ecoshop.ee\/?post_type=product&#038;p=7040"},"modified":"2025-05-19T10:35:54","modified_gmt":"2025-05-19T07:35:54","slug":"ruostumattomasta-teraksesta-valmistettu-partahoylan-pidike","status":"publish","type":"product","link":"https:\/\/ecoshop.ee\/fi\/raseerimistarvikud\/roostevabast-terasest-raseerija-hoidik\/","title":{"rendered":"Ruostumattomasta ter\u00e4ksest\u00e4 valmistettu partah\u00f6yl\u00e4n pidike"},"content":{"rendered":"<p>Elegantti ja kest\u00e4v\u00e4 partah\u00f6yl\u00e4n pidike korkealaatuisesta ruostumattomasta ter\u00e4ksest\u00e4. T\u00e4m\u00e4 k\u00e4yt\u00e4nn\u00f6llinen teline pit\u00e4\u00e4 sek\u00e4 h\u00f6yl\u00e4n ett\u00e4 partasudin j\u00e4rjestyksess\u00e4 ja helposti saatavilla. Tyylik\u00e4s ja toimiva muotoilu sopii mihin tahansa kylpyhuoneeseen ja varmistaa, ett\u00e4 hoitov\u00e4lineesi ovat aina k\u00e4ytt\u00f6valmiina. Ihanteellinen niille, jotka arvostavat siisti\u00e4 parranajoa ja haluavat pident\u00e4\u00e4 tarvikkeidensa k\u00e4ytt\u00f6ik\u00e4\u00e4.<\/p>","protected":false},"excerpt":{"rendered":"<p>Elegantne ja vastupidav raseerija hoidik, mis on valmistatud kvaliteetsest roostevabast terasest. See praktiline alus mahutab nii raseerija kui ka raseerimispintsli, hoides neid&hellip;<\/p>","protected":false},"featured_media":7041,"comment_status":"open","ping_status":"closed","template":"","meta":{"wprm-recipe-roundup-name":"","wprm-recipe-roundup-description":""},"product_brand":[],"product_cat":[281],"product_tag":[290],"class_list":{"0":"post-7040","1":"product","2":"type-product","3":"status-publish","4":"has-post-thumbnail","6":"product_cat-raseerimistarvikud","7":"product_tag-raseerija-alus","9":"first","10":"instock","11":"taxable","12":"shipping-taxable","13":"purchasable","14":"product-type-simple"},"supplier_id":9163,"supplier_sku":"","barcode":null,"atum_controlled":true,"out_stock_date":null,"out_stock_threshold":null,"inheritable":false,"inbound_stock":0,"stock_on_hold":0,"sold_today":0,"sales_last_days":0,"reserved_stock":0,"customer_returns":0,"warehouse_damage":0,"lost_in_post":0,"other_logs":0,"out_stock_days":0,"lost_sales":0,"has_location":false,"update_date":"2026-03-07T01:16:01","atum_locations":[],"atum_stock_status":"instock","restock_status":false,"low_stock_amount":"","sales_update_date":"2026-03-07T01:16:01","calc_backorders":null,"aioseo_notices":[],"_links":{"self":[{"href":"https:\/\/ecoshop.ee\/fi\/wp-json\/wp\/v2\/product\/7040","targetHints":{"allow":["GET"]}}],"collection":[{"href":"https:\/\/ecoshop.ee\/fi\/wp-json\/wp\/v2\/product"}],"about":[{"href":"https:\/\/ecoshop.ee\/fi\/wp-json\/wp\/v2\/types\/product"}],"replies":[{"embeddable":true,"href":"https:\/\/ecoshop.ee\/fi\/wp-json\/wp\/v2\/comments?post=7040"}],"version-history":[{"count":0,"href":"https:\/\/ecoshop.ee\/fi\/wp-json\/wp\/v2\/product\/7040\/revisions"}],"wp:featuredmedia":[{"embeddable":true,"href":"https:\/\/ecoshop.ee\/fi\/wp-json\/wp\/v2\/media\/7041"}],"wp:attachment":[{"href":"https:\/\/ecoshop.ee\/fi\/wp-json\/wp\/v2\/media?parent=7040"}],"wp:term":[{"taxonomy":"product_brand","embeddable":true,"href":"https:\/\/ecoshop.ee\/fi\/wp-json\/wp\/v2\/product_brand?post=7040"},{"taxonomy":"product_cat","embeddable":true,"href":"https:\/\/ecoshop.ee\/fi\/wp-json\/wp\/v2\/product_cat?post=7040"},{"taxonomy":"product_tag","embeddable":true,"href":"https:\/\/ecoshop.ee\/fi\/wp-json\/wp\/v2\/product_tag?post=7040"}],"curies":[{"name":"wp","href":"https:\/\/api.w.org\/{rel}","templated":true}]}}