{"id":7047,"date":"2024-08-14T15:42:14","date_gmt":"2024-08-14T12:42:14","guid":{"rendered":"https:\/\/ecoshop.ee\/?post_type=product&#038;p=7047"},"modified":"2025-11-13T17:14:29","modified_gmt":"2025-11-13T14:14:29","slug":"elegantti-oliivipuusta-valmistettu-uudelleenkaytettava-partahoyla-10-teraa","status":"publish","type":"product","link":"https:\/\/ecoshop.ee\/fi\/raseerijad\/elegantne-oliivipuust-korduvkasutatav-raseerija-10-tera\/","title":{"rendered":"Elegantti oliivipuusta valmistettu uudelleenk\u00e4ytett\u00e4v\u00e4 partah\u00f6yl\u00e4 + 10 ter\u00e4\u00e4"},"content":{"rendered":"<p>Ylellinen uudelleenk\u00e4ytett\u00e4v\u00e4 h\u00f6yl\u00e4, joka on valmistettu oliivipuusta ja viimeistelty korkealaatuisimmista yksityiskohdista. T\u00e4m\u00e4 elegantti h\u00f6yl\u00e4 takaa tarkan ja tasaisen ajon joka kerta. Setti sis\u00e4lt\u00e4\u00e4 10 ruostumattomasta ter\u00e4ksest\u00e4 valmistettua ter\u00e4\u00e4 ja pienen puhdistusharjan, jotka pit\u00e4v\u00e4t h\u00f6yl\u00e4si huippukunnossa. T\u00e4ydellinen niille, jotka arvostavat laatua ja haluavat t\u00e4ydent\u00e4\u00e4 hoitorutiiniaan todella tyylikk\u00e4\u00e4ll\u00e4 ja kest\u00e4v\u00e4ll\u00e4 lis\u00e4varusteella. T\u00e4ydellinen lahja tai sijoitus omaan p\u00e4ivitt\u00e4iseen ihonhoitoon.<\/p>\n<p>Pituus 12 cm<\/p>","protected":false},"excerpt":{"rendered":"<p>Luksuslik korduvkasutatav raseerija, mis on valmistatud oliivipuust ja viimistletud k\u00f5rgeima kvaliteediga detailidega. See elegantne raseerija tagab t\u00e4pse ja sujuva raseerimise iga kord.&hellip;<\/p>","protected":false},"featured_media":7048,"comment_status":"open","ping_status":"closed","template":"","meta":{"wprm-recipe-roundup-name":"","wprm-recipe-roundup-description":""},"product_brand":[],"product_cat":[280],"product_tag":[190],"class_list":{"0":"post-7047","1":"product","2":"type-product","3":"status-publish","4":"has-post-thumbnail","6":"product_cat-raseerijad","7":"product_tag-raseerija","9":"first","10":"instock","11":"sale","12":"taxable","13":"shipping-taxable","14":"purchasable","15":"product-type-simple"},"supplier_id":9163,"supplier_sku":"","barcode":null,"atum_controlled":true,"out_stock_date":null,"out_stock_threshold":null,"inheritable":false,"inbound_stock":0,"stock_on_hold":0,"sold_today":0,"sales_last_days":0,"reserved_stock":0,"customer_returns":0,"warehouse_damage":0,"lost_in_post":0,"other_logs":0,"out_stock_days":0,"lost_sales":0,"has_location":false,"update_date":"2026-03-07T01:16:01","atum_locations":[],"atum_stock_status":"instock","restock_status":false,"low_stock_amount":"","sales_update_date":"2026-03-07T01:16:01","calc_backorders":null,"aioseo_notices":[],"_links":{"self":[{"href":"https:\/\/ecoshop.ee\/fi\/wp-json\/wp\/v2\/product\/7047","targetHints":{"allow":["GET"]}}],"collection":[{"href":"https:\/\/ecoshop.ee\/fi\/wp-json\/wp\/v2\/product"}],"about":[{"href":"https:\/\/ecoshop.ee\/fi\/wp-json\/wp\/v2\/types\/product"}],"replies":[{"embeddable":true,"href":"https:\/\/ecoshop.ee\/fi\/wp-json\/wp\/v2\/comments?post=7047"}],"version-history":[{"count":0,"href":"https:\/\/ecoshop.ee\/fi\/wp-json\/wp\/v2\/product\/7047\/revisions"}],"wp:featuredmedia":[{"embeddable":true,"href":"https:\/\/ecoshop.ee\/fi\/wp-json\/wp\/v2\/media\/7048"}],"wp:attachment":[{"href":"https:\/\/ecoshop.ee\/fi\/wp-json\/wp\/v2\/media?parent=7047"}],"wp:term":[{"taxonomy":"product_brand","embeddable":true,"href":"https:\/\/ecoshop.ee\/fi\/wp-json\/wp\/v2\/product_brand?post=7047"},{"taxonomy":"product_cat","embeddable":true,"href":"https:\/\/ecoshop.ee\/fi\/wp-json\/wp\/v2\/product_cat?post=7047"},{"taxonomy":"product_tag","embeddable":true,"href":"https:\/\/ecoshop.ee\/fi\/wp-json\/wp\/v2\/product_tag?post=7047"}],"curies":[{"name":"wp","href":"https:\/\/api.w.org\/{rel}","templated":true}]}}