{"id":7062,"date":"2024-08-14T18:41:11","date_gmt":"2024-08-14T15:41:11","guid":{"rendered":"https:\/\/ecoshop.ee\/?post_type=product&#038;p=7062"},"modified":"2026-05-11T04:26:27","modified_gmt":"2026-05-11T01:26:27","slug":"kromattu-metallinen-uudelleenkaytettava-partahoyla-5-teraa","status":"publish","type":"product","link":"https:\/\/ecoshop.ee\/fi\/raseerijad\/kroomitud-metallist-korduvkasutatav-raseerija-5-tera\/","title":{"rendered":"Kromattu metallinen uudelleenk\u00e4ytett\u00e4v\u00e4 partah\u00f6yl\u00e4 + 5 ter\u00e4\u00e4"},"content":{"rendered":"<p>Metallinen uudelleenk\u00e4ytett\u00e4v\u00e4 h\u00f6yl\u00e4 on kaikki mit\u00e4 tarvitset t\u00e4ydelliseen parranajoon: avoin kampa on valmistettu korroosionkest\u00e4v\u00e4st\u00e4 kromatusta metallista. Teksturoitu kahva antaa sinulle tarvittavan hallinnan varmistaaksesi turvallisen, mukavan ja tarkan ajon kaikilla vartalon alueilla.<\/p>\n<p>K\u00e4ytt\u00f6ohjeet: Levit\u00e4 partavaahtoa tai -voidetta kasvoillesi py\u00f6rivin liikkein ennen k\u00e4ytt\u00f6\u00e4. Nauti sitten puhtaasta ja perusteellisesta parranajosta korkealaatuisella h\u00f6yl\u00e4ll\u00e4mme.<\/p>\n<p>Hoito: Huuhtele h\u00f6yl\u00e4 huolellisesti puhtaalla, ei liian kuumalla vedell\u00e4 ja ripusta se sitten telineeseen kuivumaan. N\u00e4in h\u00f6yl\u00e4 ehtii kuivua seuraavaan k\u00e4ytt\u00f6kertaan asti.<\/p>\n<p>Pituus 9,8 cm<br \/>\nSis\u00e4lt\u00e4\u00e4 10 ter\u00e4\u00e4 ja puhdistusharjan<br \/>\nPakattu pahvilaatikkoon<\/p>","protected":false},"excerpt":{"rendered":"<p>Metallist korduvkasutatav raseerija on k\u00f5ik, mida vajate t\u00e4iuslikuks raseerimiseks: avatud kammiga raseerija on valmistatud korrosioonikindlast kroomitud metallist. Tekstureeritud k\u00e4epide annab vajaliku kontrolli,&hellip;<\/p>","protected":false},"featured_media":7066,"comment_status":"open","ping_status":"closed","template":"","meta":{"wprm-recipe-roundup-name":"","wprm-recipe-roundup-description":""},"product_brand":[],"product_cat":[280],"product_tag":[190],"class_list":{"0":"post-7062","1":"product","2":"type-product","3":"status-publish","4":"has-post-thumbnail","6":"product_cat-raseerijad","7":"product_tag-raseerija","9":"first","10":"instock","11":"sale","12":"taxable","13":"shipping-taxable","14":"purchasable","15":"product-type-variable"},"supplier_id":null,"supplier_sku":"","barcode":null,"atum_controlled":true,"out_stock_date":null,"out_stock_threshold":null,"inheritable":false,"inbound_stock":0,"stock_on_hold":0,"sold_today":0,"sales_last_days":1,"reserved_stock":0,"customer_returns":0,"warehouse_damage":0,"lost_in_post":0,"other_logs":0,"out_stock_days":0,"lost_sales":0,"has_location":false,"update_date":"2026-05-12T05:57:35","atum_locations":[],"atum_stock_status":"instock","restock_status":false,"low_stock_amount":"","sales_update_date":"2026-03-07T01:16:01","calc_backorders":null,"aioseo_notices":[],"_links":{"self":[{"href":"https:\/\/ecoshop.ee\/fi\/wp-json\/wp\/v2\/product\/7062","targetHints":{"allow":["GET"]}}],"collection":[{"href":"https:\/\/ecoshop.ee\/fi\/wp-json\/wp\/v2\/product"}],"about":[{"href":"https:\/\/ecoshop.ee\/fi\/wp-json\/wp\/v2\/types\/product"}],"replies":[{"embeddable":true,"href":"https:\/\/ecoshop.ee\/fi\/wp-json\/wp\/v2\/comments?post=7062"}],"version-history":[{"count":0,"href":"https:\/\/ecoshop.ee\/fi\/wp-json\/wp\/v2\/product\/7062\/revisions"}],"wp:featuredmedia":[{"embeddable":true,"href":"https:\/\/ecoshop.ee\/fi\/wp-json\/wp\/v2\/media\/7066"}],"wp:attachment":[{"href":"https:\/\/ecoshop.ee\/fi\/wp-json\/wp\/v2\/media?parent=7062"}],"wp:term":[{"taxonomy":"product_brand","embeddable":true,"href":"https:\/\/ecoshop.ee\/fi\/wp-json\/wp\/v2\/product_brand?post=7062"},{"taxonomy":"product_cat","embeddable":true,"href":"https:\/\/ecoshop.ee\/fi\/wp-json\/wp\/v2\/product_cat?post=7062"},{"taxonomy":"product_tag","embeddable":true,"href":"https:\/\/ecoshop.ee\/fi\/wp-json\/wp\/v2\/product_tag?post=7062"}],"curies":[{"name":"wp","href":"https:\/\/api.w.org\/{rel}","templated":true}]}}