{"id":7083,"date":"2024-08-14T19:55:05","date_gmt":"2024-08-14T16:55:05","guid":{"rendered":"https:\/\/ecoshop.ee\/?post_type=product&#038;p=7083"},"modified":"2024-11-07T23:29:26","modified_gmt":"2024-11-07T20:29:26","slug":"3-in-1-parranajosarja-miehille","status":"publish","type":"product","link":"https:\/\/ecoshop.ee\/fi\/raseerimistarvikud\/kolm-uhes-raseerimiskomplekt-meestele\/","title":{"rendered":"3-in-1 parranajosarja miehille"},"content":{"rendered":"<p>Ylellinen 3-in-1 parranajosetti \u2013 t\u00e4ydellinen valinta hyvin hoidetulle miehelle. Setti sis\u00e4lt\u00e4\u00e4 synteettisest\u00e4 harjaksesta valmistetun parranajosutilin, joka tarjoaa ylellisen parranajokokemuksen ilman el\u00e4intuotteita, ruostumattomasta ter\u00e4ksest\u00e4 valmistetun parranajokulhon ja tyylikk\u00e4\u00e4n sutitelineen. T\u00e4m\u00e4 setti yhdist\u00e4\u00e4 eleganssin ja toimivuuden, tehden siit\u00e4 t\u00e4ydellisen lis\u00e4n mihin tahansa parranajoon. Ihanteellinen lahja itse\u00e4\u00e4n hoitavalle miehelle, joka arvostaa tyyli\u00e4, laatua ja k\u00e4yt\u00e4nn\u00f6llisyytt\u00e4!<\/p>","protected":false},"excerpt":{"rendered":"<p>Luksuslik kolm \u00fches raseerimiskomplekt \u2013 ideaalne valik hoolitsetud mehele. Komplekt sisaldab s\u00fcnteetiliste karvadega raseerimispintslit, mis pakub loomsetest toodetest vaba luksuslikku raseerimiskogemust, roostevabast&hellip;<\/p>","protected":false},"featured_media":7084,"comment_status":"open","ping_status":"closed","template":"","meta":{"wprm-recipe-roundup-name":"","wprm-recipe-roundup-description":""},"product_brand":[],"product_cat":[281],"product_tag":[290],"class_list":{"0":"post-7083","1":"product","2":"type-product","3":"status-publish","4":"has-post-thumbnail","6":"product_cat-raseerimistarvikud","7":"product_tag-raseerija-alus","9":"first","10":"instock","11":"taxable","12":"shipping-taxable","13":"purchasable","14":"product-type-simple"},"supplier_id":9163,"supplier_sku":"","barcode":null,"atum_controlled":true,"out_stock_date":null,"out_stock_threshold":null,"inheritable":false,"inbound_stock":0,"stock_on_hold":0,"sold_today":0,"sales_last_days":0,"reserved_stock":0,"customer_returns":0,"warehouse_damage":0,"lost_in_post":0,"other_logs":0,"out_stock_days":0,"lost_sales":0,"has_location":false,"update_date":"2026-03-07T01:16:02","atum_locations":[],"atum_stock_status":"instock","restock_status":false,"low_stock_amount":"","sales_update_date":"2026-03-07T01:16:02","calc_backorders":null,"aioseo_notices":[],"_links":{"self":[{"href":"https:\/\/ecoshop.ee\/fi\/wp-json\/wp\/v2\/product\/7083","targetHints":{"allow":["GET"]}}],"collection":[{"href":"https:\/\/ecoshop.ee\/fi\/wp-json\/wp\/v2\/product"}],"about":[{"href":"https:\/\/ecoshop.ee\/fi\/wp-json\/wp\/v2\/types\/product"}],"replies":[{"embeddable":true,"href":"https:\/\/ecoshop.ee\/fi\/wp-json\/wp\/v2\/comments?post=7083"}],"version-history":[{"count":0,"href":"https:\/\/ecoshop.ee\/fi\/wp-json\/wp\/v2\/product\/7083\/revisions"}],"wp:featuredmedia":[{"embeddable":true,"href":"https:\/\/ecoshop.ee\/fi\/wp-json\/wp\/v2\/media\/7084"}],"wp:attachment":[{"href":"https:\/\/ecoshop.ee\/fi\/wp-json\/wp\/v2\/media?parent=7083"}],"wp:term":[{"taxonomy":"product_brand","embeddable":true,"href":"https:\/\/ecoshop.ee\/fi\/wp-json\/wp\/v2\/product_brand?post=7083"},{"taxonomy":"product_cat","embeddable":true,"href":"https:\/\/ecoshop.ee\/fi\/wp-json\/wp\/v2\/product_cat?post=7083"},{"taxonomy":"product_tag","embeddable":true,"href":"https:\/\/ecoshop.ee\/fi\/wp-json\/wp\/v2\/product_tag?post=7083"}],"curies":[{"name":"wp","href":"https:\/\/api.w.org\/{rel}","templated":true}]}}