{"id":7103,"date":"2024-08-14T21:40:49","date_gmt":"2024-08-14T18:40:49","guid":{"rendered":"https:\/\/ecoshop.ee\/?post_type=product&#038;p=7103"},"modified":"2026-05-08T21:32:49","modified_gmt":"2026-05-08T18:32:49","slug":"bettr-mieto-kermainen-maapahkinavoi-250-g","status":"publish","type":"product","link":"https:\/\/ecoshop.ee\/fi\/piimad-ja-maarded\/bettr-mahe-kreemine-maapahklivoi-250g\/","title":{"rendered":"Bett&#039;r luomu kermainen maap\u00e4hkin\u00e4voi, 250g"},"content":{"rendered":"<p>Me kaikki rakastamme maap\u00e4hkin\u00e4voita! Mutta kuinka monta kertaa olet joutunut tilanteeseen, jossa sinun on t\u00e4ytynyt sekoittaa \u00e4\u00e4rimm\u00e4isen kovaa ja j\u00e4ykk\u00e4\u00e4 maap\u00e4hkin\u00e4voita?<\/p>\n<p>Meill\u00e4 on ratkaisu! Bett&#039;r Organic Peanut Butter on niin pehme\u00e4\u00e4 ja kermaista, ett\u00e4 voit nauttia siit\u00e4 pelk\u00e4ll\u00e4 lusikalla. Levit\u00e4 t\u00e4t\u00e4 herkullista ja pehme\u00e4\u00e4 maap\u00e4hkin\u00e4voita leip\u00e4viipaleelle ja nauti vastustamattomasta mausta tai kokeile sit\u00e4 amerikkalaistyyliin hillon kanssa. Jos haluat antaa t\u00e4ysill\u00e4, lis\u00e4\u00e4 banaaniviipaleita!<\/p>\n<p>Bett&#039;r maap\u00e4hkin\u00e4voi ei ole kovaa!<\/p>\n<p>&nbsp;<\/p>\n<ul>\n<li>100% Luonnollinen ja orgaaninen<\/li>\n<li>Valmistettu korkealaatuisista maap\u00e4hkin\u00f6ist\u00e4<\/li>\n<li>Supersile\u00e4 uuden hienojauhatustekniikan ansiosta<\/li>\n<li>Ilman lis\u00e4aineita \u2013 100% maap\u00e4hkin\u00e4t<\/li>\n<li>Ihanan kermainen ja herkullinen<\/li>\n<\/ul>","protected":false},"excerpt":{"rendered":"<p>Me k\u00f5ik armastame maap\u00e4hkliv\u00f5id! Kuid kui palju kordi oled sattunud olukorda, kus pead segama \u00fclik\u00f5va ja j\u00e4ika p\u00e4hkliv\u00f5id? Meil on lahendus! Bett\u2019r&hellip;<\/p>","protected":false},"featured_media":7104,"comment_status":"open","ping_status":"closed","template":"","meta":{"wprm-recipe-roundup-name":"","wprm-recipe-roundup-description":""},"product_brand":[11995],"product_cat":[325,161,303],"product_tag":[295,297],"class_list":{"0":"post-7103","1":"product","2":"type-product","3":"status-publish","4":"has-post-thumbnail","6":"product_brand-bettr","7":"product_cat-piimad-ja-maarded","8":"product_cat-sahvrikaubad","9":"product_cat-mahetooted","10":"product_tag-maapahklivoi","11":"product_tag-mahe","12":"j79_wcxd_expiry_type-expiry-date","14":"first","15":"instock","16":"taxable","17":"shipping-taxable","18":"purchasable","19":"product-type-simple"},"supplier_id":9165,"supplier_sku":"","barcode":"3800233688467","atum_controlled":true,"out_stock_date":null,"out_stock_threshold":null,"inheritable":false,"inbound_stock":0,"stock_on_hold":0,"sold_today":0,"sales_last_days":0,"reserved_stock":0,"customer_returns":0,"warehouse_damage":0,"lost_in_post":0,"other_logs":0,"out_stock_days":111,"lost_sales":69,"has_location":false,"update_date":"2026-05-08T18:32:51","atum_locations":[],"atum_stock_status":"instock","restock_status":false,"low_stock_amount":"","sales_update_date":"2026-04-06T20:01:18","calc_backorders":null,"aioseo_notices":[],"_links":{"self":[{"href":"https:\/\/ecoshop.ee\/fi\/wp-json\/wp\/v2\/product\/7103","targetHints":{"allow":["GET"]}}],"collection":[{"href":"https:\/\/ecoshop.ee\/fi\/wp-json\/wp\/v2\/product"}],"about":[{"href":"https:\/\/ecoshop.ee\/fi\/wp-json\/wp\/v2\/types\/product"}],"replies":[{"embeddable":true,"href":"https:\/\/ecoshop.ee\/fi\/wp-json\/wp\/v2\/comments?post=7103"}],"version-history":[{"count":1,"href":"https:\/\/ecoshop.ee\/fi\/wp-json\/wp\/v2\/product\/7103\/revisions"}],"predecessor-version":[{"id":396142,"href":"https:\/\/ecoshop.ee\/fi\/wp-json\/wp\/v2\/product\/7103\/revisions\/396142"}],"wp:featuredmedia":[{"embeddable":true,"href":"https:\/\/ecoshop.ee\/fi\/wp-json\/wp\/v2\/media\/7104"}],"wp:attachment":[{"href":"https:\/\/ecoshop.ee\/fi\/wp-json\/wp\/v2\/media?parent=7103"}],"wp:term":[{"taxonomy":"product_brand","embeddable":true,"href":"https:\/\/ecoshop.ee\/fi\/wp-json\/wp\/v2\/product_brand?post=7103"},{"taxonomy":"product_cat","embeddable":true,"href":"https:\/\/ecoshop.ee\/fi\/wp-json\/wp\/v2\/product_cat?post=7103"},{"taxonomy":"product_tag","embeddable":true,"href":"https:\/\/ecoshop.ee\/fi\/wp-json\/wp\/v2\/product_tag?post=7103"}],"curies":[{"name":"wp","href":"https:\/\/api.w.org\/{rel}","templated":true}]}}