{"id":7365,"date":"2024-08-20T22:42:17","date_gmt":"2024-08-20T19:42:17","guid":{"rendered":"https:\/\/ecoshop.ee\/?post_type=product&#038;p=7365"},"modified":"2025-08-12T13:46:08","modified_gmt":"2025-08-12T10:46:08","slug":"saadettava-metallinen-partahoyla-5-teraa","status":"publish","type":"product","link":"https:\/\/ecoshop.ee\/fi\/raseerijad\/reguleeritav-metallist-raseerija-5-tera\/","title":{"rendered":"S\u00e4\u00e4dett\u00e4v\u00e4 metallinen h\u00f6yl\u00e4 + 5 ter\u00e4\u00e4"},"content":{"rendered":"<p>S\u00e4\u00e4dett\u00e4v\u00e4 kromattu metallinen h\u00f6yl\u00e4, jossa on viisi ter\u00e4\u00e4. Korkealaatuinen metallinen h\u00f6yl\u00e4 on kromattu kest\u00e4vyyden ja tyylikk\u00e4\u00e4n ulkon\u00e4\u00f6n takaamiseksi. S\u00e4\u00e4dett\u00e4v\u00e4n ter\u00e4n korkeuden ansiosta voit s\u00e4\u00e4t\u00e4\u00e4 ajovoimakkuutta mielesi mukaan, jolloin saat tasaisen ja tarkan ajon joka kerta. Setti sis\u00e4lt\u00e4\u00e4 viisi vaihdettavaa ter\u00e4\u00e4 pitk\u00e4aikaiseen k\u00e4ytt\u00f6\u00f6n ja maksimaaliseen ter\u00e4vyyteen. T\u00e4m\u00e4 uudelleenk\u00e4ytett\u00e4v\u00e4 h\u00f6yl\u00e4 voi mullistaa karvanpoistokokemuksesi k\u00e4tev\u00e4n muotoilunsa ja kest\u00e4v\u00e4n rakenteensa ansiosta. Laadun ei tarvitse olla kallista!<\/p>\n<p>Pituus: 10,8 cm<\/p>","protected":false},"excerpt":{"rendered":"<p>Reguleeritav kroomitud metallist raseerija, mis on varustatud viie teraga. Kvaliteetse viimistlusega metallist raseerija on kroomkattega, mis tagab vastupidavuse ja stiilse v\u00e4limuse. Reguleeritav&hellip;<\/p>","protected":false},"featured_media":7366,"comment_status":"open","ping_status":"closed","template":"","meta":{"wprm-recipe-roundup-name":"","wprm-recipe-roundup-description":""},"product_brand":[],"product_cat":[280],"product_tag":[190],"class_list":{"0":"post-7365","1":"product","2":"type-product","3":"status-publish","4":"has-post-thumbnail","6":"product_cat-raseerijad","7":"product_tag-raseerija","9":"first","10":"instock","11":"sale","12":"taxable","13":"shipping-taxable","14":"purchasable","15":"product-type-simple"},"supplier_id":9163,"supplier_sku":"","barcode":null,"atum_controlled":true,"out_stock_date":null,"out_stock_threshold":null,"inheritable":false,"inbound_stock":0,"stock_on_hold":0,"sold_today":0,"sales_last_days":0,"reserved_stock":0,"customer_returns":0,"warehouse_damage":0,"lost_in_post":0,"other_logs":0,"out_stock_days":0,"lost_sales":0,"has_location":false,"update_date":"2026-03-28T20:41:37","atum_locations":[],"atum_stock_status":"instock","restock_status":false,"low_stock_amount":"","sales_update_date":"2026-03-28T20:41:37","calc_backorders":null,"aioseo_notices":[],"_links":{"self":[{"href":"https:\/\/ecoshop.ee\/fi\/wp-json\/wp\/v2\/product\/7365","targetHints":{"allow":["GET"]}}],"collection":[{"href":"https:\/\/ecoshop.ee\/fi\/wp-json\/wp\/v2\/product"}],"about":[{"href":"https:\/\/ecoshop.ee\/fi\/wp-json\/wp\/v2\/types\/product"}],"replies":[{"embeddable":true,"href":"https:\/\/ecoshop.ee\/fi\/wp-json\/wp\/v2\/comments?post=7365"}],"version-history":[{"count":0,"href":"https:\/\/ecoshop.ee\/fi\/wp-json\/wp\/v2\/product\/7365\/revisions"}],"wp:featuredmedia":[{"embeddable":true,"href":"https:\/\/ecoshop.ee\/fi\/wp-json\/wp\/v2\/media\/7366"}],"wp:attachment":[{"href":"https:\/\/ecoshop.ee\/fi\/wp-json\/wp\/v2\/media?parent=7365"}],"wp:term":[{"taxonomy":"product_brand","embeddable":true,"href":"https:\/\/ecoshop.ee\/fi\/wp-json\/wp\/v2\/product_brand?post=7365"},{"taxonomy":"product_cat","embeddable":true,"href":"https:\/\/ecoshop.ee\/fi\/wp-json\/wp\/v2\/product_cat?post=7365"},{"taxonomy":"product_tag","embeddable":true,"href":"https:\/\/ecoshop.ee\/fi\/wp-json\/wp\/v2\/product_tag?post=7365"}],"curies":[{"name":"wp","href":"https:\/\/api.w.org\/{rel}","templated":true}]}}