{"id":7541,"date":"2024-08-24T21:45:29","date_gmt":"2024-08-24T18:45:29","guid":{"rendered":"https:\/\/ecoshop.ee\/?post_type=product&#038;p=7541"},"modified":"2026-04-06T22:30:58","modified_gmt":"2026-04-06T19:30:58","slug":"bambuhammasharja","status":"publish","type":"product","link":"https:\/\/ecoshop.ee\/fi\/hugieenitarbed\/bambusest-hambahari\/","title":{"rendered":"Bambuinen hammasharja"},"content":{"rendered":"<p>Elegantti ja ymp\u00e4rist\u00f6yst\u00e4v\u00e4llinen bambuhammasharja, joka sopii mukavasti jokaiseen k\u00e4teen. Pehme\u00e4t harjakset suojaavat ikeni\u00e4 hell\u00e4varaisesti est\u00e4en verenvuotoa ja naarmuuntumista samalla varmistaen perusteellisen puhdistuksen. T\u00e4m\u00e4 hammasharja ylt\u00e4\u00e4 helposti kaikkiin hampaisiin ja suupieliin, tarjoten miellytt\u00e4v\u00e4n ja tehokkaan puhdistuksen joka kerta. Valmistettu kest\u00e4v\u00e4st\u00e4 bambusta, 17 cm pitk\u00e4. Saatavilla tyylikk\u00e4iss\u00e4 v\u00e4reiss\u00e4: musta, valkoinen ja beige. Ihanteellinen valinta suuhygienian ja terveyden yll\u00e4pit\u00e4miseen. Pakattu ohueen pahvilaatikkoon.<\/p>","protected":false},"excerpt":{"rendered":"<p>Elegantne ja looduss\u00f5bralik bambusest hambahari, mis sobitub mugavalt igasse k\u00e4tte. Pehmed harjased kaitsevad \u00f5rnalt igemeid, v\u00e4ltides veritsemist ja kriimustusi, tagades samal ajal&hellip;<\/p>","protected":false},"featured_media":7545,"comment_status":"open","ping_status":"closed","template":"","meta":{"wprm-recipe-roundup-name":"","wprm-recipe-roundup-description":""},"product_brand":[],"product_cat":[246],"product_tag":[196],"class_list":{"0":"post-7541","1":"product","2":"type-product","3":"status-publish","4":"has-post-thumbnail","6":"product_cat-hugieenitarbed","7":"product_tag-hambahari","9":"first","10":"instock","11":"taxable","12":"shipping-taxable","13":"purchasable","14":"product-type-variable"},"supplier_id":null,"supplier_sku":"","barcode":null,"atum_controlled":true,"out_stock_date":null,"out_stock_threshold":null,"inheritable":false,"inbound_stock":0,"stock_on_hold":0,"sold_today":0,"sales_last_days":1,"reserved_stock":0,"customer_returns":0,"warehouse_damage":0,"lost_in_post":0,"other_logs":0,"out_stock_days":0,"lost_sales":0,"has_location":false,"update_date":"2026-04-07T07:40:59","atum_locations":[],"atum_stock_status":"instock","restock_status":false,"low_stock_amount":"","sales_update_date":"2026-03-07T01:16:03","calc_backorders":null,"aioseo_notices":[],"_links":{"self":[{"href":"https:\/\/ecoshop.ee\/fi\/wp-json\/wp\/v2\/product\/7541","targetHints":{"allow":["GET"]}}],"collection":[{"href":"https:\/\/ecoshop.ee\/fi\/wp-json\/wp\/v2\/product"}],"about":[{"href":"https:\/\/ecoshop.ee\/fi\/wp-json\/wp\/v2\/types\/product"}],"replies":[{"embeddable":true,"href":"https:\/\/ecoshop.ee\/fi\/wp-json\/wp\/v2\/comments?post=7541"}],"version-history":[{"count":0,"href":"https:\/\/ecoshop.ee\/fi\/wp-json\/wp\/v2\/product\/7541\/revisions"}],"wp:featuredmedia":[{"embeddable":true,"href":"https:\/\/ecoshop.ee\/fi\/wp-json\/wp\/v2\/media\/7545"}],"wp:attachment":[{"href":"https:\/\/ecoshop.ee\/fi\/wp-json\/wp\/v2\/media?parent=7541"}],"wp:term":[{"taxonomy":"product_brand","embeddable":true,"href":"https:\/\/ecoshop.ee\/fi\/wp-json\/wp\/v2\/product_brand?post=7541"},{"taxonomy":"product_cat","embeddable":true,"href":"https:\/\/ecoshop.ee\/fi\/wp-json\/wp\/v2\/product_cat?post=7541"},{"taxonomy":"product_tag","embeddable":true,"href":"https:\/\/ecoshop.ee\/fi\/wp-json\/wp\/v2\/product_tag?post=7541"}],"curies":[{"name":"wp","href":"https:\/\/api.w.org\/{rel}","templated":true}]}}