{"id":7875,"date":"2024-09-14T17:39:42","date_gmt":"2024-09-14T14:39:42","guid":{"rendered":"https:\/\/ecoshop.ee\/?post_type=product&#038;p=7875"},"modified":"2026-05-08T19:17:53","modified_gmt":"2026-05-08T16:17:53","slug":"vegaaninen-omega-3","status":"publish","type":"product","link":"https:\/\/ecoshop.ee\/fi\/vegan-toidulisandid\/vegan-omega-3\/","title":{"rendered":"Vegaaninen Omega-3, N60"},"content":{"rendered":"<p>Vegetology 100% Luonnollinen vegaaninen omega-3 on per\u00e4isin suoraan mikrolevist\u00e4, joita kasvatetaan erityisess\u00e4 tuotantolaitoksessa. Se sis\u00e4lt\u00e4\u00e4 <strong>300 mg EPA:a<\/strong> ja <strong>500 mg DHA:ta<\/strong> lis\u00e4tty\u00e4 D3-vitamiinia, joka tarjoaa kaikki kala\u00f6ljyn omega-3-hy\u00f6dyt. Sen tuotantomenetelm\u00e4 j\u00e4tt\u00e4\u00e4 kalat valtameriin, mik\u00e4 tukee kest\u00e4v\u00e4\u00e4 kehityst\u00e4.<\/p>\n<p><strong>T\u00e4rkeit\u00e4 etuja:<\/strong><\/p>\n<ul>\n<li><strong>Aivojen terveys:<\/strong> Edist\u00e4\u00e4 normaalia aivotoimintaa.<\/li>\n<li><strong>N\u00e4\u00f6n tuki:<\/strong> Tukee silmien terveytt\u00e4.<\/li>\n<li><strong>Syd\u00e4men terveys:<\/strong> Edist\u00e4\u00e4 normaalia syd\u00e4men toimintaa.<\/li>\n<\/ul>\n<p>Toisin kuin useimmat kalasta valmistetut omega-3-lis\u00e4ravinteet, meid\u00e4n omega-3-rasvahapot ovat per\u00e4isin suoraan levist\u00e4 \u2013 puhtaampi ja kest\u00e4v\u00e4mpi vaihtoehto. Lis\u00e4ksi Vegetology Omega-3 on vahvempaa kuin monet kala\u00f6ljypohjaiset tuotteet!<\/p>\n<p>&nbsp;<\/p>\n<p><iframe title=\"Avaa levien voima: Miksi @vegetologyuk Omega-3 on mullistava aivoille, syd\u00e4melle ja silmille!\" width=\"1160\" height=\"653\" src=\"https:\/\/www.youtube.com\/embed\/nzoS4FpDii8?start=1&#038;feature=oembed\" frameborder=\"0\" allow=\"accelerometer; autoplay; clipboard-write; encrypted-media; gyroscope; picture-in-picture; web-share\" referrerpolicy=\"strict-origin-when-cross-origin\" allowfullscreen><\/iframe><\/p>","protected":false},"excerpt":{"rendered":"<p>Vegetology 100% looduslik vegan Omega-3 on saadud otse mikrovetikatest, mida kasvatatakse spetsiaalses tootmiskeskuses. See sisaldab 300mg EPA-d ja 500mg DHA-d koos lisatud&hellip;<\/p>","protected":false},"featured_media":8005,"comment_status":"open","ping_status":"closed","template":"","meta":{"wprm-recipe-roundup-name":"","wprm-recipe-roundup-description":""},"product_brand":[12063],"product_cat":[318],"product_tag":[319,320,321],"class_list":{"0":"post-7875","1":"product","2":"type-product","3":"status-publish","4":"has-post-thumbnail","6":"product_brand-vegetology","7":"product_cat-vegan-toidulisandid","8":"product_tag-omega-3","9":"product_tag-toidulisand","10":"product_tag-vitamiinid","11":"j79_wcxd_expiry_type-best-before","13":"first","14":"instock","15":"taxable","16":"shipping-taxable","17":"purchasable","18":"product-type-simple"},"supplier_id":9147,"supplier_sku":"","barcode":"5060351380119","atum_controlled":true,"out_stock_date":null,"out_stock_threshold":null,"inheritable":false,"inbound_stock":0,"stock_on_hold":0,"sold_today":0,"sales_last_days":3,"reserved_stock":0,"customer_returns":0,"warehouse_damage":0,"lost_in_post":0,"other_logs":0,"out_stock_days":0,"lost_sales":0,"has_location":false,"update_date":"2026-05-12T10:48:13","atum_locations":[],"atum_stock_status":"instock","restock_status":false,"low_stock_amount":"","sales_update_date":"2026-05-12T10:48:13","calc_backorders":null,"aioseo_notices":[],"_links":{"self":[{"href":"https:\/\/ecoshop.ee\/fi\/wp-json\/wp\/v2\/product\/7875","targetHints":{"allow":["GET"]}}],"collection":[{"href":"https:\/\/ecoshop.ee\/fi\/wp-json\/wp\/v2\/product"}],"about":[{"href":"https:\/\/ecoshop.ee\/fi\/wp-json\/wp\/v2\/types\/product"}],"replies":[{"embeddable":true,"href":"https:\/\/ecoshop.ee\/fi\/wp-json\/wp\/v2\/comments?post=7875"}],"version-history":[{"count":0,"href":"https:\/\/ecoshop.ee\/fi\/wp-json\/wp\/v2\/product\/7875\/revisions"}],"wp:featuredmedia":[{"embeddable":true,"href":"https:\/\/ecoshop.ee\/fi\/wp-json\/wp\/v2\/media\/8005"}],"wp:attachment":[{"href":"https:\/\/ecoshop.ee\/fi\/wp-json\/wp\/v2\/media?parent=7875"}],"wp:term":[{"taxonomy":"product_brand","embeddable":true,"href":"https:\/\/ecoshop.ee\/fi\/wp-json\/wp\/v2\/product_brand?post=7875"},{"taxonomy":"product_cat","embeddable":true,"href":"https:\/\/ecoshop.ee\/fi\/wp-json\/wp\/v2\/product_cat?post=7875"},{"taxonomy":"product_tag","embeddable":true,"href":"https:\/\/ecoshop.ee\/fi\/wp-json\/wp\/v2\/product_tag?post=7875"}],"curies":[{"name":"wp","href":"https:\/\/api.w.org\/{rel}","templated":true}]}}