{"id":8004,"date":"2024-09-18T17:19:32","date_gmt":"2024-09-18T14:19:32","guid":{"rendered":"https:\/\/ecoshop.ee\/?post_type=product&#038;p=8004"},"modified":"2026-05-11T23:17:32","modified_gmt":"2026-05-11T20:17:32","slug":"multivit-vegaaninen-lisaravinne-monivitamiini-n60","status":"publish","type":"product","link":"https:\/\/ecoshop.ee\/fi\/vegan-toidulisandid\/multivit-vegan-toidulisand-multivitamiin-n60\/","title":{"rendered":"MultiVit all-in-one-ravintolis\u00e4, N60"},"content":{"rendered":"<p>Monivitamiini, joka sis\u00e4lt\u00e4\u00e4 kaiken tarvittavan terveytesi tukemiseen.<\/p>\n<p>26 vitamiinia ja kivenn\u00e4isainetta + superfood-kompleksi takaavat eritt\u00e4in tehokkaan lis\u00e4ravinteen.<\/p>\n<p>Tasapainota kehosi ja mielesi Vegetology Multivitamiinilla, joka sis\u00e4lt\u00e4\u00e4 26 vitamiinia ja kivenn\u00e4isainetta sek\u00e4 antioksidanttipitoisen superfood-kompleksin. T\u00e4m\u00e4 ainutlaatuinen koostumus sis\u00e4lt\u00e4\u00e4 my\u00f6s aminohappokelaatteja, jotka varmistavat kunkin ravintoaineen paremman imeytymisen ja bioaktiivisuuden kehossa.<\/p>\n<p><strong>Edut:<\/strong><\/p>\n<ul>\n<li><strong>Aineenvaihdunnan tuki:<\/strong> Normaali energiantuotanto aineenvaihdunnasta.<\/li>\n<li><strong>Immuunij\u00e4rjestelm\u00e4n vahvistaminen:<\/strong> Immuunij\u00e4rjestelm\u00e4n normaali toiminta.<\/li>\n<li><strong>Hermoston s\u00e4\u00e4tely:<\/strong> Hermoston normaali toiminta.<\/li>\n<li><strong>V\u00e4symyksen v\u00e4hent\u00e4minen:<\/strong> V\u00e4symyksen ja uupumuksen v\u00e4hent\u00e4minen.<\/li>\n<li><strong>Aivojen toiminta:<\/strong> Normaali psykologinen, kognitiivinen toimintakyky ja henkinen suorituskyky.<\/li>\n<li><strong>Hengityksen tuki:<\/strong> Solujen suoja oksidatiiviselta stressilt\u00e4.<\/li>\n<li><strong>Luuston ja lihasten hoito:<\/strong> Luiden, hampaiden, ihon ja hiusten normaali kunto.<\/li>\n<li><strong>Kollageenin tuotanto:<\/strong> Normaali kollageenin muodostuminen verisuonille, luille, rustolle, ikenille, iholle ja hampaille.<\/li>\n<\/ul>\n<p><strong>Miksi valita MultiVit?<\/strong><\/p>\n<p>26 vitamiinin ja kivenn\u00e4isaineen lis\u00e4ksi MultiVit sis\u00e4lt\u00e4\u00e4 ainutlaatuisen superfood-kompleksin, joka on valmistettu poikkeuksellisista kasvitieteellisist\u00e4 ainesosista, kuten goji-marjauutteesta, mustikkauutteesta, vihre\u00e4n teen uutteesta, kurpitsansiemenuutteesta ja resveratrolista (ryp\u00e4leuute). T\u00e4m\u00e4 ainutlaatuinen kompleksi tuo esiin n\u00e4iden upeiden luonnollisten ainesosien parhaat puolet ja tarjoaa poikkeuksellisia antioksidanttisia ja terveyshy\u00f6tyj\u00e4.<\/p>","protected":false},"excerpt":{"rendered":"<p>Multivitamiin milles on k\u00f5ik vajalik enda tervise toetamiseks. 26 vitamiini ja mineraali + supertoidu kompleks tagavad \u00e4\u00e4rmiselt t\u00f5husa toidulisandi. Tasakaalusta keha ja&hellip;<\/p>","protected":false},"featured_media":8011,"comment_status":"open","ping_status":"closed","template":"","meta":{"wprm-recipe-roundup-name":"","wprm-recipe-roundup-description":""},"product_brand":[12063],"product_cat":[318],"product_tag":[335,320],"class_list":{"0":"post-8004","1":"product","2":"type-product","3":"status-publish","4":"has-post-thumbnail","6":"product_brand-vegetology","7":"product_cat-vegan-toidulisandid","8":"product_tag-multivitamiin","9":"product_tag-toidulisand","10":"j79_wcxd_expiry_type-best-before","12":"first","13":"instock","14":"taxable","15":"shipping-taxable","16":"purchasable","17":"product-type-simple"},"supplier_id":9147,"supplier_sku":"","barcode":"5060351380157","atum_controlled":true,"out_stock_date":null,"out_stock_threshold":null,"inheritable":false,"inbound_stock":0,"stock_on_hold":0,"sold_today":0,"sales_last_days":4,"reserved_stock":0,"customer_returns":0,"warehouse_damage":0,"lost_in_post":0,"other_logs":0,"out_stock_days":0,"lost_sales":0,"has_location":false,"update_date":"2026-05-12T21:04:38","atum_locations":[],"atum_stock_status":"instock","restock_status":true,"low_stock_amount":"","sales_update_date":"2026-05-12T21:04:38","calc_backorders":null,"aioseo_notices":[],"_links":{"self":[{"href":"https:\/\/ecoshop.ee\/fi\/wp-json\/wp\/v2\/product\/8004","targetHints":{"allow":["GET"]}}],"collection":[{"href":"https:\/\/ecoshop.ee\/fi\/wp-json\/wp\/v2\/product"}],"about":[{"href":"https:\/\/ecoshop.ee\/fi\/wp-json\/wp\/v2\/types\/product"}],"replies":[{"embeddable":true,"href":"https:\/\/ecoshop.ee\/fi\/wp-json\/wp\/v2\/comments?post=8004"}],"version-history":[{"count":0,"href":"https:\/\/ecoshop.ee\/fi\/wp-json\/wp\/v2\/product\/8004\/revisions"}],"wp:featuredmedia":[{"embeddable":true,"href":"https:\/\/ecoshop.ee\/fi\/wp-json\/wp\/v2\/media\/8011"}],"wp:attachment":[{"href":"https:\/\/ecoshop.ee\/fi\/wp-json\/wp\/v2\/media?parent=8004"}],"wp:term":[{"taxonomy":"product_brand","embeddable":true,"href":"https:\/\/ecoshop.ee\/fi\/wp-json\/wp\/v2\/product_brand?post=8004"},{"taxonomy":"product_cat","embeddable":true,"href":"https:\/\/ecoshop.ee\/fi\/wp-json\/wp\/v2\/product_cat?post=8004"},{"taxonomy":"product_tag","embeddable":true,"href":"https:\/\/ecoshop.ee\/fi\/wp-json\/wp\/v2\/product_tag?post=8004"}],"curies":[{"name":"wp","href":"https:\/\/api.w.org\/{rel}","templated":true}]}}