{"id":8027,"date":"2024-09-18T17:57:31","date_gmt":"2024-09-18T14:57:31","guid":{"rendered":"https:\/\/ecoshop.ee\/?post_type=product&#038;p=8027"},"modified":"2026-03-28T16:01:04","modified_gmt":"2026-03-28T13:01:04","slug":"vollagen-vegaaninen-kollageeni-n60","status":"publish","type":"product","link":"https:\/\/ecoshop.ee\/fi\/vegan-toidulisandid\/vollagen-vegan-kollageen-n60\/","title":{"rendered":"Vollagen\u00ae vegaaninen kollageeni, N60"},"content":{"rendered":"<p><strong>Mik\u00e4 on Vollagen\u00ae?<\/strong><\/p>\n<p>Vollagen\u00ae eli vegaaninen kollageeni on aminohappokompleksi, joka sis\u00e4lt\u00e4\u00e4 samoja aminohappoja kuin kollageenissa. Kollageeni on t\u00e4rkein rakenneproteiini, josta ihomme, hiuksemme, kynsimme, nivelsiteemme ja j\u00e4nteemme koostuvat. Koska el\u00e4inkollageeni ei imeydy helposti elimist\u00f6\u00f6n, se on hydrolysoitava aminohappojen vapauttamiseksi. Vollagen\u00ae 1000mg tarjoaa kaikki n\u00e4m\u00e4 aminohapot kasviper\u00e4isist\u00e4 l\u00e4hteist\u00e4, mik\u00e4 tekee siit\u00e4 t\u00e4ydellisen vegaanisen vaihtoehdon kollageenille.<\/p>\n<p><strong>Edut:<\/strong><\/p>\n<ul>\n<li>Tukee ihon, hiusten ja kynsien terveytt\u00e4.<\/li>\n<li>Auttaa v\u00e4hent\u00e4m\u00e4\u00e4n hienoja ryppyj\u00e4 ja parantamaan ihon kimmoisuutta.<\/li>\n<li>Kasviper\u00e4isist\u00e4 l\u00e4hteist\u00e4 per\u00e4isin oleva koostumus, sopii vegaaneille ja kasvissy\u00f6jille.<\/li>\n<li>Tarjoaa helposti imeytyvi\u00e4 v\u00e4ltt\u00e4m\u00e4tt\u00f6mi\u00e4 aminohappoja.<\/li>\n<\/ul>\n<p><strong>Kollageenin merkitys:<\/strong><\/p>\n<p>Kollageeni on yksi kehon t\u00e4rkeimmist\u00e4 rakenneproteiineista, joka antaa kudoksille lujuutta ja kimmoisuutta. Ik\u00e4\u00e4ntyess\u00e4mme kollageenin tuotanto hidastuu, mik\u00e4 aiheuttaa ihon veltostumista, ryppyj\u00e4 sek\u00e4 hiusten ja kynsien haurautta. Vollagen\u00ae on suunniteltu tarjoamaan samanlaisia hy\u00f6tyj\u00e4 kuin kollageeni stimuloimalla kehon omaa kollageenin tuotantoa.<\/p>\n<p><strong>Tutkimustulokset:<\/strong><\/p>\n<p>Riippumattomat kuluttajatestit ovat osoittaneet, ett\u00e4 Vollagen\u00ae-valmisteen k\u00e4ytt\u00f6 60 p\u00e4iv\u00e4n ajan auttaa kiinteytt\u00e4m\u00e4\u00e4n, pehment\u00e4m\u00e4\u00e4n ja kosteuttamaan ihoa, v\u00e4hent\u00e4m\u00e4\u00e4n hienojen juonteiden ja ryppyjen n\u00e4kymist\u00e4 sek\u00e4 parantamaan kynsien terveytt\u00e4 ja vahvuutta.<\/p>","protected":false},"excerpt":{"rendered":"<p>Mis on Vollagen\u00ae? Vollagen\u00ae ehk vegan kollageen on aminohapete kompleks, mis sisaldab samu aminohappeid, mis on leitud kollageenis. Kollageen on peamine struktuurvalk,&hellip;<\/p>","protected":false},"featured_media":8021,"comment_status":"open","ping_status":"closed","template":"","meta":{"wprm-recipe-roundup-name":"","wprm-recipe-roundup-description":""},"product_brand":[12063],"product_cat":[318],"product_tag":[336,320],"class_list":{"0":"post-8027","1":"product","2":"type-product","3":"status-publish","4":"has-post-thumbnail","6":"product_brand-vegetology","7":"product_cat-vegan-toidulisandid","8":"product_tag-kollageen","9":"product_tag-toidulisand","10":"j79_wcxd_expiry_type-best-before","12":"first","13":"instock","14":"taxable","15":"shipping-taxable","16":"purchasable","17":"product-type-simple"},"supplier_id":9147,"supplier_sku":"","barcode":"5060351380485","atum_controlled":true,"out_stock_date":null,"out_stock_threshold":null,"inheritable":false,"inbound_stock":0,"stock_on_hold":0,"sold_today":0,"sales_last_days":1,"reserved_stock":0,"customer_returns":0,"warehouse_damage":0,"lost_in_post":0,"other_logs":0,"out_stock_days":0,"lost_sales":0,"has_location":false,"update_date":"2026-04-10T14:29:59","atum_locations":[],"atum_stock_status":"instock","restock_status":false,"low_stock_amount":"","sales_update_date":"2026-04-10T14:29:59","calc_backorders":null,"aioseo_notices":[],"_links":{"self":[{"href":"https:\/\/ecoshop.ee\/fi\/wp-json\/wp\/v2\/product\/8027","targetHints":{"allow":["GET"]}}],"collection":[{"href":"https:\/\/ecoshop.ee\/fi\/wp-json\/wp\/v2\/product"}],"about":[{"href":"https:\/\/ecoshop.ee\/fi\/wp-json\/wp\/v2\/types\/product"}],"replies":[{"embeddable":true,"href":"https:\/\/ecoshop.ee\/fi\/wp-json\/wp\/v2\/comments?post=8027"}],"version-history":[{"count":0,"href":"https:\/\/ecoshop.ee\/fi\/wp-json\/wp\/v2\/product\/8027\/revisions"}],"wp:featuredmedia":[{"embeddable":true,"href":"https:\/\/ecoshop.ee\/fi\/wp-json\/wp\/v2\/media\/8021"}],"wp:attachment":[{"href":"https:\/\/ecoshop.ee\/fi\/wp-json\/wp\/v2\/media?parent=8027"}],"wp:term":[{"taxonomy":"product_brand","embeddable":true,"href":"https:\/\/ecoshop.ee\/fi\/wp-json\/wp\/v2\/product_brand?post=8027"},{"taxonomy":"product_cat","embeddable":true,"href":"https:\/\/ecoshop.ee\/fi\/wp-json\/wp\/v2\/product_cat?post=8027"},{"taxonomy":"product_tag","embeddable":true,"href":"https:\/\/ecoshop.ee\/fi\/wp-json\/wp\/v2\/product_tag?post=8027"}],"curies":[{"name":"wp","href":"https:\/\/api.w.org\/{rel}","templated":true}]}}