{"id":8029,"date":"2024-09-18T18:16:11","date_gmt":"2024-09-18T15:16:11","guid":{"rendered":"https:\/\/ecoshop.ee\/?post_type=product&#038;p=8029"},"modified":"2026-05-14T08:32:14","modified_gmt":"2026-05-14T05:32:14","slug":"luustoa-tukeva-lisaravinne-n60","status":"publish","type":"product","link":"https:\/\/ecoshop.ee\/fi\/vegan-toidulisandid\/toidulisand-luude-toetamiseks-n60\/","title":{"rendered":"Ravintolis\u00e4 luuston tukemiseen, N60"},"content":{"rendered":"<p><strong>Kasvillisuuden luuhoito <\/strong>T\u00e4m\u00e4 vegaaninen ravintolis\u00e4 tukee tehokkaasti rustojen, lihasten ja luuston terveytt\u00e4. Se sis\u00e4lt\u00e4\u00e4 ainutlaatuisen yhdistelm\u00e4n Phytodroitin\u2122- ja glukosamiiniyhdisteit\u00e4 sek\u00e4 v\u00e4ltt\u00e4m\u00e4tt\u00f6mi\u00e4 vitamiineja ja kivenn\u00e4isaineita, kuten kalsiumia, magnesiumia sek\u00e4 C-, D3- ja K2-vitamiineja. N\u00e4m\u00e4 ainesosat toimivat yhdess\u00e4 auttaakseen yll\u00e4pit\u00e4m\u00e4\u00e4n vahvoja ja terveit\u00e4 luita ja tukemaan yleist\u00e4 hyvinvointia.<\/p>\n<p><strong>Edut:<\/strong><\/p>\n<ul>\n<li><strong>Tuki- ja liikuntaelimist\u00f6n hoito:<\/strong> Edist\u00e4\u00e4 luuston, hampaiden ja lihasten normaalia toimintaa sek\u00e4 kalsiumin ja fosforin imeytymist\u00e4.<\/li>\n<li><strong>Aineenvaihdunnan tuki:<\/strong> Edist\u00e4\u00e4 normaalia energia-aineenvaihduntaa.<\/li>\n<li><strong>Kollageenin tuotanto:<\/strong> Edist\u00e4\u00e4 normaalia kollageenin muodostumista, mik\u00e4 tukee luiden, rustojen ja hampaiden toimintaa.<\/li>\n<\/ul>\n<p><strong>Mik\u00e4 tekee Luustonhoidosta erityist\u00e4?<\/strong><\/p>\n<p>Bone Care on erityisesti vegaaneille ja kasvissy\u00f6jille kehitetty kasvipohjainen vaihtoehto luiden vahvistamiseen. Ainutlaatuinen Phytodroitin\u2122- ja glukosamiinisekoitus sek\u00e4 valikoidut vitamiinit ja kivenn\u00e4isaineet varmistavat, ett\u00e4 luusi pysyv\u00e4t vahvoina ja tervein\u00e4. Phytodroitin\u2122 on kasvipohjainen vaihtoehto kondroitiinille, kun taas glukosamiini on per\u00e4isin kest\u00e4v\u00e4st\u00e4 l\u00e4hteest\u00e4 \u2013 Aspergillus niger -sienest\u00e4.<\/p>\n<p><strong>Miksi luuston terveys on t\u00e4rke\u00e4\u00e4?<\/strong><\/p>\n<p>Luut ovat kehomme perusta, joka suojaa elimi\u00e4 ja mahdollistaa liikkeen. Ik\u00e4\u00e4ntyess\u00e4mme luuntiheys v\u00e4henee, mik\u00e4 lis\u00e4\u00e4 murtumien ja osteoporoosin riski\u00e4. Bone Care auttaa vahvistamaan luita ja yll\u00e4pit\u00e4m\u00e4\u00e4n luuntiheytt\u00e4, tukien siten kehon eheytt\u00e4 ja liikkuvuutta.<\/p>\n<p><strong>Ainesosat:<\/strong><\/p>\n<ul>\n<li>Fytodroitiini\u2122<\/li>\n<li>Glukosamiini<\/li>\n<li>Kalsium, magnesium, C-, D3- ja K2-vitamiinit<\/li>\n<\/ul>\n<p><strong>Kenelle se sopii?<\/strong><\/p>\n<p>Luustonhoito on suunniteltu aktiivista el\u00e4m\u00e4ntapaa viett\u00e4ville, ik\u00e4\u00e4ntyneille ja luu-, nivel- tai lihasongelmista k\u00e4rsiville.<\/p>\n<p>Suositellaan aikuisille ja lapsille 11-vuotiaista alkaen (tabletin koon vuoksi).<\/p>\n<p>Sopii my\u00f6s kasvissy\u00f6jille, vegaaneille ja kala- ja \u00e4yri\u00e4isallergikoille.<\/p>","protected":false},"excerpt":{"rendered":"<p>Vegetology Bone Care vegan toidulisand pakub t\u00f5husat tuge k\u00f5hrede, lihaste ja luude tervisele. See sisaldab unikaalset segu Phytodroitin\u2122-ist ja gl\u00fckoosamiinist koos oluliste&hellip;<\/p>","protected":false},"featured_media":8009,"comment_status":"open","ping_status":"closed","template":"","meta":{"wprm-recipe-roundup-name":"","wprm-recipe-roundup-description":""},"product_brand":[12063],"product_cat":[318],"product_tag":[337,320],"class_list":{"0":"post-8029","1":"product","2":"type-product","3":"status-publish","4":"has-post-thumbnail","6":"product_brand-vegetology","7":"product_cat-vegan-toidulisandid","8":"product_tag-luudele","9":"product_tag-toidulisand","10":"j79_wcxd_expiry_type-best-before","12":"first","13":"instock","14":"taxable","15":"shipping-taxable","16":"purchasable","17":"product-type-simple"},"supplier_id":9147,"supplier_sku":"","barcode":"5060351380164","atum_controlled":true,"out_stock_date":null,"out_stock_threshold":null,"inheritable":false,"inbound_stock":0,"stock_on_hold":0,"sold_today":1,"sales_last_days":1,"reserved_stock":0,"customer_returns":0,"warehouse_damage":0,"lost_in_post":0,"other_logs":0,"out_stock_days":0,"lost_sales":0,"has_location":false,"update_date":"2026-05-14T22:37:11","atum_locations":[],"atum_stock_status":"instock","restock_status":false,"low_stock_amount":"","sales_update_date":"2026-05-14T22:37:11","calc_backorders":null,"aioseo_notices":[],"_links":{"self":[{"href":"https:\/\/ecoshop.ee\/fi\/wp-json\/wp\/v2\/product\/8029","targetHints":{"allow":["GET"]}}],"collection":[{"href":"https:\/\/ecoshop.ee\/fi\/wp-json\/wp\/v2\/product"}],"about":[{"href":"https:\/\/ecoshop.ee\/fi\/wp-json\/wp\/v2\/types\/product"}],"replies":[{"embeddable":true,"href":"https:\/\/ecoshop.ee\/fi\/wp-json\/wp\/v2\/comments?post=8029"}],"version-history":[{"count":0,"href":"https:\/\/ecoshop.ee\/fi\/wp-json\/wp\/v2\/product\/8029\/revisions"}],"wp:featuredmedia":[{"embeddable":true,"href":"https:\/\/ecoshop.ee\/fi\/wp-json\/wp\/v2\/media\/8009"}],"wp:attachment":[{"href":"https:\/\/ecoshop.ee\/fi\/wp-json\/wp\/v2\/media?parent=8029"}],"wp:term":[{"taxonomy":"product_brand","embeddable":true,"href":"https:\/\/ecoshop.ee\/fi\/wp-json\/wp\/v2\/product_brand?post=8029"},{"taxonomy":"product_cat","embeddable":true,"href":"https:\/\/ecoshop.ee\/fi\/wp-json\/wp\/v2\/product_cat?post=8029"},{"taxonomy":"product_tag","embeddable":true,"href":"https:\/\/ecoshop.ee\/fi\/wp-json\/wp\/v2\/product_tag?post=8029"}],"curies":[{"name":"wp","href":"https:\/\/api.w.org\/{rel}","templated":true}]}}