{"id":8033,"date":"2024-09-18T19:21:14","date_gmt":"2024-09-18T16:21:14","guid":{"rendered":"https:\/\/ecoshop.ee\/?post_type=product&#038;p=8033"},"modified":"2026-05-03T18:06:31","modified_gmt":"2026-05-03T15:06:31","slug":"vegaaninen-b12-lisaravinne-100mcg-kielen-alle-n60","status":"publish","type":"product","link":"https:\/\/ecoshop.ee\/fi\/vegan-toidulisandid\/vegan-b12-toidulisand-100mcg-keelealune-n60\/","title":{"rendered":"Vegaaninen B12-lis\u00e4 100mcg, kielen alle, N60"},"content":{"rendered":"<p>Kielen alle annosteltava ja nopeasti vaikuttava, vegaaninen B12-vitamiinimme on tieteellisesti kehitetty tukemaan energiaa ja aineenvaihduntaa sek\u00e4 v\u00e4hent\u00e4m\u00e4\u00e4n v\u00e4symyst\u00e4. T\u00e4m\u00e4 keskivahva tabletti on suunniteltu liukenemaan kielen alle ja vapauttamaan B12-vitamiinia suoraan verenkiertoon.<\/p>\n<p><strong>Edut:<\/strong><\/p>\n<ul>\n<li><strong>Aineenvaihdunnan tuki:<\/strong> Edist\u00e4\u00e4 normaalia energia-aineenvaihduntaa.<\/li>\n<li><strong>Hermoston s\u00e4\u00e4tely:<\/strong> Tukee hermoston normaalia toimintaa.<\/li>\n<li><strong>Aivoty\u00f6:<\/strong> Tukee psykologista toimintakyky\u00e4 ja keskittymiskyky\u00e4.<\/li>\n<\/ul>\n<p><strong>B12-vitamiini, joka syntyy k\u00e4ymisen kautta:<\/strong> B12-vitamiinimme tuotetaan fermentoimalla, mik\u00e4 takaa saman vaikutuksen ilman el\u00e4inper\u00e4isi\u00e4 ainesosia ja sopii vegaaneille.<\/p>\n<p><strong>Kenelle t\u00e4m\u00e4 on tarkoitettu?<\/strong> Sopii kaikenik\u00e4isille, mukaan lukien raskaana oleville naisille, lapsille ja vauvoille. Ihanteellinen vegaaneille, kasvissy\u00f6jille ja kala- ja \u00e4yri\u00e4isallergikoille.<\/p>\n<p><strong>K\u00e4ytt\u00f6:<\/strong> Jokainen tabletti sis\u00e4lt\u00e4\u00e4 100 \u00b5g nopeasti vaikuttavaa B12-vitamiinia. Aseta tabletti kielen alle ja anna sen liueta, jotta se imeytyy optimaalisesti suoraan verenkiertoon. B12-vitamiini on vesiliukoinen, joten kehosi imee tarvitsemansa m\u00e4\u00e4r\u00e4n ja loput erittyy luonnollisesti.<\/p>","protected":false},"excerpt":{"rendered":"<p>Keelealune ja kiiretoimeline, meie vegan-s\u00f5bralik Vitamiin B12 on teaduslikult formuleeritud energia ja ainevahetuse toetamiseks ning v\u00e4simuse v\u00e4hendamiseks. See keskmise tugevusega tablett on&hellip;<\/p>","protected":false},"featured_media":8008,"comment_status":"open","ping_status":"closed","template":"","meta":{"wprm-recipe-roundup-name":"","wprm-recipe-roundup-description":""},"product_brand":[12063],"product_cat":[240,318],"product_tag":[338,320],"class_list":{"0":"post-8033","1":"product","2":"type-product","3":"status-publish","4":"has-post-thumbnail","6":"product_brand-vegetology","7":"product_cat-allahinnatud","8":"product_cat-vegan-toidulisandid","9":"product_tag-b12","10":"product_tag-toidulisand","11":"j79_wcxd_expiry_type-best-before","13":"first","14":"instock","15":"sale","16":"taxable","17":"shipping-taxable","18":"purchasable","19":"product-type-simple"},"supplier_id":9147,"supplier_sku":"","barcode":"5060351380317","atum_controlled":true,"out_stock_date":null,"out_stock_threshold":null,"inheritable":false,"inbound_stock":0,"stock_on_hold":0,"sold_today":0,"sales_last_days":1,"reserved_stock":0,"customer_returns":0,"warehouse_damage":0,"lost_in_post":0,"other_logs":0,"out_stock_days":0,"lost_sales":0,"has_location":false,"update_date":"2026-05-05T13:43:21","atum_locations":[],"atum_stock_status":"instock","restock_status":false,"low_stock_amount":"","sales_update_date":"2026-05-05T13:43:21","calc_backorders":null,"aioseo_notices":[],"_links":{"self":[{"href":"https:\/\/ecoshop.ee\/fi\/wp-json\/wp\/v2\/product\/8033","targetHints":{"allow":["GET"]}}],"collection":[{"href":"https:\/\/ecoshop.ee\/fi\/wp-json\/wp\/v2\/product"}],"about":[{"href":"https:\/\/ecoshop.ee\/fi\/wp-json\/wp\/v2\/types\/product"}],"replies":[{"embeddable":true,"href":"https:\/\/ecoshop.ee\/fi\/wp-json\/wp\/v2\/comments?post=8033"}],"version-history":[{"count":1,"href":"https:\/\/ecoshop.ee\/fi\/wp-json\/wp\/v2\/product\/8033\/revisions"}],"predecessor-version":[{"id":396014,"href":"https:\/\/ecoshop.ee\/fi\/wp-json\/wp\/v2\/product\/8033\/revisions\/396014"}],"wp:featuredmedia":[{"embeddable":true,"href":"https:\/\/ecoshop.ee\/fi\/wp-json\/wp\/v2\/media\/8008"}],"wp:attachment":[{"href":"https:\/\/ecoshop.ee\/fi\/wp-json\/wp\/v2\/media?parent=8033"}],"wp:term":[{"taxonomy":"product_brand","embeddable":true,"href":"https:\/\/ecoshop.ee\/fi\/wp-json\/wp\/v2\/product_brand?post=8033"},{"taxonomy":"product_cat","embeddable":true,"href":"https:\/\/ecoshop.ee\/fi\/wp-json\/wp\/v2\/product_cat?post=8033"},{"taxonomy":"product_tag","embeddable":true,"href":"https:\/\/ecoshop.ee\/fi\/wp-json\/wp\/v2\/product_tag?post=8033"}],"curies":[{"name":"wp","href":"https:\/\/api.w.org\/{rel}","templated":true}]}}