{"id":8036,"date":"2024-09-18T19:48:56","date_gmt":"2024-09-18T16:48:56","guid":{"rendered":"https:\/\/ecoshop.ee\/?post_type=product&#038;p=8036"},"modified":"2026-02-15T03:00:08","modified_gmt":"2026-02-15T00:00:08","slug":"energialisa-n60","status":"publish","type":"product","link":"https:\/\/ecoshop.ee\/fi\/vegan-toidulisandid\/energiat-toetav-toidulisand-n60\/","title":{"rendered":"Energiaa tukeva ravintolis\u00e4, N60"},"content":{"rendered":"<p>Etsitk\u00f6 kofeiinitonta energiaa? Active Energy yhdist\u00e4\u00e4 v\u00e4ltt\u00e4m\u00e4tt\u00f6mi\u00e4 energiaa antavia vitamiineja, kuten B2-, B3-, B5-, B6- ja B12-vitamiinia, C-vitamiinia, foolihappoa ja rautaa, adaptogeenisten yrttien, kuten ruusujuuren ja schizandran, voimaan auttaakseen torjumaan v\u00e4symyst\u00e4 ja tukemaan kiireisi\u00e4 ty\u00f6aikatauluja ja aktiivista el\u00e4m\u00e4ntapaa.<\/p>\n<p><strong>T\u00e4rkeimm\u00e4t edut:<\/strong><\/p>\n<ul>\n<li><strong>V\u00e4symyksen v\u00e4hent\u00e4minen:<\/strong> Lievitt\u00e4\u00e4 v\u00e4symyst\u00e4 ja antaa energiaa.<\/li>\n<li><strong>Aineenvaihdunnan tuki:<\/strong> Edist\u00e4\u00e4 normaalia energia-aineenvaihduntaa.<\/li>\n<li><strong>Immuunij\u00e4rjestelm\u00e4n tuki:<\/strong> Auttaa yll\u00e4pit\u00e4m\u00e4\u00e4n normaalia immuunij\u00e4rjestelm\u00e4n toimintaa intensiivisen fyysisen rasituksen aikana ja sen j\u00e4lkeen.<\/li>\n<\/ul>\n<p><strong>Luonnollinen vaihtoehto kofeiinille:<\/strong> Vegetology Active Energy on t\u00e4ydellinen valinta niille, jotka haluavat v\u00e4ltt\u00e4\u00e4 kofeiinia. Ei en\u00e4\u00e4 kahvin tai energiajuomien per\u00e4\u00e4n kurkottamista \u2013 vitamiinimme tarjoavat luonnollista ja pitk\u00e4kestoista energiaa.<\/p>\n<p><strong>Adaptogeenisten kasvien voima:<\/strong> Adaptogeeniset yrtit, kuten ruusujuuri ja schizandra, tunnetaan perinteisess\u00e4 l\u00e4\u00e4ketieteess\u00e4 kyvyst\u00e4\u00e4n torjua v\u00e4symyst\u00e4 ja tukea kehoa stressin aikana. Ne auttavat pit\u00e4m\u00e4\u00e4n sinut energisen\u00e4 koko p\u00e4iv\u00e4n ja edist\u00e4v\u00e4t rentoutumista illalla.<\/p>\n<p><strong>Kenelle t\u00e4m\u00e4 on tarkoitettu?<\/strong> Sopii kaikenik\u00e4isille, mukaan lukien vegaaneille, kasvissy\u00f6jille ja kala- ja \u00e4yri\u00e4isallergikoille. Lis\u00e4\u00e4 energiaa, tukee aineenvaihduntaa ja auttaa yll\u00e4pit\u00e4m\u00e4\u00e4n normaalia immuunitoimintaa \u2013 ihanteellinen p\u00e4ivitt\u00e4iseen k\u00e4ytt\u00f6\u00f6n v\u00e4symyksen torjumiseksi.<\/p>\n<p><strong>Ainesosat jokaisessa kapselissa:<\/strong><\/p>\n<ul>\n<li>Energiaa tarvitsevat vitamiinit ja kivenn\u00e4isaineet: B2-, B3-, B5-, B6-, B12-vitamiini, C-vitamiini, foolihappo ja rauta.<\/li>\n<li>Adaptogeeniset yrtit: Rhodiola ja Schizandra.<\/li>\n<\/ul>","protected":false},"excerpt":{"rendered":"<p>Kas otsid kofeiinivaba energiat? Active Energy \u00fchendab energia saamiseks vajalikud vitamiinid nagu B2, B3, B5, B6, B12, C-vitamiin, foolhape ja raud adaptogeensete&hellip;<\/p>","protected":false},"featured_media":8006,"comment_status":"open","ping_status":"closed","template":"","meta":{"wprm-recipe-roundup-name":"","wprm-recipe-roundup-description":""},"product_brand":[12063],"product_cat":[240,318],"product_tag":[340,320,339],"class_list":{"0":"post-8036","1":"product","2":"type-product","3":"status-publish","4":"has-post-thumbnail","6":"product_brand-vegetology","7":"product_cat-allahinnatud","8":"product_cat-vegan-toidulisandid","9":"product_tag-energia","10":"product_tag-toidulisand","11":"product_tag-vasimusevastane","12":"j79_wcxd_expiry_type-best-before","14":"first","15":"outofstock","16":"sale","17":"taxable","18":"shipping-taxable","19":"purchasable","20":"product-type-simple"},"supplier_id":9147,"supplier_sku":"","barcode":"5060351380218","atum_controlled":true,"out_stock_date":null,"out_stock_threshold":null,"inheritable":false,"inbound_stock":0,"stock_on_hold":0,"sold_today":0,"sales_last_days":0,"reserved_stock":0,"customer_returns":0,"warehouse_damage":0,"lost_in_post":0,"other_logs":0,"out_stock_days":0,"lost_sales":0,"has_location":false,"update_date":"2026-04-10T14:29:59","atum_locations":[],"atum_stock_status":"outofstock","restock_status":false,"low_stock_amount":"","sales_update_date":"2026-04-10T14:29:59","calc_backorders":null,"aioseo_notices":[],"_links":{"self":[{"href":"https:\/\/ecoshop.ee\/fi\/wp-json\/wp\/v2\/product\/8036","targetHints":{"allow":["GET"]}}],"collection":[{"href":"https:\/\/ecoshop.ee\/fi\/wp-json\/wp\/v2\/product"}],"about":[{"href":"https:\/\/ecoshop.ee\/fi\/wp-json\/wp\/v2\/types\/product"}],"replies":[{"embeddable":true,"href":"https:\/\/ecoshop.ee\/fi\/wp-json\/wp\/v2\/comments?post=8036"}],"version-history":[{"count":0,"href":"https:\/\/ecoshop.ee\/fi\/wp-json\/wp\/v2\/product\/8036\/revisions"}],"wp:featuredmedia":[{"embeddable":true,"href":"https:\/\/ecoshop.ee\/fi\/wp-json\/wp\/v2\/media\/8006"}],"wp:attachment":[{"href":"https:\/\/ecoshop.ee\/fi\/wp-json\/wp\/v2\/media?parent=8036"}],"wp:term":[{"taxonomy":"product_brand","embeddable":true,"href":"https:\/\/ecoshop.ee\/fi\/wp-json\/wp\/v2\/product_brand?post=8036"},{"taxonomy":"product_cat","embeddable":true,"href":"https:\/\/ecoshop.ee\/fi\/wp-json\/wp\/v2\/product_cat?post=8036"},{"taxonomy":"product_tag","embeddable":true,"href":"https:\/\/ecoshop.ee\/fi\/wp-json\/wp\/v2\/product_tag?post=8036"}],"curies":[{"name":"wp","href":"https:\/\/api.w.org\/{rel}","templated":true}]}}