{"id":8038,"date":"2024-09-18T20:03:53","date_gmt":"2024-09-18T17:03:53","guid":{"rendered":"https:\/\/ecoshop.ee\/?post_type=product&#038;p=8038"},"modified":"2026-03-31T01:02:53","modified_gmt":"2026-03-30T22:02:53","slug":"c-vitamiinilisa-bioflavonoideilla-n60","status":"publish","type":"product","link":"https:\/\/ecoshop.ee\/fi\/vegan-toidulisandid\/vitamiin-c-toidulisand-koos-bioflavonoididega-n60\/","title":{"rendered":"C-vitamiinilis\u00e4 bioflavonoideilla, N60"},"content":{"rendered":"<p>C-vitamiini + sitrusbioflavonoidit immuunij\u00e4rjestelm\u00e4n tueksi<\/p>\n<p><strong>Vahva 500 mg, hell\u00e4varainen vatsalle.<\/strong> C-vitamiinivalmisteemme sis\u00e4lt\u00e4\u00e4 500 mg C-vitamiinia ja 100 mg sitrusbioflavonoideja, jotka tarjoavat tehokkaan antioksidanttiyhdistelm\u00e4n. T\u00e4m\u00e4 koostumus on suunniteltu optimoimaan imeytymist\u00e4 elimist\u00f6\u00f6n ja tarjoamaan immuunij\u00e4rjestelm\u00e4lle tarvittavaa tukea.<\/p>\n<p><strong>T\u00e4rkeimm\u00e4t edut:<\/strong><\/p>\n<ul>\n<li><strong>Immuunij\u00e4rjestelm\u00e4n tuki:<\/strong> Tukee immuunij\u00e4rjestelm\u00e4n normaalia toimintaa raskaan fyysisen rasituksen aikana ja sen j\u00e4lkeen.<\/li>\n<li><strong>Kollageenin tuotanto:<\/strong> Edist\u00e4\u00e4 normaalia kollageenin muodostumista, joka on t\u00e4rke\u00e4\u00e4 verisuonten, luiden, rustojen, ikenien, ihon ja hampaiden terveydelle.<\/li>\n<li><strong>Aineenvaihdunnan tuki:<\/strong> Edist\u00e4\u00e4 normaalia energia-aineenvaihduntaa.<\/li>\n<\/ul>\n<p><strong>Kest\u00e4v\u00e4sti tuotettu C-vitamiini:<\/strong> Ymp\u00e4rist\u00f6yst\u00e4v\u00e4llisten vaihtoehtojen etsinn\u00e4ss\u00e4mme harkitsemme huolellisesti kaikkia vaihtoehtoja. Vaikka luonnollinen on yleens\u00e4 paras, olemme havainneet, ett\u00e4 C-vitamiinin osalta synteettinen vaihtoehto on kest\u00e4vin. K\u00e4ytt\u00e4m\u00e4ll\u00e4 synteettist\u00e4 C-vitamiinia voimme s\u00e4\u00e4st\u00e4\u00e4 suuren m\u00e4\u00e4r\u00e4n hedelmi\u00e4 ja muita t\u00e4ysjyv\u00e4isi\u00e4 elintarvikkeita, mik\u00e4 v\u00e4hent\u00e4\u00e4 valmistusprosessin aikana syntyv\u00e4\u00e4 j\u00e4tett\u00e4.<\/p>\n<p><strong>Tiesitk\u00f6?<\/strong><br \/>\nKehomme ei pysty tuottamaan C-vitamiinia itse, joten meid\u00e4n on saatava sit\u00e4 ruokavaliostamme. Vaikka tuoreet hedelm\u00e4t ja vihannekset ovat erinomaisia C-vitamiinin l\u00e4hteit\u00e4, se tuhoutuu helposti kuumentamalla, pakastamalla tai jopa yksinkertaisesti varastoimalla sit\u00e4. Lis\u00e4ksi keho ei pysty varastoimaan C-vitamiinia, mink\u00e4 vuoksi on t\u00e4rke\u00e4\u00e4 ottaa s\u00e4\u00e4nn\u00f6llisesti lis\u00e4ravinteita.<\/p>","protected":false},"excerpt":{"rendered":"<p>Vitamiin C + Tsitruse Bioflavonoidid Immuuns\u00fcsteemi Toetuseks K\u00f5rge tugevusega 500mg, \u00f5rn k\u00f5hule. Meie Vitamiin C sisaldab 500mg C-vitamiini ja 100mg tsitruse bioflavonoide,&hellip;<\/p>","protected":false},"featured_media":8017,"comment_status":"open","ping_status":"closed","template":"","meta":{"wprm-recipe-roundup-name":"","wprm-recipe-roundup-description":""},"product_brand":[12063],"product_cat":[318],"product_tag":[320,341],"class_list":{"0":"post-8038","1":"product","2":"type-product","3":"status-publish","4":"has-post-thumbnail","6":"product_brand-vegetology","7":"product_cat-vegan-toidulisandid","8":"product_tag-toidulisand","9":"product_tag-vitamiin-c","10":"j79_wcxd_expiry_type-best-before","12":"first","13":"instock","14":"taxable","15":"shipping-taxable","16":"purchasable","17":"product-type-simple"},"supplier_id":9147,"supplier_sku":"","barcode":"5060351380416","atum_controlled":true,"out_stock_date":null,"out_stock_threshold":null,"inheritable":false,"inbound_stock":0,"stock_on_hold":0,"sold_today":0,"sales_last_days":0,"reserved_stock":0,"customer_returns":0,"warehouse_damage":0,"lost_in_post":0,"other_logs":0,"out_stock_days":0,"lost_sales":0,"has_location":false,"update_date":"2026-04-10T14:29:59","atum_locations":[],"atum_stock_status":"instock","restock_status":false,"low_stock_amount":"","sales_update_date":"2026-04-10T14:29:59","calc_backorders":null,"aioseo_notices":[],"_links":{"self":[{"href":"https:\/\/ecoshop.ee\/fi\/wp-json\/wp\/v2\/product\/8038","targetHints":{"allow":["GET"]}}],"collection":[{"href":"https:\/\/ecoshop.ee\/fi\/wp-json\/wp\/v2\/product"}],"about":[{"href":"https:\/\/ecoshop.ee\/fi\/wp-json\/wp\/v2\/types\/product"}],"replies":[{"embeddable":true,"href":"https:\/\/ecoshop.ee\/fi\/wp-json\/wp\/v2\/comments?post=8038"}],"version-history":[{"count":0,"href":"https:\/\/ecoshop.ee\/fi\/wp-json\/wp\/v2\/product\/8038\/revisions"}],"wp:featuredmedia":[{"embeddable":true,"href":"https:\/\/ecoshop.ee\/fi\/wp-json\/wp\/v2\/media\/8017"}],"wp:attachment":[{"href":"https:\/\/ecoshop.ee\/fi\/wp-json\/wp\/v2\/media?parent=8038"}],"wp:term":[{"taxonomy":"product_brand","embeddable":true,"href":"https:\/\/ecoshop.ee\/fi\/wp-json\/wp\/v2\/product_brand?post=8038"},{"taxonomy":"product_cat","embeddable":true,"href":"https:\/\/ecoshop.ee\/fi\/wp-json\/wp\/v2\/product_cat?post=8038"},{"taxonomy":"product_tag","embeddable":true,"href":"https:\/\/ecoshop.ee\/fi\/wp-json\/wp\/v2\/product_tag?post=8038"}],"curies":[{"name":"wp","href":"https:\/\/api.w.org\/{rel}","templated":true}]}}