{"id":8040,"date":"2024-09-18T20:36:34","date_gmt":"2024-09-18T17:36:34","guid":{"rendered":"https:\/\/ecoshop.ee\/?post_type=product&#038;p=8040"},"modified":"2026-04-07T13:38:52","modified_gmt":"2026-04-07T10:38:52","slug":"vegaaninen-omega-3-neste-maustamaton-150-ml","status":"publish","type":"product","link":"https:\/\/ecoshop.ee\/fi\/vegan-toidulisandid\/vegan-omega-3-vedelik-maitseta-150ml\/","title":{"rendered":"Vegaaninen omega-3-neste, maustamaton, 150ml"},"content":{"rendered":"<p><strong>Opti-3\u00ae Neste (Maustamaton) \u2013 <\/strong>Vegaaninen omega-3 EPA ja DHA<\/p>\n<p>Mikrolevist\u00e4 per\u00e4isin. <strong>300 mg EPA:a<\/strong> &amp; <strong>500 mg DHA:ta<\/strong> + D3-vitamiini.<\/p>\n<p>100% Natural Omega-3 -valmisteemme on valmistettu suoraan mikrolevist\u00e4, joita kasvatetaan erillisess\u00e4 tuotantolaitoksessa. Se tarjoaa kaikki kala\u00f6ljyn omega-3-hy\u00f6dyt ilman kala\u00f6ljyyn liittyvi\u00e4 turvallisuus- ja kest\u00e4vyysongelmia. Sis\u00e4lt\u00e4\u00e4 suuren annoksen EPA:a ja DHA:ta, jotka ovat omega-3:n bioaktiivisia muotoja, jotka elimist\u00f6\u00f6n imeytyv\u00e4t optimaalisesti. Sopii koko perheelle!<\/p>\n<p><strong>T\u00e4rkeimm\u00e4t edut:<\/strong><\/p>\n<ul>\n<li><strong>Aivoty\u00f6:<\/strong> DHA auttaa yll\u00e4pit\u00e4m\u00e4\u00e4n normaalia aivotoimintaa.<\/li>\n<li><strong>N\u00e4\u00f6n tuki:<\/strong> DHA auttaa yll\u00e4pit\u00e4m\u00e4\u00e4n normaalia n\u00e4k\u00f6kyky\u00e4.<\/li>\n<li><strong>Syd\u00e4men terveys:<\/strong> EPA ja DHA tukevat syd\u00e4men normaalia toimintaa.<\/li>\n<\/ul>\n<p><strong>Mikrolevist\u00e4 per\u00e4isin oleva omega-3:<\/strong><br \/>\nUseimmat omega-3-lis\u00e4ravinteet ovat per\u00e4isin kest\u00e4m\u00e4tt\u00f6m\u00e4st\u00e4 kala\u00f6ljyst\u00e4, jonka tuotantoon voi kulua jopa 50 kalaa pulloa kohden ja joka tuo valtamerist\u00e4 myrkkyj\u00e4 jokaiseen kapseliin. Itse asiassa kalat saavat omega-3-rasvahapponsa ruoastaan \u2013 levist\u00e4 \u2013 sen sijaan, ett\u00e4 ne tuottaisivat niit\u00e4 itse. Olemme ohittaneet keskimm\u00e4isen vaiheen ja luoneet turvallisemman ja kest\u00e4v\u00e4mm\u00e4n vaihtoehdon erityisiss\u00e4 s\u00e4ili\u00f6iss\u00e4 kasvatetuista mikrolevist\u00e4.<\/p>\n<p><strong>Sopii lapsille:<\/strong><br \/>\nOmega-3-neste sopii koko perheelle. Se voidaan ottaa lusikalla tai lis\u00e4t\u00e4 ruokaan. Vauvoille ja alle 2-vuotiaille lapsille suosittelemme 2,5 ml (puolta teelusikallista).<\/p>\n<p><strong>Tiesitk\u00f6?<\/strong><br \/>\nKalat eiv\u00e4t itse tuota omega-3-rasvahappoja, vaan ne saavat ne ruoastaan \u2013 levist\u00e4. Omega-3-valmisteemme sis\u00e4lt\u00e4\u00e4 EPA:a ja DHA:ta oikeassa muodossa, jota kehosi tarvitsee imeyty\u00e4kseen ja k\u00e4ytt\u00e4\u00e4kseen \u2013 t\u00e4sm\u00e4lleen samassa muodossa kuin kalassa. Se on jopa vahvempaa kuin useimmat kalapohjaiset lis\u00e4ravinteet!<\/p>\n<p><strong>Mit\u00e4 kussakin pullossa on?<\/strong><br \/>\nOliivi\u00f6ljyss\u00e4 tarjottava 5 ml:n p\u00e4ivitt\u00e4inen annos sis\u00e4lt\u00e4\u00e4 v\u00e4hint\u00e4\u00e4n 300 mg EPA:a ja 500 mg DHA:ta sek\u00e4 5 \u00b5g (200 IU) kasviper\u00e4ist\u00e4 D3-vitamiinia. T\u00e4m\u00e4 vastaa 835 mg:aa omega-3-rasvahappoja yhteens\u00e4. Jokainen 150 ml:n pullo riitt\u00e4\u00e4 yhden kuukauden k\u00e4ytt\u00f6\u00f6n.<\/p>\n<p>&nbsp;<\/p>\n<p><iframe title=\"Avaa levien voima: Miksi @vegetologyuk Omega-3 on mullistava aivoille, syd\u00e4melle ja silmille!\" width=\"1160\" height=\"653\" src=\"https:\/\/www.youtube.com\/embed\/nzoS4FpDii8?start=1&#038;feature=oembed\" frameborder=\"0\" allow=\"accelerometer; autoplay; clipboard-write; encrypted-media; gyroscope; picture-in-picture; web-share\" referrerpolicy=\"strict-origin-when-cross-origin\" allowfullscreen><\/iframe><\/p>","protected":false},"excerpt":{"rendered":"<p>Opti-3\u00ae Vedelik (Maitseta) &#8211; Vegan Omega-3 EPA &amp; DHA Mikrovetikatest saadud. 300mg EPA &amp; 500mg DHA + Vitamiin D3. Meie 100% looduslik&hellip;<\/p>","protected":false},"featured_media":8013,"comment_status":"open","ping_status":"closed","template":"","meta":{"wprm-recipe-roundup-name":"","wprm-recipe-roundup-description":""},"product_brand":[12063],"product_cat":[318],"product_tag":[319,320],"class_list":{"0":"post-8040","1":"product","2":"type-product","3":"status-publish","4":"has-post-thumbnail","6":"product_brand-vegetology","7":"product_cat-vegan-toidulisandid","8":"product_tag-omega-3","9":"product_tag-toidulisand","10":"j79_wcxd_expiry_type-best-before","12":"first","13":"instock","14":"taxable","15":"shipping-taxable","16":"purchasable","17":"product-type-simple"},"supplier_id":9147,"supplier_sku":"","barcode":"5060351380294","atum_controlled":true,"out_stock_date":null,"out_stock_threshold":null,"inheritable":false,"inbound_stock":0,"stock_on_hold":0,"sold_today":0,"sales_last_days":1,"reserved_stock":0,"customer_returns":0,"warehouse_damage":0,"lost_in_post":0,"other_logs":0,"out_stock_days":0,"lost_sales":0,"has_location":false,"update_date":"2026-04-11T10:48:57","atum_locations":[],"atum_stock_status":"instock","restock_status":false,"low_stock_amount":"","sales_update_date":"2026-04-11T10:48:57","calc_backorders":null,"aioseo_notices":[],"_links":{"self":[{"href":"https:\/\/ecoshop.ee\/fi\/wp-json\/wp\/v2\/product\/8040","targetHints":{"allow":["GET"]}}],"collection":[{"href":"https:\/\/ecoshop.ee\/fi\/wp-json\/wp\/v2\/product"}],"about":[{"href":"https:\/\/ecoshop.ee\/fi\/wp-json\/wp\/v2\/types\/product"}],"replies":[{"embeddable":true,"href":"https:\/\/ecoshop.ee\/fi\/wp-json\/wp\/v2\/comments?post=8040"}],"version-history":[{"count":0,"href":"https:\/\/ecoshop.ee\/fi\/wp-json\/wp\/v2\/product\/8040\/revisions"}],"wp:featuredmedia":[{"embeddable":true,"href":"https:\/\/ecoshop.ee\/fi\/wp-json\/wp\/v2\/media\/8013"}],"wp:attachment":[{"href":"https:\/\/ecoshop.ee\/fi\/wp-json\/wp\/v2\/media?parent=8040"}],"wp:term":[{"taxonomy":"product_brand","embeddable":true,"href":"https:\/\/ecoshop.ee\/fi\/wp-json\/wp\/v2\/product_brand?post=8040"},{"taxonomy":"product_cat","embeddable":true,"href":"https:\/\/ecoshop.ee\/fi\/wp-json\/wp\/v2\/product_cat?post=8040"},{"taxonomy":"product_tag","embeddable":true,"href":"https:\/\/ecoshop.ee\/fi\/wp-json\/wp\/v2\/product_tag?post=8040"}],"curies":[{"name":"wp","href":"https:\/\/api.w.org\/{rel}","templated":true}]}}