{"id":8048,"date":"2024-09-18T21:23:06","date_gmt":"2024-09-18T18:23:06","guid":{"rendered":"https:\/\/ecoshop.ee\/?post_type=product&#038;p=8048"},"modified":"2026-03-31T01:02:59","modified_gmt":"2026-03-30T22:02:59","slug":"d3-vitamiinisuihke-1000-iu","status":"publish","type":"product","link":"https:\/\/ecoshop.ee\/fi\/vegan-toidulisandid\/vitamiin-d3-sprei-1000iu\/","title":{"rendered":"D3-vitamiinisuihke, 1000 iu"},"content":{"rendered":"<p><strong>D3-vitamiinisuihke. Valmistettu j\u00e4k\u00e4l\u00e4st\u00e4. Keskim\u00e4\u00e4r\u00e4inen vahvuus 25 \u00b5g (1000 iu)<\/strong><\/p>\n<p>Nauti auringonvalon hy\u00f6dyist\u00e4 ilman suoraa auringolle altistumista. Ainutlaatuinen vegaaninen D3-vitamiinimme on valmistettu j\u00e4k\u00e4l\u00e4st\u00e4, orgaanisesta kasviper\u00e4isest\u00e4 aineesta, joka varmistaa optimaalisen imeytymisen ja tukee terveit\u00e4 luita, lihaksia ja immuunij\u00e4rjestelm\u00e4n toimintaa.<\/p>\n<p><strong>T\u00e4rkeimm\u00e4t edut:<\/strong><\/p>\n<ul>\n<li><strong>Tuki- ja liikuntaelimist\u00f6n hoito:<\/strong> Edist\u00e4\u00e4 luuston, hampaiden ja lihasten normaalia toimintaa.<\/li>\n<li><strong>Immuunij\u00e4rjestelm\u00e4n tuki:<\/strong> Tukee immuunij\u00e4rjestelm\u00e4n normaalia toimintaa.<\/li>\n<li><strong>Kalsiumin s\u00e4\u00e4tely:<\/strong> Auttaa yll\u00e4pit\u00e4m\u00e4\u00e4n normaaleja veren kalsiumtasoja.<\/li>\n<\/ul>\n<p><strong>D3-vitamiini j\u00e4k\u00e4l\u00e4st\u00e4:<\/strong><br \/>\nUseimmat D-vitamiinilis\u00e4t ovat el\u00e4inper\u00e4isi\u00e4, usein per\u00e4isin el\u00e4inten ihosta tai lampaanvillasta. L\u00e4hdimme etsim\u00e4\u00e4n vegaanista vaihtoehtoa. Ainutlaatuinen D3-vitamiinimme on per\u00e4isin j\u00e4k\u00e4list\u00e4 \u2013 ainutlaatuisesta orgaanisesta kasvista, joka on ravinnepitoinen ja tuotettu ilman haitallisia torjunta-aineita, liuottimia tai el\u00e4inr\u00e4\u00e4kk\u00e4yst\u00e4.<\/p>\n<p><strong>Tiesitk\u00f6?<\/strong><br \/>\nMonet meist\u00e4 tuntevat olonsa onnellisemmiksi ja terveemmiksi auringossa ollessaan. T\u00e4m\u00e4 johtuu D-vitamiinista, jota ihomme tuottaa altistuessaan UV-s\u00e4teille.<\/p>","protected":false},"excerpt":{"rendered":"<p>Vitamiin D3 sprei. Valmistatud samblikest. Keskmine tugevus 25\u00b5g (1000iu) Nautige p\u00e4ikesevalguse eeliseid ilma otsese p\u00e4ikese k\u00e4es viibimiseta. Meie eksklusiivne vegan D3-vitamiin on&hellip;<\/p>","protected":false},"featured_media":8020,"comment_status":"open","ping_status":"closed","template":"","meta":{"wprm-recipe-roundup-name":"","wprm-recipe-roundup-description":""},"product_brand":[12063],"product_cat":[318],"product_tag":[320,342],"class_list":{"0":"post-8048","1":"product","2":"type-product","3":"status-publish","4":"has-post-thumbnail","6":"product_brand-vegetology","7":"product_cat-vegan-toidulisandid","8":"product_tag-toidulisand","9":"product_tag-vitamiin-d3","10":"j79_wcxd_expiry_type-best-before","12":"first","13":"instock","14":"taxable","15":"shipping-taxable","16":"purchasable","17":"product-type-simple"},"supplier_id":9147,"supplier_sku":"","barcode":"5060351380126","atum_controlled":true,"out_stock_date":null,"out_stock_threshold":null,"inheritable":false,"inbound_stock":0,"stock_on_hold":0,"sold_today":0,"sales_last_days":0,"reserved_stock":0,"customer_returns":0,"warehouse_damage":0,"lost_in_post":0,"other_logs":0,"out_stock_days":0,"lost_sales":0,"has_location":false,"update_date":"2026-04-10T14:29:59","atum_locations":[],"atum_stock_status":"instock","restock_status":false,"low_stock_amount":"","sales_update_date":"2026-04-10T14:29:59","calc_backorders":null,"aioseo_notices":[],"_links":{"self":[{"href":"https:\/\/ecoshop.ee\/fi\/wp-json\/wp\/v2\/product\/8048","targetHints":{"allow":["GET"]}}],"collection":[{"href":"https:\/\/ecoshop.ee\/fi\/wp-json\/wp\/v2\/product"}],"about":[{"href":"https:\/\/ecoshop.ee\/fi\/wp-json\/wp\/v2\/types\/product"}],"replies":[{"embeddable":true,"href":"https:\/\/ecoshop.ee\/fi\/wp-json\/wp\/v2\/comments?post=8048"}],"version-history":[{"count":0,"href":"https:\/\/ecoshop.ee\/fi\/wp-json\/wp\/v2\/product\/8048\/revisions"}],"wp:featuredmedia":[{"embeddable":true,"href":"https:\/\/ecoshop.ee\/fi\/wp-json\/wp\/v2\/media\/8020"}],"wp:attachment":[{"href":"https:\/\/ecoshop.ee\/fi\/wp-json\/wp\/v2\/media?parent=8048"}],"wp:term":[{"taxonomy":"product_brand","embeddable":true,"href":"https:\/\/ecoshop.ee\/fi\/wp-json\/wp\/v2\/product_brand?post=8048"},{"taxonomy":"product_cat","embeddable":true,"href":"https:\/\/ecoshop.ee\/fi\/wp-json\/wp\/v2\/product_cat?post=8048"},{"taxonomy":"product_tag","embeddable":true,"href":"https:\/\/ecoshop.ee\/fi\/wp-json\/wp\/v2\/product_tag?post=8048"}],"curies":[{"name":"wp","href":"https:\/\/api.w.org\/{rel}","templated":true}]}}