{"id":8057,"date":"2024-09-18T22:14:18","date_gmt":"2024-09-18T19:14:18","guid":{"rendered":"https:\/\/ecoshop.ee\/?post_type=product&#038;p=8057"},"modified":"2026-05-11T23:17:32","modified_gmt":"2026-05-11T20:17:32","slug":"unilisa-n60","status":"publish","type":"product","link":"https:\/\/ecoshop.ee\/fi\/vegan-toidulisandid\/und-toetav-toidulisand-n60\/","title":{"rendered":"Unitukivalmiste, N60"},"content":{"rendered":"<p><strong>Sahrami, ashwagandha, B6-vitamiini, magnesium, sinkki, sitruunamelissa ja L-teaniini<\/strong><\/p>\n<p>Tue tervett\u00e4 untasi. Rentoudu luonnollisesti unta tukevan koostumuksen avulla \u2013 ainutlaatuinen vitamiinien, kivenn\u00e4isaineiden ja aktiivisten kasvitieteellisten ainesosien yhdistelm\u00e4, joka on tieteellisesti kehitetty auttamaan lievitt\u00e4m\u00e4\u00e4n yleisi\u00e4 univaikeuksia, kuten ahdistusta ja levottomuutta. Se on suunniteltu rauhoittamaan ja edist\u00e4m\u00e4\u00e4n rentoutumista, auttaen sinua nukahtamaan nopeasti ja nauttimaan laadukkaasta, syv\u00e4st\u00e4 unesta koko y\u00f6n ilman seuraavana p\u00e4iv\u00e4n\u00e4 ilmenev\u00e4\u00e4 uneliaisuutta.<\/p>\n<p><strong>T\u00e4rkeimm\u00e4t edut:<\/strong><\/p>\n<ul>\n<li><strong>Hormonien s\u00e4\u00e4tely:<\/strong> B6-vitamiini edist\u00e4\u00e4 hormonitoiminnan s\u00e4\u00e4tely\u00e4.<\/li>\n<li><strong>V\u00e4symyksen v\u00e4hent\u00e4minen:<\/strong> Magnesium auttaa v\u00e4hent\u00e4m\u00e4\u00e4n v\u00e4symyst\u00e4 ja uupumusta.<\/li>\n<li><strong>Kognitiivinen tuki:<\/strong> Sinkki tukee normaalia kognitiivista toimintaa.<\/li>\n<\/ul>\n<p><strong>Ymp\u00e4rist\u00f6yst\u00e4v\u00e4lliset kasviuutteet:<\/strong> Kaikki kasviuutteemme tulevat tuotantopaikoilta, joilla istutetaan enemm\u00e4n kuin korjataan, mik\u00e4 varmistaa positiivisen vaikutuksemme ymp\u00e4rist\u00f6\u00f6n.<\/p>\n<p><strong>Kohdennettu kaava:<\/strong> Sis\u00e4lt\u00e4\u00e4 huolella valittuja vitamiineja, kivenn\u00e4isaineita ja aktiivisia kasviper\u00e4isi\u00e4 ainesosia, kuten vihre\u00e4n teen uutetta, ashwagandhaa, sitruunamelissaa ja sahramia. Oikeiden m\u00e4\u00e4rien yhdist\u00e4minen luo yhden kapselin, joka auttaa kehoasi ja mielt\u00e4si rentoutumaan p\u00e4iv\u00e4n p\u00e4\u00e4tteeksi ja pit\u00e4\u00e4 sinut syv\u00e4ss\u00e4, terveellisess\u00e4 unessa koko y\u00f6n.<\/p>\n<p>Sopii aikuisille ja lapsille 11-vuotiaasta alkaen (tabletin koon vuoksi).<\/p>","protected":false},"excerpt":{"rendered":"<p>Safran, Ashwagandha, Vit B6, Magneesium, Tsink, Sidrunmeliss &amp; L-teaniin Toeta enda tervislikku und. L\u00f5dvestu loomulikult meie Sleep Support valemiga \u2013 unikaalne kombinatsioon&hellip;<\/p>","protected":false},"featured_media":9650,"comment_status":"open","ping_status":"closed","template":"","meta":{"wprm-recipe-roundup-name":"","wprm-recipe-roundup-description":""},"product_brand":[12063],"product_cat":[240,318],"product_tag":[320,345,344],"class_list":{"0":"post-8057","1":"product","2":"type-product","3":"status-publish","4":"has-post-thumbnail","6":"product_brand-vegetology","7":"product_cat-allahinnatud","8":"product_cat-vegan-toidulisandid","9":"product_tag-toidulisand","10":"product_tag-und-toetav","11":"product_tag-uni","12":"j79_wcxd_expiry_type-best-before","14":"first","15":"instock","16":"sale","17":"taxable","18":"shipping-taxable","19":"purchasable","20":"product-type-simple"},"supplier_id":9147,"supplier_sku":"","barcode":"5060351380461","atum_controlled":true,"out_stock_date":null,"out_stock_threshold":null,"inheritable":false,"inbound_stock":0,"stock_on_hold":0,"sold_today":0,"sales_last_days":1,"reserved_stock":0,"customer_returns":0,"warehouse_damage":0,"lost_in_post":0,"other_logs":0,"out_stock_days":0,"lost_sales":0,"has_location":false,"update_date":"2026-05-12T21:04:38","atum_locations":[],"atum_stock_status":"instock","restock_status":true,"low_stock_amount":"","sales_update_date":"2026-05-12T21:04:38","calc_backorders":null,"aioseo_notices":[],"_links":{"self":[{"href":"https:\/\/ecoshop.ee\/fi\/wp-json\/wp\/v2\/product\/8057","targetHints":{"allow":["GET"]}}],"collection":[{"href":"https:\/\/ecoshop.ee\/fi\/wp-json\/wp\/v2\/product"}],"about":[{"href":"https:\/\/ecoshop.ee\/fi\/wp-json\/wp\/v2\/types\/product"}],"replies":[{"embeddable":true,"href":"https:\/\/ecoshop.ee\/fi\/wp-json\/wp\/v2\/comments?post=8057"}],"version-history":[{"count":1,"href":"https:\/\/ecoshop.ee\/fi\/wp-json\/wp\/v2\/product\/8057\/revisions"}],"predecessor-version":[{"id":396015,"href":"https:\/\/ecoshop.ee\/fi\/wp-json\/wp\/v2\/product\/8057\/revisions\/396015"}],"wp:featuredmedia":[{"embeddable":true,"href":"https:\/\/ecoshop.ee\/fi\/wp-json\/wp\/v2\/media\/9650"}],"wp:attachment":[{"href":"https:\/\/ecoshop.ee\/fi\/wp-json\/wp\/v2\/media?parent=8057"}],"wp:term":[{"taxonomy":"product_brand","embeddable":true,"href":"https:\/\/ecoshop.ee\/fi\/wp-json\/wp\/v2\/product_brand?post=8057"},{"taxonomy":"product_cat","embeddable":true,"href":"https:\/\/ecoshop.ee\/fi\/wp-json\/wp\/v2\/product_cat?post=8057"},{"taxonomy":"product_tag","embeddable":true,"href":"https:\/\/ecoshop.ee\/fi\/wp-json\/wp\/v2\/product_tag?post=8057"}],"curies":[{"name":"wp","href":"https:\/\/api.w.org\/{rel}","templated":true}]}}