{"id":8059,"date":"2024-09-18T22:32:08","date_gmt":"2024-09-18T19:32:08","guid":{"rendered":"https:\/\/ecoshop.ee\/?post_type=product&#038;p=8059"},"modified":"2026-05-11T08:57:21","modified_gmt":"2026-05-11T05:57:21","slug":"vaihdevuosien-lisaravinne-n60","status":"publish","type":"product","link":"https:\/\/ecoshop.ee\/fi\/vegan-toidulisandid\/menopausi-toidulisand-n60\/","title":{"rendered":"Vaihdevuodet-lis\u00e4, N60"},"content":{"rendered":"<p><strong>P\u00e4ivitt\u00e4inen monivitamiini, joka sis\u00e4lt\u00e4\u00e4 23 vitamiinia ja kivenn\u00e4isainetta, mukaan lukien soijaisoflavoneja, salviaa ja ashwagandhaa.<\/strong><\/p>\n<p>Kehomme muuttuessa my\u00f6s ravitsemukselliset tarpeemme muuttuvat. Vaihdevuosilis\u00e4 tarjoaa kohdennettua tukea, joka on tieteellisesti kehitetty tarjoamaan optimaalisen tasapainon 23 vitamiinille ja kivenn\u00e4isaineelle sek\u00e4 soijaisoflavoneille ja aktiivisille kasvitieteellisille ainesosille. Yhdist\u00e4m\u00e4ll\u00e4 ainesosia, joita on usein saatavilla vain erikseen, jokainen kapseli on suunniteltu torjumaan vaihdevuosien ja perimenopaussin monia vaikutuksia, kuten mielialan vaihteluita, heikkoja luita ja alhaista energiatasoa. Se on suunniteltu varmistamaan jokaisen ravintoaineen optimaalinen imeytyminen ja bioaktiivisuus kehossa.<\/p>\n<p><strong>T\u00e4rkeimm\u00e4t edut:<\/strong><\/p>\n<ul>\n<li><strong>Hormonien s\u00e4\u00e4tely:<\/strong> Auttaa s\u00e4\u00e4telem\u00e4\u00e4n hormonaalista toimintaa.<\/li>\n<li><strong>V\u00e4symyksen v\u00e4hent\u00e4minen:<\/strong> Auttaa v\u00e4hent\u00e4m\u00e4\u00e4n v\u00e4symyst\u00e4 ja uupumusta.<\/li>\n<li><strong>Tuki- ja liikuntaelimist\u00f6n hoito:<\/strong> Tukee luuston, hampaiden, ihon, hiusten, kynsien, lihasten ja n\u00e4\u00f6n normaalia toimintaa.<\/li>\n<\/ul>\n<p><strong>Tiesitk\u00f6?<\/strong><br \/>\nVaihdevuodet on luonnollinen vaihe, jossa naisen kuukautiskierto loppuu. Vaihdevuodet diagnosoidaan 12 per\u00e4kk\u00e4isen kuukauden kuluttua ilman kuukautisia. Se ilmenee yleens\u00e4 45\u201355 vuoden i\u00e4ss\u00e4, mutta voi vaihdella.<\/p>\n<p>Vegetology Menopause on ravitsemusasiantuntijoidemme kehitt\u00e4m\u00e4 tuote laajan tutkimuksen ja vaihdevuosien aikaisten ja niiden j\u00e4lkeisten erityisten ravitsemuksellisten tarpeiden ymm\u00e4rt\u00e4misen pohjalta. Edistyksellinen koostumus sis\u00e4lt\u00e4\u00e4 valikoituja ja tasapainotettuja vitamiineja ja kivenn\u00e4isaineita sek\u00e4 soijaisoflavoneja ja aktiivisia kasvitieteellisi\u00e4 ainesosia, jotka tarjoavat kohdennettua tukea.<\/p>\n<p><strong>Jokainen kapseli sis\u00e4lt\u00e4\u00e4 26 vitamiinia ja kivenn\u00e4isainetta sek\u00e4 soijaisoflavoneja, salviaa ja ashwagandhaa.<\/strong><\/p>\n<p>Hormoniton. Vaihdevuosien hoitoon tarkoitettu lis\u00e4ravinteemme on valmistettu tehokkaista ainesosista, jotka auttavat sinua tuntemaan olosi energiseksi ja keskittyneeksi, v\u00e4hent\u00e4m\u00e4\u00e4n stressi\u00e4 ja parantamaan mielialaa.<\/p>","protected":false},"excerpt":{"rendered":"<p>Igap\u00e4evane multivitamiin koos 23 vitamiini ja mineraaliga, sh soja isoflavoonid, salvei ja ashwagandha. Meie keha muutudes muutuvad ka meie toitumisvajadused. Menopausi toidulisand&hellip;<\/p>","protected":false},"featured_media":8010,"comment_status":"open","ping_status":"closed","template":"","meta":{"wprm-recipe-roundup-name":"","wprm-recipe-roundup-description":""},"product_brand":[12063],"product_cat":[318],"product_tag":[346,320],"class_list":{"0":"post-8059","1":"product","2":"type-product","3":"status-publish","4":"has-post-thumbnail","6":"product_brand-vegetology","7":"product_cat-vegan-toidulisandid","8":"product_tag-menopaus","9":"product_tag-toidulisand","10":"j79_wcxd_expiry_type-best-before","12":"first","13":"instock","14":"taxable","15":"shipping-taxable","16":"purchasable","17":"product-type-simple"},"supplier_id":9147,"supplier_sku":"","barcode":"5060351380447","atum_controlled":true,"out_stock_date":null,"out_stock_threshold":null,"inheritable":false,"inbound_stock":0,"stock_on_hold":0,"sold_today":0,"sales_last_days":3,"reserved_stock":0,"customer_returns":0,"warehouse_damage":0,"lost_in_post":0,"other_logs":0,"out_stock_days":0,"lost_sales":0,"has_location":false,"update_date":"2026-05-13T12:28:12","atum_locations":[],"atum_stock_status":"instock","restock_status":false,"low_stock_amount":"","sales_update_date":"2026-05-13T12:28:12","calc_backorders":null,"aioseo_notices":[],"_links":{"self":[{"href":"https:\/\/ecoshop.ee\/fi\/wp-json\/wp\/v2\/product\/8059","targetHints":{"allow":["GET"]}}],"collection":[{"href":"https:\/\/ecoshop.ee\/fi\/wp-json\/wp\/v2\/product"}],"about":[{"href":"https:\/\/ecoshop.ee\/fi\/wp-json\/wp\/v2\/types\/product"}],"replies":[{"embeddable":true,"href":"https:\/\/ecoshop.ee\/fi\/wp-json\/wp\/v2\/comments?post=8059"}],"version-history":[{"count":0,"href":"https:\/\/ecoshop.ee\/fi\/wp-json\/wp\/v2\/product\/8059\/revisions"}],"wp:featuredmedia":[{"embeddable":true,"href":"https:\/\/ecoshop.ee\/fi\/wp-json\/wp\/v2\/media\/8010"}],"wp:attachment":[{"href":"https:\/\/ecoshop.ee\/fi\/wp-json\/wp\/v2\/media?parent=8059"}],"wp:term":[{"taxonomy":"product_brand","embeddable":true,"href":"https:\/\/ecoshop.ee\/fi\/wp-json\/wp\/v2\/product_brand?post=8059"},{"taxonomy":"product_cat","embeddable":true,"href":"https:\/\/ecoshop.ee\/fi\/wp-json\/wp\/v2\/product_cat?post=8059"},{"taxonomy":"product_tag","embeddable":true,"href":"https:\/\/ecoshop.ee\/fi\/wp-json\/wp\/v2\/product_tag?post=8059"}],"curies":[{"name":"wp","href":"https:\/\/api.w.org\/{rel}","templated":true}]}}