{"id":8446,"date":"2024-10-23T18:56:21","date_gmt":"2024-10-23T15:56:21","guid":{"rendered":"https:\/\/ecoshop.ee\/?post_type=product&#038;p=8446"},"modified":"2025-12-25T20:16:13","modified_gmt":"2025-12-25T17:16:13","slug":"clearspringin-luomusushiriisi-500-g","status":"publish","type":"product","link":"https:\/\/ecoshop.ee\/fi\/sushi-koostisosad\/clearspring-mahe-sushi-riis-500g\/","title":{"rendered":"Clearspringin luomusushiriisi, 500 g"},"content":{"rendered":"<p>Clearspringin luomusushiriisi sopii erinomaisesti herkullisen, t\u00e4ydellisesti kypsennetyn riisin valmistukseen Japanin kuuluisimpaan ruokalajiin, sushiin. Lyhytjyv\u00e4inen selenioriisi on hyvin samanlaista kuin japanilaisessa sushissa k\u00e4ytetty japonica-riisi. Luomuviljelty Italian Piemonten alueella, jossa viljell\u00e4\u00e4n my\u00f6s kuuluisaa risottoriisi\u00e4.<\/p>\n<p>Kypsymisen j\u00e4lkeen riisi kiillotetaan t\u00e4ydelliseksi paikallisessa myllyss\u00e4 Trinon kaupungissa. Valkoisen riisin saamiseksi kuoren alla olevat kerrokset poistetaan, jolloin j\u00e4ljelle j\u00e4\u00e4 p\u00e4\u00e4asiassa t\u00e4rkkelyspitoinen endospermi.<\/p>\n<p><strong>Valmistelu:<\/strong><\/p>\n<p>Huuhtele 1 kuppi (250 g) sushiriisi\u00e4 kylm\u00e4ll\u00e4 vedell\u00e4 ja valuta. Laita riisi kattilaan 1\u00bc kupin (310 ml) kylm\u00e4\u00e4 vett\u00e4 kanssa. Liota 30 minuuttia. Kiehauta, peit\u00e4 kannella ja v\u00e4henn\u00e4 l\u00e4mp\u00f6\u00e4 miedolle. Hauduta 10\u201312 minuuttia tai kunnes kaikki vesi on imeytynyt. Ota pois liedelt\u00e4 ja anna seist\u00e4 kannen alla 10 minuuttia.<\/p>","protected":false},"excerpt":{"rendered":"<p>Clearspringi mahe sushi riis on ideaalne maitsva ja t\u00e4iuslikult k\u00fcpsetatud riisi valmistamiseks, mida saab kasutada Jaapani kuulsaimas roas, sushis. L\u00fchiteraline Selenio riis&hellip;<\/p>","protected":false},"featured_media":8448,"comment_status":"open","ping_status":"closed","template":"","meta":{"wprm-recipe-roundup-name":"","wprm-recipe-roundup-description":""},"product_brand":[12018],"product_cat":[348,303],"product_tag":[297,354,350],"class_list":{"0":"post-8446","1":"product","2":"type-product","3":"status-publish","4":"has-post-thumbnail","6":"product_brand-clearspring","7":"product_cat-sushi-koostisosad","8":"product_cat-mahetooted","9":"product_tag-mahe","10":"product_tag-riis","11":"product_tag-sushi","12":"j79_wcxd_expiry_type-best-before","14":"first","15":"instock","16":"taxable","17":"shipping-taxable","18":"purchasable","19":"product-type-simple"},"supplier_id":9160,"supplier_sku":"","barcode":"5021554986362","atum_controlled":true,"out_stock_date":null,"out_stock_threshold":null,"inheritable":false,"inbound_stock":0,"stock_on_hold":0,"sold_today":0,"sales_last_days":0,"reserved_stock":0,"customer_returns":0,"warehouse_damage":0,"lost_in_post":0,"other_logs":0,"out_stock_days":0,"lost_sales":0,"has_location":false,"update_date":"2026-03-07T01:16:11","atum_locations":[],"atum_stock_status":"instock","restock_status":false,"low_stock_amount":"","sales_update_date":"2026-03-07T01:16:11","calc_backorders":null,"aioseo_notices":[],"_links":{"self":[{"href":"https:\/\/ecoshop.ee\/fi\/wp-json\/wp\/v2\/product\/8446","targetHints":{"allow":["GET"]}}],"collection":[{"href":"https:\/\/ecoshop.ee\/fi\/wp-json\/wp\/v2\/product"}],"about":[{"href":"https:\/\/ecoshop.ee\/fi\/wp-json\/wp\/v2\/types\/product"}],"replies":[{"embeddable":true,"href":"https:\/\/ecoshop.ee\/fi\/wp-json\/wp\/v2\/comments?post=8446"}],"version-history":[{"count":0,"href":"https:\/\/ecoshop.ee\/fi\/wp-json\/wp\/v2\/product\/8446\/revisions"}],"wp:featuredmedia":[{"embeddable":true,"href":"https:\/\/ecoshop.ee\/fi\/wp-json\/wp\/v2\/media\/8448"}],"wp:attachment":[{"href":"https:\/\/ecoshop.ee\/fi\/wp-json\/wp\/v2\/media?parent=8446"}],"wp:term":[{"taxonomy":"product_brand","embeddable":true,"href":"https:\/\/ecoshop.ee\/fi\/wp-json\/wp\/v2\/product_brand?post=8446"},{"taxonomy":"product_cat","embeddable":true,"href":"https:\/\/ecoshop.ee\/fi\/wp-json\/wp\/v2\/product_cat?post=8446"},{"taxonomy":"product_tag","embeddable":true,"href":"https:\/\/ecoshop.ee\/fi\/wp-json\/wp\/v2\/product_tag?post=8446"}],"curies":[{"name":"wp","href":"https:\/\/api.w.org\/{rel}","templated":true}]}}