{"id":8502,"date":"2024-10-23T21:12:17","date_gmt":"2024-10-23T18:12:17","guid":{"rendered":"https:\/\/ecoshop.ee\/?post_type=product&#038;p=8502"},"modified":"2025-12-25T20:16:13","modified_gmt":"2025-12-25T17:16:13","slug":"japanilainen-luomu-yaemon-tamari-soijakastike-150-ml","status":"publish","type":"product","link":"https:\/\/ecoshop.ee\/fi\/piimad-ja-maarded\/jaapani-mahe-yaemon-tamari-sojakaste-150ml\/","title":{"rendered":"Japanilainen luomu Yaemon Tamari -soijakastike, 150ml"},"content":{"rendered":"<p>Clearspring Organic Tamari on gluteeniton, tuplavahvuinen soijakastike, joka on valmistettu luomusoijapavuista. K\u00e4ytt\u00e4m\u00e4ll\u00e4 kaksinkertaisen m\u00e4\u00e4r\u00e4n soijapapuja pulloa kohden verrattuna tavallisiin soijakastikkeisiin, se saavuttaa pehme\u00e4mm\u00e4n ja tasapainoisemman maun. Se on valmistettu 500 vuotta vanhan reseptin mukaan ja sit\u00e4 on k\u00e4ymisprosessissa kypsytetty luonnollisesti setritynnyreiss\u00e4 kahden kes\u00e4n ajan. Clearspring Tamari -soijakastike on palkittu rikkaasta, monimutkaisesta, tiivistetyst\u00e4, mutta ei liian voimakkaasta maustaan. T\u00e4ydellinen dippikastikkeeksi, sushin ja sashimin lisukkeeksi sek\u00e4 loistava lis\u00e4 salaatinkastikkeisiin, marinadeihin, kastikkeisiin, wokkiruokiin ja kypsennettyihin vihanneksiin.<\/p>\n<ul>\n<li>Rikas ja t\u00e4ytel\u00e4inen maku<\/li>\n<li>Gluteeniton, maidoton, laktoositon ja vegaaninen<\/li>\n<\/ul>\n<p>Clearspring Tamari on paras valinta, jos etsit korkeaa laatua ja aitoa japanilaista makua.<\/p>","protected":false},"excerpt":{"rendered":"<p>Clearspringi orgaaniline Tamari on gluteenivaba ja topeltkange sojakaste, mis on valmistatud mahep\u00f5llumajanduslikest tervetest sojaseemnetest. Kasutades iga pudeli jaoks kaks korda rohkem sojaseemneid&hellip;<\/p>","protected":false},"featured_media":8503,"comment_status":"open","ping_status":"closed","template":"","meta":{"wprm-recipe-roundup-name":"","wprm-recipe-roundup-description":""},"product_brand":[],"product_cat":[325,303,302],"product_tag":[296,297,353,359],"class_list":{"0":"post-8502","1":"product","2":"type-product","3":"status-publish","4":"has-post-thumbnail","6":"product_cat-piimad-ja-maarded","7":"product_cat-mahetooted","8":"product_cat-gluteenivaba","9":"product_tag-gluteenivaba","10":"product_tag-mahe","11":"product_tag-sojakaste","12":"product_tag-tamari","13":"j79_wcxd_expiry_type-expiry-date","15":"first","16":"instock","17":"taxable","18":"shipping-taxable","19":"purchasable","20":"product-type-simple"},"supplier_id":9160,"supplier_sku":"","barcode":"5021554984931","atum_controlled":true,"out_stock_date":null,"out_stock_threshold":null,"inheritable":false,"inbound_stock":0,"stock_on_hold":0,"sold_today":0,"sales_last_days":0,"reserved_stock":0,"customer_returns":0,"warehouse_damage":0,"lost_in_post":0,"other_logs":0,"out_stock_days":0,"lost_sales":0,"has_location":false,"update_date":"2026-03-07T01:16:11","atum_locations":[],"atum_stock_status":"instock","restock_status":false,"low_stock_amount":"","sales_update_date":"2026-03-07T01:16:11","calc_backorders":null,"aioseo_notices":[],"_links":{"self":[{"href":"https:\/\/ecoshop.ee\/fi\/wp-json\/wp\/v2\/product\/8502","targetHints":{"allow":["GET"]}}],"collection":[{"href":"https:\/\/ecoshop.ee\/fi\/wp-json\/wp\/v2\/product"}],"about":[{"href":"https:\/\/ecoshop.ee\/fi\/wp-json\/wp\/v2\/types\/product"}],"replies":[{"embeddable":true,"href":"https:\/\/ecoshop.ee\/fi\/wp-json\/wp\/v2\/comments?post=8502"}],"version-history":[{"count":0,"href":"https:\/\/ecoshop.ee\/fi\/wp-json\/wp\/v2\/product\/8502\/revisions"}],"wp:featuredmedia":[{"embeddable":true,"href":"https:\/\/ecoshop.ee\/fi\/wp-json\/wp\/v2\/media\/8503"}],"wp:attachment":[{"href":"https:\/\/ecoshop.ee\/fi\/wp-json\/wp\/v2\/media?parent=8502"}],"wp:term":[{"taxonomy":"product_brand","embeddable":true,"href":"https:\/\/ecoshop.ee\/fi\/wp-json\/wp\/v2\/product_brand?post=8502"},{"taxonomy":"product_cat","embeddable":true,"href":"https:\/\/ecoshop.ee\/fi\/wp-json\/wp\/v2\/product_cat?post=8502"},{"taxonomy":"product_tag","embeddable":true,"href":"https:\/\/ecoshop.ee\/fi\/wp-json\/wp\/v2\/product_tag?post=8502"}],"curies":[{"name":"wp","href":"https:\/\/api.w.org\/{rel}","templated":true}]}}