{"id":8517,"date":"2024-10-24T00:02:34","date_gmt":"2024-10-23T21:02:34","guid":{"rendered":"https:\/\/ecoshop.ee\/?post_type=product&#038;p=8517"},"modified":"2025-12-25T20:16:14","modified_gmt":"2025-12-25T17:16:14","slug":"gluteeniton-taysjyvapasta-ruskealla-riisilla-kvinoalla-ja-amarantilla","status":"publish","type":"product","link":"https:\/\/ecoshop.ee\/fi\/pastad-ja-nuudlid\/gluteenivaba-pruuni-riisi-taisterapasta-kinoa-ja-amarantiga\/","title":{"rendered":"Gluteeniton t\u00e4ysjyv\u00e4pasta ruskealla riisill\u00e4, kvinoalla ja amarantilla, 250 g"},"content":{"rendered":"<p>Clearspringin luomu t\u00e4ysjyv\u00e4pennepasta on valmistettu sekoituksesta ruskeaa riisijauhoa ja luonnostaan gluteenittomia perinteisi\u00e4 jyvi\u00e4, kvinoaa ja amaranttia, sek\u00e4 luomueurooppalaisesta maissista. Italiassa toisen sukupolven myll\u00e4risukujen valmistama t\u00e4m\u00e4 herk\u00e4n makuinen pennepasta on koostumukseltaan kiinte\u00e4 ja sopii t\u00e4ydellisesti suosikkikastikkeisiisi.<\/p>\n<ul>\n<li>Gluteeniton<\/li>\n<li>Kuidun l\u00e4hde<\/li>\n<li>V\u00e4h\u00e4rasvainen<\/li>\n<li>V\u00e4h\u00e4suolainen<\/li>\n<li>GMO-vapaa<\/li>\n<\/ul>\n<p><strong>Valmistelu:<\/strong><\/p>\n<p>Keit\u00e4 runsaasti vett\u00e4 ja lis\u00e4\u00e4 ripaus suolaa. Lis\u00e4\u00e4 80 g pastaa annosta kohden. Keit\u00e4 t\u00e4ydellisen &quot;al dente&quot; -kypsyyden saavuttamiseksi 7 minuuttia, sekoittaen silloin t\u00e4ll\u00f6in. Pehme\u00e4mm\u00e4n pastan saamiseksi keit\u00e4 viel\u00e4 minuutti. Valuta vesi siivil\u00e4n l\u00e4pi ja tarjoile heti lempikastikkeesi kanssa.<\/p>\n<p>Tarjoiluehdotus: Ruskea riisipasta kvinoan ja amarantin kera sopii my\u00f6s erinomaisesti salaattipohjaksi. Huuhtele kypsennyksen j\u00e4lkeen kylm\u00e4ll\u00e4 juoksevalla vedell\u00e4 ja sekoita tuoreiden ainesten ja valitsemasi kastikkeen kanssa.**<\/p>","protected":false},"excerpt":{"rendered":"<p>Clearspringi mahe penne t\u00e4isterapasta on valmistatud pruuni riisijahu ja looduslikult gluteenivabade iidsete teraviljade kinoa ja amarandi segust ning mahedast Euroopa maisist. Valmistatud&hellip;<\/p>","protected":false},"featured_media":8519,"comment_status":"open","ping_status":"closed","template":"","meta":{"wprm-recipe-roundup-name":"","wprm-recipe-roundup-description":""},"product_brand":[],"product_cat":[363,303,302],"product_tag":[296,297,365,364,366],"class_list":{"0":"post-8517","1":"product","2":"type-product","3":"status-publish","4":"has-post-thumbnail","6":"product_cat-pastad-ja-nuudlid","7":"product_cat-mahetooted","8":"product_cat-gluteenivaba","9":"product_tag-gluteenivaba","10":"product_tag-mahe","11":"product_tag-pasta","12":"product_tag-penne","13":"product_tag-taisterapasta","14":"j79_wcxd_expiry_type-expiry-date","16":"first","17":"outofstock","18":"taxable","19":"shipping-taxable","20":"purchasable","21":"product-type-simple"},"supplier_id":9160,"supplier_sku":"","barcode":"5021554003557","atum_controlled":true,"out_stock_date":"2025-09-20 00:09:51","out_stock_threshold":null,"inheritable":false,"inbound_stock":0,"stock_on_hold":0,"sold_today":0,"sales_last_days":0,"reserved_stock":0,"customer_returns":0,"warehouse_damage":0,"lost_in_post":0,"other_logs":0,"out_stock_days":168,"lost_sales":0,"has_location":false,"update_date":"2026-03-07T01:16:11","atum_locations":[],"atum_stock_status":"outofstock","restock_status":false,"low_stock_amount":"","sales_update_date":"2026-03-07T01:16:11","calc_backorders":null,"aioseo_notices":[],"_links":{"self":[{"href":"https:\/\/ecoshop.ee\/fi\/wp-json\/wp\/v2\/product\/8517","targetHints":{"allow":["GET"]}}],"collection":[{"href":"https:\/\/ecoshop.ee\/fi\/wp-json\/wp\/v2\/product"}],"about":[{"href":"https:\/\/ecoshop.ee\/fi\/wp-json\/wp\/v2\/types\/product"}],"replies":[{"embeddable":true,"href":"https:\/\/ecoshop.ee\/fi\/wp-json\/wp\/v2\/comments?post=8517"}],"version-history":[{"count":0,"href":"https:\/\/ecoshop.ee\/fi\/wp-json\/wp\/v2\/product\/8517\/revisions"}],"wp:featuredmedia":[{"embeddable":true,"href":"https:\/\/ecoshop.ee\/fi\/wp-json\/wp\/v2\/media\/8519"}],"wp:attachment":[{"href":"https:\/\/ecoshop.ee\/fi\/wp-json\/wp\/v2\/media?parent=8517"}],"wp:term":[{"taxonomy":"product_brand","embeddable":true,"href":"https:\/\/ecoshop.ee\/fi\/wp-json\/wp\/v2\/product_brand?post=8517"},{"taxonomy":"product_cat","embeddable":true,"href":"https:\/\/ecoshop.ee\/fi\/wp-json\/wp\/v2\/product_cat?post=8517"},{"taxonomy":"product_tag","embeddable":true,"href":"https:\/\/ecoshop.ee\/fi\/wp-json\/wp\/v2\/product_tag?post=8517"}],"curies":[{"name":"wp","href":"https:\/\/api.w.org\/{rel}","templated":true}]}}