{"id":8806,"date":"2024-11-01T16:52:43","date_gmt":"2024-11-01T13:52:43","guid":{"rendered":"https:\/\/ecoshop.ee\/?post_type=product&#038;p=8806"},"modified":"2025-12-25T19:35:22","modified_gmt":"2025-12-25T16:35:22","slug":"turkoosi-naisten-korkkilompakko","status":"publish","type":"product","link":"https:\/\/ecoshop.ee\/fi\/rahakotid\/turkiissinine-naiste-korgist-rahakott\/","title":{"rendered":"Turkoosi naisten korkkilompakko"},"content":{"rendered":"<p>Tyylik\u00e4s ja k\u00e4yt\u00e4nn\u00f6llinen naisten korkkilompakko, valmistettu ekologisesta turkoosista korkista, jota t\u00e4ydent\u00e4v\u00e4t tyylikk\u00e4\u00e4t hopeiset yksityiskohdat. Lompakon tilavaan muotoiluun mahtuu v\u00e4hint\u00e4\u00e4n 8 korttia, ja siin\u00e4 on useita lokeroita k\u00e4teisen, kuittien ja muiden pienempien tavaroiden s\u00e4ilytt\u00e4miseen. Sis\u00e4ll\u00e4 on turvallinen vetoketjullinen tasku, joka sopii erinomaisesti kolikoiden tai arvoesineiden s\u00e4ilytt\u00e4miseen. Irrotettava rannehihna lis\u00e4\u00e4 mukavuutta ja turvallisuutta. T\u00e4m\u00e4 monipuolinen asuste sopii t\u00e4ydellisesti arkik\u00e4ytt\u00f6\u00f6n tai juhlavampiin hetkiin.<\/p>\n<p><strong>Mitat:<\/strong><\/p>\n<ul>\n<li>Pituus: 19 cm<\/li>\n<li>Leveys: 9,5 cm<\/li>\n<li>Paksuus: 2,5 cm<\/li>\n<\/ul>","protected":false},"excerpt":{"rendered":"<p>Stiilne ja praktiline naiste korgist rahakott, valmistatud \u00f6koloogilisest t\u00fcrkiissinisest korgist, mida t\u00e4iendavad elegantsed h\u00f5bedased detailid. Rahakoti ruumikas disain mahutab v\u00e4hemalt 8 kaarti&hellip;<\/p>","protected":false},"featured_media":8807,"comment_status":"open","ping_status":"closed","template":"","meta":{"wprm-recipe-roundup-name":"","wprm-recipe-roundup-description":""},"product_brand":[],"product_cat":[241],"product_tag":[219],"class_list":{"0":"post-8806","1":"product","2":"type-product","3":"status-publish","4":"has-post-thumbnail","6":"product_cat-rahakotid","7":"product_tag-rahakott","9":"first","10":"instock","11":"taxable","12":"shipping-taxable","13":"purchasable","14":"product-type-simple"},"supplier_id":9159,"supplier_sku":"","barcode":null,"atum_controlled":true,"out_stock_date":null,"out_stock_threshold":null,"inheritable":false,"inbound_stock":0,"stock_on_hold":0,"sold_today":0,"sales_last_days":0,"reserved_stock":0,"customer_returns":0,"warehouse_damage":0,"lost_in_post":0,"other_logs":0,"out_stock_days":0,"lost_sales":0,"has_location":false,"update_date":"2026-03-07T01:16:10","atum_locations":[],"atum_stock_status":"instock","restock_status":false,"low_stock_amount":"","sales_update_date":"2026-03-07T01:16:10","calc_backorders":null,"aioseo_notices":[],"_links":{"self":[{"href":"https:\/\/ecoshop.ee\/fi\/wp-json\/wp\/v2\/product\/8806","targetHints":{"allow":["GET"]}}],"collection":[{"href":"https:\/\/ecoshop.ee\/fi\/wp-json\/wp\/v2\/product"}],"about":[{"href":"https:\/\/ecoshop.ee\/fi\/wp-json\/wp\/v2\/types\/product"}],"replies":[{"embeddable":true,"href":"https:\/\/ecoshop.ee\/fi\/wp-json\/wp\/v2\/comments?post=8806"}],"version-history":[{"count":0,"href":"https:\/\/ecoshop.ee\/fi\/wp-json\/wp\/v2\/product\/8806\/revisions"}],"wp:featuredmedia":[{"embeddable":true,"href":"https:\/\/ecoshop.ee\/fi\/wp-json\/wp\/v2\/media\/8807"}],"wp:attachment":[{"href":"https:\/\/ecoshop.ee\/fi\/wp-json\/wp\/v2\/media?parent=8806"}],"wp:term":[{"taxonomy":"product_brand","embeddable":true,"href":"https:\/\/ecoshop.ee\/fi\/wp-json\/wp\/v2\/product_brand?post=8806"},{"taxonomy":"product_cat","embeddable":true,"href":"https:\/\/ecoshop.ee\/fi\/wp-json\/wp\/v2\/product_cat?post=8806"},{"taxonomy":"product_tag","embeddable":true,"href":"https:\/\/ecoshop.ee\/fi\/wp-json\/wp\/v2\/product_tag?post=8806"}],"curies":[{"name":"wp","href":"https:\/\/api.w.org\/{rel}","templated":true}]}}