{"id":8835,"date":"2024-11-01T18:42:02","date_gmt":"2024-11-01T15:42:02","guid":{"rendered":"https:\/\/ecoshop.ee\/?post_type=product&#038;p=8835"},"modified":"2025-12-25T19:40:50","modified_gmt":"2025-12-25T16:40:50","slug":"tyylikas-korkkinen-olkalaukku-vetoketjullisilla-taskuilla","status":"publish","type":"product","link":"https:\/\/ecoshop.ee\/fi\/kotid\/stiilne-korgist-olakott-lukustiga-taskutega\/","title":{"rendered":"Tyylik\u00e4s korkkinen olkalaukku vetoketjullisilla taskuilla"},"content":{"rendered":"<p>Ymp\u00e4rist\u00f6yst\u00e4v\u00e4llinen ja tyylik\u00e4s korkkiolkalaukku, joka yhdist\u00e4\u00e4 kest\u00e4v\u00e4n kehityksen ja toimivuuden. Saatavilla useissa eri tyyleiss\u00e4. Vetoketjulliset taskut molemmilla sivuilla, tilava p\u00e4\u00e4lokero ja sis\u00e4inen tilanjakaja tavaroiden j\u00e4rjestyksess\u00e4 pit\u00e4miseen. S\u00e4\u00e4dett\u00e4v\u00e4 hihna olka- tai k\u00e4sikantoa varten. Valmistettu korkealaatuisesta korkkikankaasta, joka on kevyt, kest\u00e4v\u00e4 ja vedenpit\u00e4v\u00e4 \u2013 ihanteellinen jokap\u00e4iv\u00e4iseen k\u00e4ytt\u00f6\u00f6n. *G-mallin selk\u00e4puoli on massiivimustaa korkkia*<\/p>\n<p><strong>Mitat:<\/strong><\/p>\n<ul>\n<li>Pituus: 30 cm<\/li>\n<li>Korkeus: 23 cm<\/li>\n<li>Paksuus: 8 cm<\/li>\n<\/ul>","protected":false},"excerpt":{"rendered":"<p>Keskkonnas\u00f5bralik ja stiilne korgist \u00f5lakott, mis \u00fchendab j\u00e4tkusuutlikkuse ja funktsionaalsuse. Saadaval erinevates stiilides. M\u00f5lemal k\u00fcljel lukuga taskud, mahukas p\u00f5hiosa ja sisemine vahesein,&hellip;<\/p>","protected":false},"featured_media":8842,"comment_status":"open","ping_status":"closed","template":"","meta":{"wprm-recipe-roundup-name":"","wprm-recipe-roundup-description":""},"product_brand":[],"product_cat":[242],"product_tag":[202,400],"class_list":{"0":"post-8835","1":"product","2":"type-product","3":"status-publish","4":"has-post-thumbnail","6":"product_cat-kotid","7":"product_tag-kott","8":"product_tag-olakott","10":"first","11":"instock","12":"taxable","13":"shipping-taxable","14":"purchasable","15":"product-type-variable"},"supplier_id":null,"supplier_sku":"","barcode":null,"atum_controlled":true,"out_stock_date":null,"out_stock_threshold":null,"inheritable":false,"inbound_stock":0,"stock_on_hold":0,"sold_today":0,"sales_last_days":0,"reserved_stock":0,"customer_returns":0,"warehouse_damage":0,"lost_in_post":0,"other_logs":0,"out_stock_days":0,"lost_sales":0,"has_location":false,"update_date":"2026-03-07T01:16:03","atum_locations":[],"atum_stock_status":"instock","restock_status":false,"low_stock_amount":"","sales_update_date":"2026-03-07T01:16:03","calc_backorders":null,"aioseo_notices":[],"_links":{"self":[{"href":"https:\/\/ecoshop.ee\/fi\/wp-json\/wp\/v2\/product\/8835","targetHints":{"allow":["GET"]}}],"collection":[{"href":"https:\/\/ecoshop.ee\/fi\/wp-json\/wp\/v2\/product"}],"about":[{"href":"https:\/\/ecoshop.ee\/fi\/wp-json\/wp\/v2\/types\/product"}],"replies":[{"embeddable":true,"href":"https:\/\/ecoshop.ee\/fi\/wp-json\/wp\/v2\/comments?post=8835"}],"version-history":[{"count":0,"href":"https:\/\/ecoshop.ee\/fi\/wp-json\/wp\/v2\/product\/8835\/revisions"}],"wp:featuredmedia":[{"embeddable":true,"href":"https:\/\/ecoshop.ee\/fi\/wp-json\/wp\/v2\/media\/8842"}],"wp:attachment":[{"href":"https:\/\/ecoshop.ee\/fi\/wp-json\/wp\/v2\/media?parent=8835"}],"wp:term":[{"taxonomy":"product_brand","embeddable":true,"href":"https:\/\/ecoshop.ee\/fi\/wp-json\/wp\/v2\/product_brand?post=8835"},{"taxonomy":"product_cat","embeddable":true,"href":"https:\/\/ecoshop.ee\/fi\/wp-json\/wp\/v2\/product_cat?post=8835"},{"taxonomy":"product_tag","embeddable":true,"href":"https:\/\/ecoshop.ee\/fi\/wp-json\/wp\/v2\/product_tag?post=8835"}],"curies":[{"name":"wp","href":"https:\/\/api.w.org\/{rel}","templated":true}]}}