{"id":8856,"date":"2024-11-01T19:34:29","date_gmt":"2024-11-01T16:34:29","guid":{"rendered":"https:\/\/ecoshop.ee\/?post_type=product&#038;p=8856"},"modified":"2025-12-25T19:40:51","modified_gmt":"2025-12-25T16:40:51","slug":"kukkakuvioinen-korkkinen-olkalaukku","status":"publish","type":"product","link":"https:\/\/ecoshop.ee\/fi\/kotid\/lillemustriga-korgist-crossbody-barrel-kott\/","title":{"rendered":"Kukallinen korkkinen olkalaukku"},"content":{"rendered":"<p>Tuo esiin kes\u00e4tyylisi t\u00e4ll\u00e4 k\u00e4yt\u00e4nn\u00f6llisell\u00e4 ja tyylikk\u00e4\u00e4ll\u00e4 kukkakuvioisella korkkisella olkalaukulla! Saatavilla useissa eri tyyleiss\u00e4, kest\u00e4v\u00e4ll\u00e4 niitatulla pohjalla ja mukavasti s\u00e4ilytyksell\u00e4 arkip\u00e4iv\u00e4isille tavaroille, kuten \u00e4lypuhelimelle ja lompakolle. Pehme\u00e4st\u00e4 korkista ja keinonahasta valmistettu irrotettava ja s\u00e4\u00e4dett\u00e4v\u00e4 olkahihna tekee siit\u00e4 mukavan kantaa. Tyylik\u00e4s asuste, joka sopii t\u00e4ydellisesti arkik\u00e4ytt\u00f6\u00f6n ja kes\u00e4seikkailuihin!<\/p>\n<p><strong>Mitat:<\/strong><\/p>\n<ul>\n<li>Pituus: 20 cm<\/li>\n<li>Korkeus: 17 cm<\/li>\n<li>Paksuus: 10 cm<\/li>\n<\/ul>\n<p>&nbsp;<\/p>","protected":false},"excerpt":{"rendered":"<p>Tooge oma suve stiil esile selle praktilise ja stiilse lillemustriga korgist crossbody kotiga! Saadaval erinevates stiilides, vastupidava needitud p\u00f5hjaga ja mahutab mugavalt&hellip;<\/p>","protected":false},"featured_media":8862,"comment_status":"open","ping_status":"closed","template":"","meta":{"wprm-recipe-roundup-name":"","wprm-recipe-roundup-description":""},"product_brand":[],"product_cat":[242],"product_tag":[401,202],"class_list":{"0":"post-8856","1":"product","2":"type-product","3":"status-publish","4":"has-post-thumbnail","6":"product_cat-kotid","7":"product_tag-crossbody","8":"product_tag-kott","10":"first","11":"instock","12":"taxable","13":"shipping-taxable","14":"purchasable","15":"product-type-variable"},"supplier_id":null,"supplier_sku":"","barcode":null,"atum_controlled":true,"out_stock_date":null,"out_stock_threshold":null,"inheritable":false,"inbound_stock":0,"stock_on_hold":0,"sold_today":0,"sales_last_days":0,"reserved_stock":0,"customer_returns":0,"warehouse_damage":0,"lost_in_post":0,"other_logs":0,"out_stock_days":0,"lost_sales":0,"has_location":false,"update_date":"2026-03-07T01:16:03","atum_locations":[],"atum_stock_status":"instock","restock_status":false,"low_stock_amount":"","sales_update_date":"2026-03-07T01:16:03","calc_backorders":null,"aioseo_notices":[],"_links":{"self":[{"href":"https:\/\/ecoshop.ee\/fi\/wp-json\/wp\/v2\/product\/8856","targetHints":{"allow":["GET"]}}],"collection":[{"href":"https:\/\/ecoshop.ee\/fi\/wp-json\/wp\/v2\/product"}],"about":[{"href":"https:\/\/ecoshop.ee\/fi\/wp-json\/wp\/v2\/types\/product"}],"replies":[{"embeddable":true,"href":"https:\/\/ecoshop.ee\/fi\/wp-json\/wp\/v2\/comments?post=8856"}],"version-history":[{"count":0,"href":"https:\/\/ecoshop.ee\/fi\/wp-json\/wp\/v2\/product\/8856\/revisions"}],"wp:featuredmedia":[{"embeddable":true,"href":"https:\/\/ecoshop.ee\/fi\/wp-json\/wp\/v2\/media\/8862"}],"wp:attachment":[{"href":"https:\/\/ecoshop.ee\/fi\/wp-json\/wp\/v2\/media?parent=8856"}],"wp:term":[{"taxonomy":"product_brand","embeddable":true,"href":"https:\/\/ecoshop.ee\/fi\/wp-json\/wp\/v2\/product_brand?post=8856"},{"taxonomy":"product_cat","embeddable":true,"href":"https:\/\/ecoshop.ee\/fi\/wp-json\/wp\/v2\/product_cat?post=8856"},{"taxonomy":"product_tag","embeddable":true,"href":"https:\/\/ecoshop.ee\/fi\/wp-json\/wp\/v2\/product_tag?post=8856"}],"curies":[{"name":"wp","href":"https:\/\/api.w.org\/{rel}","templated":true}]}}