{"id":8868,"date":"2024-11-01T19:47:23","date_gmt":"2024-11-01T16:47:23","guid":{"rendered":"https:\/\/ecoshop.ee\/?post_type=product&#038;p=8868"},"modified":"2025-12-25T19:43:06","modified_gmt":"2025-12-25T16:43:06","slug":"korkkimuistikirjateline-magneettikiinnityksella","status":"publish","type":"product","link":"https:\/\/ecoshop.ee\/fi\/tarvikud\/korgist-sulearvutialus-magnetilise-kinnitusega\/","title":{"rendered":"Korkkinen kannettavan tietokoneen teline magneettikiinnityksell\u00e4"},"content":{"rendered":"<p>Kompakti ja kest\u00e4v\u00e4 korkinen kannettavan tietokoneen teline magneettisulkijalla k\u00e4tev\u00e4\u00e4 s\u00e4ilytyst\u00e4 ja kuljetusta varten. Korkkimateriaali tarjoaa vakaan ja ekologisen pohjan, joka parantaa ilmankiertoa ja auttaa est\u00e4m\u00e4\u00e4n kannettavan tietokoneen ylikuumenemisen. Ihanteellinen ratkaisu ergonomisen ty\u00f6paikan luomiseen kotona tai tien p\u00e4\u00e4ll\u00e4. Teline on pakattu kraft-paperilaatikkoon, joten se on loistava lahja.<\/p>\n<p><strong>Mitat:<\/strong><\/p>\n<ul>\n<li>Korkeus: 3,5 cm<\/li>\n<li>Leveys: 3,5 cm<\/li>\n<li>Syvyys taitettuna: 3,5 cm<\/li>\n<li>Syvyys erill\u00e4\u00e4n: 1,8 cm<\/li>\n<\/ul>","protected":false},"excerpt":{"rendered":"<p>Kompaktne ja j\u00e4tkusuutlik korgist s\u00fclearvutialus, millel on magnetiline sulgemine mugavaks hoiustamiseks ja kaasaskandmiseks. Korgimaterjal tagab stabiilse ja \u00f6koloogilise aluse, mis parandab \u00f5huvoolu,&hellip;<\/p>","protected":false},"featured_media":8871,"comment_status":"open","ping_status":"closed","template":"","meta":{"wprm-recipe-roundup-name":"","wprm-recipe-roundup-description":""},"product_brand":[],"product_cat":[245],"product_tag":[402],"class_list":{"0":"post-8868","1":"product","2":"type-product","3":"status-publish","4":"has-post-thumbnail","6":"product_cat-tarvikud","7":"product_tag-alus","9":"first","10":"instock","11":"taxable","12":"shipping-taxable","13":"purchasable","14":"product-type-simple"},"supplier_id":9159,"supplier_sku":"","barcode":null,"atum_controlled":true,"out_stock_date":null,"out_stock_threshold":null,"inheritable":false,"inbound_stock":0,"stock_on_hold":0,"sold_today":0,"sales_last_days":0,"reserved_stock":0,"customer_returns":0,"warehouse_damage":0,"lost_in_post":0,"other_logs":0,"out_stock_days":0,"lost_sales":0,"has_location":false,"update_date":"2026-03-07T01:16:12","atum_locations":[],"atum_stock_status":"instock","restock_status":false,"low_stock_amount":"","sales_update_date":"2026-03-07T01:16:12","calc_backorders":null,"aioseo_notices":[],"_links":{"self":[{"href":"https:\/\/ecoshop.ee\/fi\/wp-json\/wp\/v2\/product\/8868","targetHints":{"allow":["GET"]}}],"collection":[{"href":"https:\/\/ecoshop.ee\/fi\/wp-json\/wp\/v2\/product"}],"about":[{"href":"https:\/\/ecoshop.ee\/fi\/wp-json\/wp\/v2\/types\/product"}],"replies":[{"embeddable":true,"href":"https:\/\/ecoshop.ee\/fi\/wp-json\/wp\/v2\/comments?post=8868"}],"version-history":[{"count":0,"href":"https:\/\/ecoshop.ee\/fi\/wp-json\/wp\/v2\/product\/8868\/revisions"}],"wp:featuredmedia":[{"embeddable":true,"href":"https:\/\/ecoshop.ee\/fi\/wp-json\/wp\/v2\/media\/8871"}],"wp:attachment":[{"href":"https:\/\/ecoshop.ee\/fi\/wp-json\/wp\/v2\/media?parent=8868"}],"wp:term":[{"taxonomy":"product_brand","embeddable":true,"href":"https:\/\/ecoshop.ee\/fi\/wp-json\/wp\/v2\/product_brand?post=8868"},{"taxonomy":"product_cat","embeddable":true,"href":"https:\/\/ecoshop.ee\/fi\/wp-json\/wp\/v2\/product_cat?post=8868"},{"taxonomy":"product_tag","embeddable":true,"href":"https:\/\/ecoshop.ee\/fi\/wp-json\/wp\/v2\/product_tag?post=8868"}],"curies":[{"name":"wp","href":"https:\/\/api.w.org\/{rel}","templated":true}]}}