{"id":8884,"date":"2024-11-01T21:04:16","date_gmt":"2024-11-01T18:04:16","guid":{"rendered":"https:\/\/ecoshop.ee\/?post_type=product&#038;p=8884"},"modified":"2024-11-07T21:24:34","modified_gmt":"2024-11-07T18:24:34","slug":"luonnonkorkkikello-lahjapakkauksessa","status":"publish","type":"product","link":"https:\/\/ecoshop.ee\/fi\/kaekellad-ja-ehted\/looduslikust-korgist-kaekell-kinkekarbis\/","title":{"rendered":"Luonnonkorkkikello lahjapakkauksessa"},"content":{"rendered":"<p>Luonnonkorkista valmistettu kello yhdist\u00e4\u00e4 kest\u00e4v\u00e4n kehityksen ja minimalistisen tyylin. Kellon pehme\u00e4 korkkiranneke takaa mukavan ja kevyen istuvuuden, kun taas kellokuori lis\u00e4\u00e4 modernin ja tyylikk\u00e4\u00e4n ilmeen. Korkkimateriaali on kest\u00e4v\u00e4\u00e4, vedenpit\u00e4v\u00e4\u00e4 ja sopii t\u00e4ydellisesti jokap\u00e4iv\u00e4iseen k\u00e4ytt\u00f6\u00f6n, mik\u00e4 tekee siit\u00e4 sek\u00e4 ymp\u00e4rist\u00f6yst\u00e4v\u00e4llisen ett\u00e4 ajattoman asusteen. T\u00e4m\u00e4 luonnonmateriaalista valmistettu kello sopii mihin tahansa tilaisuuteen, ihanteellinen sek\u00e4 rentoon ett\u00e4 toimistotyyliin. Mukana tulee kaksi vaihdettavaa kelloranneketta.<\/p>\n<p><strong>Koot:<\/strong><\/p>\n<ul>\n<li>Pituus: 23 cm<\/li>\n<li>Kellotaulun leveys: 4 cm<\/li>\n<li>Hihnan leveys: 2 cm<\/li>\n<\/ul>","protected":false},"excerpt":{"rendered":"<p>Looduslikust korgist k\u00e4ekell \u00fchendab j\u00e4tkusuutlikkuse ja minimalistliku stiili. Kella pehme korgirihm tagab mugava ja kerge kandmise ning kellakorpus lisab sellele kaasaegse ja&hellip;<\/p>","protected":false},"featured_media":8887,"comment_status":"open","ping_status":"closed","template":"","meta":{"wprm-recipe-roundup-name":"","wprm-recipe-roundup-description":""},"product_brand":[],"product_cat":[243],"product_tag":[403],"class_list":{"0":"post-8884","1":"product","2":"type-product","3":"status-publish","4":"has-post-thumbnail","6":"product_cat-kaekellad-ja-ehted","7":"product_tag-kaekell","9":"first","10":"instock","11":"taxable","12":"shipping-taxable","13":"purchasable","14":"product-type-simple"},"supplier_id":9159,"supplier_sku":"","barcode":null,"atum_controlled":true,"out_stock_date":null,"out_stock_threshold":null,"inheritable":false,"inbound_stock":0,"stock_on_hold":0,"sold_today":0,"sales_last_days":0,"reserved_stock":0,"customer_returns":0,"warehouse_damage":0,"lost_in_post":0,"other_logs":0,"out_stock_days":0,"lost_sales":0,"has_location":false,"update_date":"2026-03-07T01:16:03","atum_locations":[],"atum_stock_status":"instock","restock_status":false,"low_stock_amount":"","sales_update_date":"2026-03-07T01:16:03","calc_backorders":null,"aioseo_notices":[],"_links":{"self":[{"href":"https:\/\/ecoshop.ee\/fi\/wp-json\/wp\/v2\/product\/8884","targetHints":{"allow":["GET"]}}],"collection":[{"href":"https:\/\/ecoshop.ee\/fi\/wp-json\/wp\/v2\/product"}],"about":[{"href":"https:\/\/ecoshop.ee\/fi\/wp-json\/wp\/v2\/types\/product"}],"replies":[{"embeddable":true,"href":"https:\/\/ecoshop.ee\/fi\/wp-json\/wp\/v2\/comments?post=8884"}],"version-history":[{"count":0,"href":"https:\/\/ecoshop.ee\/fi\/wp-json\/wp\/v2\/product\/8884\/revisions"}],"wp:featuredmedia":[{"embeddable":true,"href":"https:\/\/ecoshop.ee\/fi\/wp-json\/wp\/v2\/media\/8887"}],"wp:attachment":[{"href":"https:\/\/ecoshop.ee\/fi\/wp-json\/wp\/v2\/media?parent=8884"}],"wp:term":[{"taxonomy":"product_brand","embeddable":true,"href":"https:\/\/ecoshop.ee\/fi\/wp-json\/wp\/v2\/product_brand?post=8884"},{"taxonomy":"product_cat","embeddable":true,"href":"https:\/\/ecoshop.ee\/fi\/wp-json\/wp\/v2\/product_cat?post=8884"},{"taxonomy":"product_tag","embeddable":true,"href":"https:\/\/ecoshop.ee\/fi\/wp-json\/wp\/v2\/product_tag?post=8884"}],"curies":[{"name":"wp","href":"https:\/\/api.w.org\/{rel}","templated":true}]}}