{"id":9025,"date":"2024-11-04T17:44:02","date_gmt":"2024-11-04T14:44:02","guid":{"rendered":"https:\/\/ecoshop.ee\/?post_type=product&#038;p=9025"},"modified":"2025-12-25T19:11:14","modified_gmt":"2025-12-25T16:11:14","slug":"chililla-maustetut-mie-nuudelit-luomu-250-g","status":"publish","type":"product","link":"https:\/\/ecoshop.ee\/fi\/pastad-ja-nuudlid\/tsillimaitselised-mie-nuudlid-mahe-250g\/","title":{"rendered":"Chilinmakuisia mie-nuudeleita, luomua, 250 g"},"content":{"rendered":"<p>Etel\u00e4-Aasian keitti\u00f6st\u00e4 inspiraationsa saaneet Real Mie -nuudelit tuovat autenttisen makuel\u00e4myksen ruokiin! N\u00e4m\u00e4 vehn\u00e4jauhoista valmistetut nuudelit tunnetaan paksusta ja makua imev\u00e4st\u00e4 koostumuksestaan. Misses Mie &amp; Mister Mie -nuudelit valmistetaan Saksassa korkealaatuisimmista luomuraaka-aineista, mik\u00e4 takaa hieman mausteisen chilin maun, joka sopii t\u00e4ydellisesti wok-ruokiin, keittoihin ja salaatteihin.<\/p>\n<p>Unohda nopeat muoviset nuudelikupit \u2013 n\u00e4m\u00e4 Mie-nuudelit tarjoavat ravitsevan ja herkullisen vegaanisen kokemuksen, joka nostaa ateriasi uudelle tasolle.<\/p>","protected":false},"excerpt":{"rendered":"<p>T\u00f5elised Mie-nuudlid, inspireeritud L\u00f5una-Aasia k\u00f6\u00f6gist, toovad su toitudesse autentse maitseelamuse! Need nisujahust valmistatud nuudlid on tuntud oma paksuse ja maitsesid h\u00e4sti imava&hellip;<\/p>","protected":false},"featured_media":9026,"comment_status":"open","ping_status":"closed","template":"","meta":{"wprm-recipe-roundup-name":"","wprm-recipe-roundup-description":""},"product_brand":[],"product_cat":[363],"product_tag":[297,377],"class_list":{"0":"post-9025","1":"product","2":"type-product","3":"status-publish","4":"has-post-thumbnail","6":"product_cat-pastad-ja-nuudlid","7":"product_tag-mahe","8":"product_tag-nuudlid","9":"j79_wcxd_expiry_type-best-before","11":"first","12":"outofstock","13":"taxable","14":"shipping-taxable","15":"purchasable","16":"product-type-simple"},"supplier_id":9137,"supplier_sku":"","barcode":"4260501910383","atum_controlled":true,"out_stock_date":"2025-10-18 12:40:50","out_stock_threshold":null,"inheritable":false,"inbound_stock":0,"stock_on_hold":0,"sold_today":0,"sales_last_days":0,"reserved_stock":0,"customer_returns":0,"warehouse_damage":0,"lost_in_post":0,"other_logs":0,"out_stock_days":139,"lost_sales":83,"has_location":false,"update_date":"2026-03-07T01:16:04","atum_locations":[],"atum_stock_status":"outofstock","restock_status":false,"low_stock_amount":"","sales_update_date":"2026-03-07T01:16:04","calc_backorders":null,"aioseo_notices":[],"_links":{"self":[{"href":"https:\/\/ecoshop.ee\/fi\/wp-json\/wp\/v2\/product\/9025","targetHints":{"allow":["GET"]}}],"collection":[{"href":"https:\/\/ecoshop.ee\/fi\/wp-json\/wp\/v2\/product"}],"about":[{"href":"https:\/\/ecoshop.ee\/fi\/wp-json\/wp\/v2\/types\/product"}],"replies":[{"embeddable":true,"href":"https:\/\/ecoshop.ee\/fi\/wp-json\/wp\/v2\/comments?post=9025"}],"version-history":[{"count":0,"href":"https:\/\/ecoshop.ee\/fi\/wp-json\/wp\/v2\/product\/9025\/revisions"}],"wp:featuredmedia":[{"embeddable":true,"href":"https:\/\/ecoshop.ee\/fi\/wp-json\/wp\/v2\/media\/9026"}],"wp:attachment":[{"href":"https:\/\/ecoshop.ee\/fi\/wp-json\/wp\/v2\/media?parent=9025"}],"wp:term":[{"taxonomy":"product_brand","embeddable":true,"href":"https:\/\/ecoshop.ee\/fi\/wp-json\/wp\/v2\/product_brand?post=9025"},{"taxonomy":"product_cat","embeddable":true,"href":"https:\/\/ecoshop.ee\/fi\/wp-json\/wp\/v2\/product_cat?post=9025"},{"taxonomy":"product_tag","embeddable":true,"href":"https:\/\/ecoshop.ee\/fi\/wp-json\/wp\/v2\/product_tag?post=9025"}],"curies":[{"name":"wp","href":"https:\/\/api.w.org\/{rel}","templated":true}]}}