{"id":9096,"date":"2024-11-05T21:33:40","date_gmt":"2024-11-05T18:33:40","guid":{"rendered":"https:\/\/ecoshop.ee\/?post_type=product&#038;p=9096"},"modified":"2026-04-14T00:43:01","modified_gmt":"2026-04-13T21:43:01","slug":"ergonominen-metallinen-hoyla-10-teraa","status":"publish","type":"product","link":"https:\/\/ecoshop.ee\/fi\/raseerijad\/ergonoomiline-metallist-raseerija-10-tera\/","title":{"rendered":"Ergonominen metallinen h\u00f6yl\u00e4 + 10 ter\u00e4\u00e4"},"content":{"rendered":"<p>Uudelleenk\u00e4ytett\u00e4v\u00e4 ruusukullanv\u00e4rinen metallinen h\u00f6yl\u00e4mme on suunniteltu sek\u00e4 miehille ett\u00e4 naisille. Se tarjoaa tarkasti valmistetun ja mukavan, j\u00e4tteett\u00f6m\u00e4n parranajokokemuksen. Kest\u00e4v\u00e4 ja muoviton ratkaisu kaikille, jotka arvostavat laadukasta ja ymp\u00e4rist\u00f6yst\u00e4v\u00e4llist\u00e4 parranajoa. Jokaisessa h\u00f6yl\u00e4ss\u00e4 on teksturoitu kahva ja ergonominen muotoilu, jotka takaavat turvallisen otteen ja helpottavat parran ajamista my\u00f6s vaikeasti tavoitettavissa paikoissa. Suosittelemme t\u00e4m\u00e4n telineen ostamista k\u00e4tev\u00e4\u00e4 s\u00e4ilytyst\u00e4 varten: <a href=\"https:\/\/ecoshop.ee\/fi\/partakoneet\/metallist-raseerija-alus-jamedam\/\" target=\"_blank\" rel=\"noopener\">klikkaa t\u00e4st\u00e4!<\/a><\/p>\n<p>&nbsp;<\/p>\n<p><strong>Setti sis\u00e4lt\u00e4\u00e4:<\/strong><\/p>\n<ul>\n<li>1 x Metallinen Partah\u00f6yl\u00e4 (Ruusukulta)<\/li>\n<li>10 x ter\u00e4sarja<\/li>\n<li>1 x kraft-paperis\u00e4ilytyslaatikko<\/li>\n<\/ul>\n<p><strong>Tuotteen tekniset tiedot:<\/strong><\/p>\n<ul>\n<li>Paino: 210 g<\/li>\n<li>Mitat: 15 cm x 7,1 cm x 4,6 cm<\/li>\n<\/ul>\n<p><strong>Materiaalit<\/strong>:<\/p>\n<ul>\n<li>Messinkiseos, kromattu<\/li>\n<\/ul>","protected":false},"excerpt":{"rendered":"<p>Meie korduvkasutatav roosakuldne metallist raseerija on m\u00f5eldud nii meestele kui naistele, pakkudes t\u00e4pselt viimistletud ja mugavat nullj\u00e4\u00e4tmete raseerimiskogemust. Kestlik ja plastivaba lahendus&hellip;<\/p>","protected":false},"featured_media":9097,"comment_status":"open","ping_status":"closed","template":"","meta":{"wprm-recipe-roundup-name":"","wprm-recipe-roundup-description":""},"product_brand":[12064],"product_cat":[280],"product_tag":[190],"class_list":{"0":"post-9096","1":"product","2":"type-product","3":"status-publish","4":"has-post-thumbnail","6":"product_brand-jungle-culture","7":"product_cat-raseerijad","8":"product_tag-raseerija","10":"first","11":"outofstock","12":"taxable","13":"shipping-taxable","14":"purchasable","15":"product-type-simple"},"supplier_id":9133,"supplier_sku":"","barcode":null,"atum_controlled":true,"out_stock_date":"2025-12-14 19:56:02","out_stock_threshold":null,"inheritable":false,"inbound_stock":0,"stock_on_hold":0,"sold_today":0,"sales_last_days":0,"reserved_stock":0,"customer_returns":0,"warehouse_damage":0,"lost_in_post":0,"other_logs":0,"out_stock_days":120,"lost_sales":350,"has_location":false,"update_date":"2026-04-13T21:43:02","atum_locations":[],"atum_stock_status":"outofstock","restock_status":false,"low_stock_amount":"","sales_update_date":"2026-03-07T01:16:14","calc_backorders":null,"aioseo_notices":[],"_links":{"self":[{"href":"https:\/\/ecoshop.ee\/fi\/wp-json\/wp\/v2\/product\/9096","targetHints":{"allow":["GET"]}}],"collection":[{"href":"https:\/\/ecoshop.ee\/fi\/wp-json\/wp\/v2\/product"}],"about":[{"href":"https:\/\/ecoshop.ee\/fi\/wp-json\/wp\/v2\/types\/product"}],"replies":[{"embeddable":true,"href":"https:\/\/ecoshop.ee\/fi\/wp-json\/wp\/v2\/comments?post=9096"}],"version-history":[{"count":0,"href":"https:\/\/ecoshop.ee\/fi\/wp-json\/wp\/v2\/product\/9096\/revisions"}],"wp:featuredmedia":[{"embeddable":true,"href":"https:\/\/ecoshop.ee\/fi\/wp-json\/wp\/v2\/media\/9097"}],"wp:attachment":[{"href":"https:\/\/ecoshop.ee\/fi\/wp-json\/wp\/v2\/media?parent=9096"}],"wp:term":[{"taxonomy":"product_brand","embeddable":true,"href":"https:\/\/ecoshop.ee\/fi\/wp-json\/wp\/v2\/product_brand?post=9096"},{"taxonomy":"product_cat","embeddable":true,"href":"https:\/\/ecoshop.ee\/fi\/wp-json\/wp\/v2\/product_cat?post=9096"},{"taxonomy":"product_tag","embeddable":true,"href":"https:\/\/ecoshop.ee\/fi\/wp-json\/wp\/v2\/product_tag?post=9096"}],"curies":[{"name":"wp","href":"https:\/\/api.w.org\/{rel}","templated":true}]}}