{"id":9105,"date":"2024-11-05T22:06:01","date_gmt":"2024-11-05T19:06:01","guid":{"rendered":"https:\/\/ecoshop.ee\/?post_type=product&#038;p=9105"},"modified":"2026-05-10T15:30:17","modified_gmt":"2026-05-10T12:30:17","slug":"kattila-ja-pannuharjasetti","status":"publish","type":"product","link":"https:\/\/ecoshop.ee\/fi\/noud-ja-koogitarbed\/potide-ja-pannide-kuurimisharjade-komplekt\/","title":{"rendered":"Kattiloiden ja pannujen hankausharjasetti"},"content":{"rendered":"<p>Kaksiosainen kattila- ja pannuharjasetti sopii t\u00e4ydellisesti monenlaisiin astianpesuteht\u00e4viin. Pehme\u00e4 sisalkuituharja sopii erinomaisesti keramiikan, lasiesineiden ja aterimien puhdistukseen, kun taas tukeva kookoskuituharja selvi\u00e4\u00e4 vaikeista tahroista, uunipelleist\u00e4 ja pannuista. Ergonominen muotoilu takaa mukavan ja turvallisen otteen. Monipuolisia harjoja voidaan k\u00e4ytt\u00e4\u00e4 my\u00f6s vihannesten puhdistukseen, pintojen hankaamiseen ja metallipintojen k\u00e4sittelyyn.<\/p>\n<p><strong>Setti sis\u00e4lt\u00e4\u00e4:<\/strong><\/p>\n<ul>\n<li>1 x pehme\u00e4 sisal-hankausharja<\/li>\n<li>1 x vahva kookoskuituinen hankausharja<\/li>\n<\/ul>\n<p><strong>Tuotteen tekniset tiedot:<\/strong><\/p>\n<ul>\n<li>Paino: 125 g<\/li>\n<li>Mitat: 10 cm x 8 cm x 5,5 cm<\/li>\n<\/ul>\n<p><strong>Materiaalit<\/strong>:<\/p>\n<ul>\n<li>Bambu, sisalkuitu, kookoskuitu<\/li>\n<\/ul>","protected":false},"excerpt":{"rendered":"<p>Meie kaheosaline potide ja pannide k\u00fc\u00fcrimisharjade komplekt sobib suurep\u00e4raselt erinevate n\u00f5udepesut\u00f6\u00f6de jaoks. Pehme sisalkiust hari on ideaalne keraamika, klaasn\u00f5ude ja s\u00f6\u00f6giriistade puhastamiseks,&hellip;<\/p>","protected":false},"featured_media":9107,"comment_status":"open","ping_status":"closed","template":"","meta":{"wprm-recipe-roundup-name":"","wprm-recipe-roundup-description":""},"product_brand":[12064],"product_cat":[247],"product_tag":[187],"class_list":{"0":"post-9105","1":"product","2":"type-product","3":"status-publish","4":"has-post-thumbnail","6":"product_brand-jungle-culture","7":"product_cat-noud-ja-koogitarbed","8":"product_tag-noudepesuharjad","10":"first","11":"instock","12":"taxable","13":"shipping-taxable","14":"purchasable","15":"product-type-simple"},"supplier_id":9133,"supplier_sku":"","barcode":null,"atum_controlled":true,"out_stock_date":null,"out_stock_threshold":null,"inheritable":false,"inbound_stock":0,"stock_on_hold":0,"sold_today":0,"sales_last_days":0,"reserved_stock":0,"customer_returns":0,"warehouse_damage":0,"lost_in_post":0,"other_logs":0,"out_stock_days":0,"lost_sales":0,"has_location":false,"update_date":"2026-05-10T12:31:17","atum_locations":[],"atum_stock_status":"instock","restock_status":false,"low_stock_amount":"","sales_update_date":"2026-05-10T12:31:17","calc_backorders":null,"aioseo_notices":[],"_links":{"self":[{"href":"https:\/\/ecoshop.ee\/fi\/wp-json\/wp\/v2\/product\/9105","targetHints":{"allow":["GET"]}}],"collection":[{"href":"https:\/\/ecoshop.ee\/fi\/wp-json\/wp\/v2\/product"}],"about":[{"href":"https:\/\/ecoshop.ee\/fi\/wp-json\/wp\/v2\/types\/product"}],"replies":[{"embeddable":true,"href":"https:\/\/ecoshop.ee\/fi\/wp-json\/wp\/v2\/comments?post=9105"}],"version-history":[{"count":0,"href":"https:\/\/ecoshop.ee\/fi\/wp-json\/wp\/v2\/product\/9105\/revisions"}],"wp:featuredmedia":[{"embeddable":true,"href":"https:\/\/ecoshop.ee\/fi\/wp-json\/wp\/v2\/media\/9107"}],"wp:attachment":[{"href":"https:\/\/ecoshop.ee\/fi\/wp-json\/wp\/v2\/media?parent=9105"}],"wp:term":[{"taxonomy":"product_brand","embeddable":true,"href":"https:\/\/ecoshop.ee\/fi\/wp-json\/wp\/v2\/product_brand?post=9105"},{"taxonomy":"product_cat","embeddable":true,"href":"https:\/\/ecoshop.ee\/fi\/wp-json\/wp\/v2\/product_cat?post=9105"},{"taxonomy":"product_tag","embeddable":true,"href":"https:\/\/ecoshop.ee\/fi\/wp-json\/wp\/v2\/product_tag?post=9105"}],"curies":[{"name":"wp","href":"https:\/\/api.w.org\/{rel}","templated":true}]}}